{"id":15476,"date":"2026-02-19T01:46:48","date_gmt":"2026-02-18T22:46:48","guid":{"rendered":"https:\/\/deutsche-sprache.com\/inicio\/"},"modified":"2026-05-06T19:05:06","modified_gmt":"2026-05-06T16:05:06","slug":"inicio","status":"publish","type":"page","link":"https:\/\/deutsche-sprache.com\/es\/","title":{"rendered":"Inicio"},"content":{"rendered":"<h1 class=\"wp-block-heading\">Manual de alem\u00e1n \u00abDeutsche Sprache\u00bb<\/h1><figure class=\"wp-block-image size-large\"><img alt=\"\" decoding=\"async\" src=\"https:\/\/deutsche-sprache.com\/wp-content\/uploads\/2025\/09\/&#x41C;&#x43E;&#x43A;&#x430;&#x43F;-&#x441;-&#x43F;&#x435;&#x440;&#x432;&#x43E;&#x433;&#x43E;-&#x44D;&#x43A;&#x440;&#x430;&#x43D;&#x430;-scaled-1-1024x819.webp\" class=\"wp-image-223\"\/><\/figure><h2 class=\"wp-block-heading\">Deutsche Sprache \u04101<\/h2><figure class=\"wp-block-image size-full\"><a><img alt=\"\" decoding=\"async\" src=\"https:\/\/deutsche-sprache.com\/wp-content\/uploads\/2025\/09\/&#x410;1.webp\" class=\"wp-image-175\"\/><\/a><\/figure><div class=\"wp-block-buttons is-layout-flex wp-block-buttons-is-layout-flex\"><div class=\"wp-block-button\"><a class=\"wp-block-button__link\">M\u00e1s informaci\u00f3n<\/a><\/div><\/div>Anf\u00e4nger<h2 class=\"wp-block-heading\">Deutsche Sprache \u04102<\/h2>Grundstufe<div class=\"wp-block-buttons is-layout-flex wp-block-buttons-is-layout-flex\"><div class=\"wp-block-button\"><a class=\"wp-block-button__link\">M\u00e1s informaci\u00f3n<\/a><\/div><\/div><figure class=\"wp-block-image size-full\"><a><img alt=\"\" decoding=\"async\" src=\"https:\/\/deutsche-sprache.com\/wp-content\/uploads\/2025\/09\/&#x410;2-1.webp\" class=\"wp-image-225\"\/><\/a><\/figure><h2 class=\"wp-block-heading\">Deutsche Sprache B1<\/h2>Mittelstufe<div class=\"wp-block-buttons is-layout-flex wp-block-buttons-is-layout-flex\"><div class=\"wp-block-button\"><a class=\"wp-block-button__link\">M\u00e1s informaci\u00f3n<\/a><\/div><\/div><figure class=\"wp-block-image size-full\"><a><img alt=\"\" loading=\"lazy\" decoding=\"async\" width=\"1295\" height=\"1841\" src=\"https:\/\/deutsche-sprache.com\/wp-content\/uploads\/2025\/09\/V1.webp\" class=\"wp-image-548\" srcset=\"https:\/\/deutsche-sprache.com\/wp-content\/uploads\/2025\/09\/V1.webp 1295w, https:\/\/deutsche-sprache.com\/wp-content\/uploads\/2025\/09\/V1-600x853.webp 600w, https:\/\/deutsche-sprache.com\/wp-content\/uploads\/2025\/09\/V1-211x300.webp 211w, https:\/\/deutsche-sprache.com\/wp-content\/uploads\/2025\/09\/V1-720x1024.webp 720w, https:\/\/deutsche-sprache.com\/wp-content\/uploads\/2025\/09\/V1-106x150.webp 106w, https:\/\/deutsche-sprache.com\/wp-content\/uploads\/2025\/09\/V1-768x1092.webp 768w, https:\/\/deutsche-sprache.com\/wp-content\/uploads\/2025\/09\/V1-1080x1536.webp 1080w, https:\/\/deutsche-sprache.com\/wp-content\/uploads\/2025\/09\/V1-1200x1706.webp 1200w\" sizes=\"auto, (max-width: 1295px) 100vw, 1295px\" \/><\/a><\/figure><h2 class=\"wp-block-heading\">Deutsche Sprache B2<\/h2>Fortgeschrittene<div class=\"wp-block-buttons is-layout-flex wp-block-buttons-is-layout-flex\"><div class=\"wp-block-button\"><a class=\"wp-block-button__link\">Pr\u00f3ximamente<\/a><\/div><\/div><figure class=\"wp-block-image size-full\"><img alt=\"\" loading=\"lazy\" decoding=\"async\" width=\"1295\" height=\"1841\" src=\"https:\/\/deutsche-sprache.com\/wp-content\/uploads\/2025\/09\/V2.webp\" class=\"wp-image-227\" srcset=\"https:\/\/deutsche-sprache.com\/wp-content\/uploads\/2025\/09\/V2.webp 1295w, https:\/\/deutsche-sprache.com\/wp-content\/uploads\/2025\/09\/V2-600x853.webp 600w, https:\/\/deutsche-sprache.com\/wp-content\/uploads\/2025\/09\/V2-211x300.webp 211w, https:\/\/deutsche-sprache.com\/wp-content\/uploads\/2025\/09\/V2-720x1024.webp 720w, https:\/\/deutsche-sprache.com\/wp-content\/uploads\/2025\/09\/V2-106x150.webp 106w, https:\/\/deutsche-sprache.com\/wp-content\/uploads\/2025\/09\/V2-768x1092.webp 768w, https:\/\/deutsche-sprache.com\/wp-content\/uploads\/2025\/09\/V2-1080x1536.webp 1080w, https:\/\/deutsche-sprache.com\/wp-content\/uploads\/2025\/09\/V2-1200x1706.webp 1200w\" sizes=\"auto, (max-width: 1295px) 100vw, 1295px\" \/><\/figure><h2 class=\"wp-block-heading\">Manual gratuito<\/h2>Um das Lehrbuch lesen zu k\u00f6nnen, ist eine Registrierung erforderlich.<div class=\"wp-block-buttons is-layout-flex wp-block-buttons-is-layout-flex\"><div class=\"wp-block-button\"><a class=\"wp-block-button__link\">M\u00e1s informaci\u00f3n<\/a><\/div><\/div><figure class=\"wp-block-image size-full\"><a><img alt=\"deutsch im alltag\" loading=\"lazy\" decoding=\"async\" width=\"1295\" height=\"1841\" src=\"https:\/\/deutsche-sprache.com\/wp-content\/uploads\/2025\/11\/deutsch_im_alltag-1.webp\" class=\"wp-image-13597\" srcset=\"https:\/\/deutsche-sprache.com\/wp-content\/uploads\/2025\/11\/deutsch_im_alltag-1.webp 1295w, https:\/\/deutsche-sprache.com\/wp-content\/uploads\/2025\/11\/deutsch_im_alltag-1-211x300.webp 211w, https:\/\/deutsche-sprache.com\/wp-content\/uploads\/2025\/11\/deutsch_im_alltag-1-720x1024.webp 720w, https:\/\/deutsche-sprache.com\/wp-content\/uploads\/2025\/11\/deutsch_im_alltag-1-106x150.webp 106w, https:\/\/deutsche-sprache.com\/wp-content\/uploads\/2025\/11\/deutsch_im_alltag-1-768x1092.webp 768w, https:\/\/deutsche-sprache.com\/wp-content\/uploads\/2025\/11\/deutsch_im_alltag-1-1080x1536.webp 1080w, https:\/\/deutsche-sprache.com\/wp-content\/uploads\/2025\/11\/deutsch_im_alltag-1-1200x1706.webp 1200w, https:\/\/deutsche-sprache.com\/wp-content\/uploads\/2025\/11\/deutsch_im_alltag-1-600x853.webp 600w\" sizes=\"auto, (max-width: 1295px) 100vw, 1295px\" \/><\/a><\/figure><h2 class=\"has-text-align-center wp-block-heading\">Determina tu nivel de idioma<\/h2><div class=\"wp-block-buttons is-layout-flex wp-block-buttons-is-layout-flex\"><div class=\"wp-block-button\"><a class=\"wp-block-button__link\">Hacer la prueba<\/a><\/div><\/div><figure class=\"wp-block-image size-full\"><img alt=\"\" loading=\"lazy\" decoding=\"async\" width=\"899\" height=\"621\" src=\"https:\/\/deutsche-sprache.com\/wp-content\/uploads\/2025\/09\/Group-1000002445-1.webp\" class=\"wp-image-222\" srcset=\"https:\/\/deutsche-sprache.com\/wp-content\/uploads\/2025\/09\/Group-1000002445-1.webp 899w, https:\/\/deutsche-sprache.com\/wp-content\/uploads\/2025\/09\/Group-1000002445-1-600x414.webp 600w, https:\/\/deutsche-sprache.com\/wp-content\/uploads\/2025\/09\/Group-1000002445-1-300x207.webp 300w, https:\/\/deutsche-sprache.com\/wp-content\/uploads\/2025\/09\/Group-1000002445-1-150x104.webp 150w, https:\/\/deutsche-sprache.com\/wp-content\/uploads\/2025\/09\/Group-1000002445-1-768x531.webp 768w\" sizes=\"auto, (max-width: 899px) 100vw, 899px\" \/><\/figure><h2 class=\"wp-block-heading\">Profesor de IA<\/h2>Korrigiert Fehler und hilft, Texte besser zu formulieren.<div class=\"wp-block-buttons is-layout-flex wp-block-buttons-is-layout-flex\"><div class=\"wp-block-button\"><a class=\"wp-block-button__link\">M\u00e1s informaci\u00f3n<\/a><\/div><\/div><figure class=\"wp-block-image size-full\"><a><img alt=\"\u0421\u043d\u0438\u043c\u043e\u043a \u044d\u043a\u0440\u0430\u043d\u0430 2026 03 24 \u0432 23.38.21 1\" decoding=\"async\" src=\"https:\/\/deutsche-sprache.com\/wp-content\/uploads\/2026\/03\/&#x421;&#x43D;&#x438;&#x43C;&#x43E;&#x43A;-&#x44D;&#x43A;&#x440;&#x430;&#x43D;&#x430;-2026-03-24-&#x432;-23.38.21-1.webp\" class=\"wp-image-14462\"\/><\/a><\/figure>","protected":false},"excerpt":{"rendered":"<p>Manual de alem\u00e1n \u00abDeutsche Sprache\u00bb Deutsche Sprache \u04101 Anf\u00e4nger Deutsche Sprache \u04102 Grundstufe Deutsche Sprache B1 Mittelstufe Deutsche Sprache B2 Fortgeschrittene Manual gratuito Um das Lehrbuch lesen zu k\u00f6nnen, ist eine Registrierung erforderlich. Determina tu nivel de idioma Profesor de IA Korrigiert Fehler und hilft, Texte besser zu formulieren.<\/p>\n","protected":false},"author":1,"featured_media":0,"parent":0,"menu_order":0,"comment_status":"closed","ping_status":"closed","template":"","meta":{"_acf_changed":false,"_seopress_robots_primary_cat":"","_seopress_titles_title":"","_seopress_titles_desc":"Aprende alem\u00e1n de forma sencilla y aut\u00f3noma con Deutsche Sprache: gram\u00e1tica clara, vocabulario visual y materiales para todos los niveles.","_seopress_robots_index":"","footnotes":""},"class_list":["post-15476","page","type-page","status-publish"],"acf":{"\u0442\u0435\u043b\u0435\u0444\u043e\u043d":""},"_links":{"self":[{"href":"https:\/\/deutsche-sprache.com\/es\/wp-json\/wp\/v2\/pages\/15476","targetHints":{"allow":["GET"]}}],"collection":[{"href":"https:\/\/deutsche-sprache.com\/es\/wp-json\/wp\/v2\/pages"}],"about":[{"href":"https:\/\/deutsche-sprache.com\/es\/wp-json\/wp\/v2\/types\/page"}],"author":[{"embeddable":true,"href":"https:\/\/deutsche-sprache.com\/es\/wp-json\/wp\/v2\/users\/1"}],"replies":[{"embeddable":true,"href":"https:\/\/deutsche-sprache.com\/es\/wp-json\/wp\/v2\/comments?post=15476"}],"version-history":[{"count":1,"href":"https:\/\/deutsche-sprache.com\/es\/wp-json\/wp\/v2\/pages\/15476\/revisions"}],"predecessor-version":[{"id":15477,"href":"https:\/\/deutsche-sprache.com\/es\/wp-json\/wp\/v2\/pages\/15476\/revisions\/15477"}],"wp:attachment":[{"href":"https:\/\/deutsche-sprache.com\/es\/wp-json\/wp\/v2\/media?parent=15476"}],"curies":[{"name":"wp","href":"https:\/\/api.w.org\/{rel}","templated":true}]}}