{"id":15486,"date":"2025-09-04T11:25:43","date_gmt":"2025-09-04T08:25:43","guid":{"rendered":"https:\/\/deutsche-sprache.com\/mis-libros-de-texto\/"},"modified":"2026-05-06T19:05:18","modified_gmt":"2026-05-06T16:05:18","slug":"mis-libros-de-texto","status":"publish","type":"page","link":"https:\/\/deutsche-sprache.com\/es\/mis-libros-de-texto\/","title":{"rendered":"Mis libros de texto"},"content":{"rendered":"<div class=\"real3dflipbook\" id=\"6_69feaef036818\" style=\"position:absolute;\"><\/div>\n<div class=\"real3dflipbook\" id=\"1_69feaef036b93\" style=\"position:absolute;\"><\/div>\n<div class=\"real3dflipbook\" id=\"3_69feaef036e67\" style=\"position:absolute;\"><\/div>\n<div class=\"real3dflipbook\" id=\"2_69feaef0370d5\" style=\"position:absolute;\"><\/div>\n<h3 class=\"wp-block-heading\">Mi colecci\u00f3n de libros de texto<\/h3><figure class=\"wp-block-image size-full\"><a target=\"_blank\"><img alt=\"\" loading=\"lazy\" decoding=\"async\" width=\"1295\" height=\"1841\" src=\"https:\/\/deutsche-sprache.com\/wp-content\/uploads\/2025\/09\/A1.webp\" class=\"wp-image-546\" srcset=\"https:\/\/deutsche-sprache.com\/wp-content\/uploads\/2025\/09\/A1.webp 1295w, https:\/\/deutsche-sprache.com\/wp-content\/uploads\/2025\/09\/A1-600x853.webp 600w, https:\/\/deutsche-sprache.com\/wp-content\/uploads\/2025\/09\/A1-211x300.webp 211w, https:\/\/deutsche-sprache.com\/wp-content\/uploads\/2025\/09\/A1-720x1024.webp 720w, https:\/\/deutsche-sprache.com\/wp-content\/uploads\/2025\/09\/A1-106x150.webp 106w, https:\/\/deutsche-sprache.com\/wp-content\/uploads\/2025\/09\/A1-768x1092.webp 768w, https:\/\/deutsche-sprache.com\/wp-content\/uploads\/2025\/09\/A1-1080x1536.webp 1080w, https:\/\/deutsche-sprache.com\/wp-content\/uploads\/2025\/09\/A1-1200x1706.webp 1200w\" sizes=\"auto, (max-width: 1295px) 100vw, 1295px\" \/><\/a><\/figure><h5 class=\"wp-block-heading\">Deutsche Sprache \u04101<\/h5><figure class=\"wp-block-image size-large\"><img alt=\"\" loading=\"lazy\" decoding=\"async\" width=\"720\" height=\"1024\" src=\"https:\/\/deutsche-sprache.com\/wp-content\/uploads\/2025\/09\/A1-720x1024.webp\" class=\"wp-image-224\" srcset=\"https:\/\/deutsche-sprache.com\/wp-content\/uploads\/2025\/09\/A1-720x1024.webp 720w, https:\/\/deutsche-sprache.com\/wp-content\/uploads\/2025\/09\/A1-600x853.webp 600w, https:\/\/deutsche-sprache.com\/wp-content\/uploads\/2025\/09\/A1-211x300.webp 211w, https:\/\/deutsche-sprache.com\/wp-content\/uploads\/2025\/09\/A1-106x150.webp 106w, https:\/\/deutsche-sprache.com\/wp-content\/uploads\/2025\/09\/A1-768x1092.webp 768w, https:\/\/deutsche-sprache.com\/wp-content\/uploads\/2025\/09\/A1-1080x1536.webp 1080w, https:\/\/deutsche-sprache.com\/wp-content\/uploads\/2025\/09\/A1-1200x1706.webp 1200w, https:\/\/deutsche-sprache.com\/wp-content\/uploads\/2025\/09\/A1.webp 1295w\" sizes=\"auto, (max-width: 720px) 100vw, 720px\" \/><\/figure><h5 class=\"wp-block-heading\">Deutsche Sprache \u04101<\/h5><figure class=\"wp-block-image size-large\"><a target=\"_blank\"><img alt=\"\" loading=\"lazy\" decoding=\"async\" width=\"720\" height=\"1024\" src=\"https:\/\/deutsche-sprache.com\/wp-content\/uploads\/2025\/09\/V2-720x1024.webp\" class=\"wp-image-227\" srcset=\"https:\/\/deutsche-sprache.com\/wp-content\/uploads\/2025\/09\/V2-720x1024.webp 720w, https:\/\/deutsche-sprache.com\/wp-content\/uploads\/2025\/09\/V2-600x853.webp 600w, https:\/\/deutsche-sprache.com\/wp-content\/uploads\/2025\/09\/V2-211x300.webp 211w, https:\/\/deutsche-sprache.com\/wp-content\/uploads\/2025\/09\/V2-106x150.webp 106w, https:\/\/deutsche-sprache.com\/wp-content\/uploads\/2025\/09\/V2-768x1092.webp 768w, https:\/\/deutsche-sprache.com\/wp-content\/uploads\/2025\/09\/V2-1080x1536.webp 1080w, https:\/\/deutsche-sprache.com\/wp-content\/uploads\/2025\/09\/V2-1200x1706.webp 1200w, https:\/\/deutsche-sprache.com\/wp-content\/uploads\/2025\/09\/V2.webp 1295w\" sizes=\"auto, (max-width: 720px) 100vw, 720px\" \/><\/a><\/figure><h5 class=\"wp-block-heading\">Deutsche Sprache B2<\/h5><figure class=\"wp-block-image size-large\"><img alt=\"\" loading=\"lazy\" decoding=\"async\" width=\"720\" height=\"1024\" src=\"https:\/\/deutsche-sprache.com\/wp-content\/uploads\/2025\/09\/V2-720x1024.webp\" class=\"wp-image-227\" srcset=\"https:\/\/deutsche-sprache.com\/wp-content\/uploads\/2025\/09\/V2-720x1024.webp 720w, https:\/\/deutsche-sprache.com\/wp-content\/uploads\/2025\/09\/V2-600x853.webp 600w, https:\/\/deutsche-sprache.com\/wp-content\/uploads\/2025\/09\/V2-211x300.webp 211w, https:\/\/deutsche-sprache.com\/wp-content\/uploads\/2025\/09\/V2-106x150.webp 106w, https:\/\/deutsche-sprache.com\/wp-content\/uploads\/2025\/09\/V2-768x1092.webp 768w, https:\/\/deutsche-sprache.com\/wp-content\/uploads\/2025\/09\/V2-1080x1536.webp 1080w, https:\/\/deutsche-sprache.com\/wp-content\/uploads\/2025\/09\/V2-1200x1706.webp 1200w, https:\/\/deutsche-sprache.com\/wp-content\/uploads\/2025\/09\/V2.webp 1295w\" sizes=\"auto, (max-width: 720px) 100vw, 720px\" \/><\/figure><h5 class=\"wp-block-heading\">Deutsche Sprache B2<\/h5><figure class=\"wp-block-image size-full\"><a target=\"_blank\"><img alt=\"\" loading=\"lazy\" decoding=\"async\" width=\"1295\" height=\"1841\" src=\"https:\/\/deutsche-sprache.com\/wp-content\/uploads\/2025\/09\/V1.webp\" class=\"wp-image-226\" srcset=\"https:\/\/deutsche-sprache.com\/wp-content\/uploads\/2025\/09\/V1.webp 1295w, https:\/\/deutsche-sprache.com\/wp-content\/uploads\/2025\/09\/V1-600x853.webp 600w, https:\/\/deutsche-sprache.com\/wp-content\/uploads\/2025\/09\/V1-211x300.webp 211w, https:\/\/deutsche-sprache.com\/wp-content\/uploads\/2025\/09\/V1-720x1024.webp 720w, https:\/\/deutsche-sprache.com\/wp-content\/uploads\/2025\/09\/V1-106x150.webp 106w, https:\/\/deutsche-sprache.com\/wp-content\/uploads\/2025\/09\/V1-768x1092.webp 768w, https:\/\/deutsche-sprache.com\/wp-content\/uploads\/2025\/09\/V1-1080x1536.webp 1080w, https:\/\/deutsche-sprache.com\/wp-content\/uploads\/2025\/09\/V1-1200x1706.webp 1200w\" sizes=\"auto, (max-width: 1295px) 100vw, 1295px\" \/><\/a><\/figure><h5 class=\"wp-block-heading\">Deutsche Sprache B1<\/h5><figure class=\"wp-block-image size-full\"><img alt=\"\" loading=\"lazy\" decoding=\"async\" width=\"1295\" height=\"1841\" src=\"https:\/\/deutsche-sprache.com\/wp-content\/uploads\/2025\/09\/V1.webp\" class=\"wp-image-226\" srcset=\"https:\/\/deutsche-sprache.com\/wp-content\/uploads\/2025\/09\/V1.webp 1295w, https:\/\/deutsche-sprache.com\/wp-content\/uploads\/2025\/09\/V1-600x853.webp 600w, https:\/\/deutsche-sprache.com\/wp-content\/uploads\/2025\/09\/V1-211x300.webp 211w, https:\/\/deutsche-sprache.com\/wp-content\/uploads\/2025\/09\/V1-720x1024.webp 720w, https:\/\/deutsche-sprache.com\/wp-content\/uploads\/2025\/09\/V1-106x150.webp 106w, https:\/\/deutsche-sprache.com\/wp-content\/uploads\/2025\/09\/V1-768x1092.webp 768w, https:\/\/deutsche-sprache.com\/wp-content\/uploads\/2025\/09\/V1-1080x1536.webp 1080w, https:\/\/deutsche-sprache.com\/wp-content\/uploads\/2025\/09\/V1-1200x1706.webp 1200w\" sizes=\"auto, (max-width: 1295px) 100vw, 1295px\" \/><\/figure><h5 class=\"wp-block-heading\">Deutsche Sprache B1<\/h5><figure class=\"wp-block-image size-large\"><a target=\"_blank\"><img alt=\"\" decoding=\"async\" src=\"https:\/\/deutsche-sprache.com\/wp-content\/uploads\/2025\/09\/&#x410;2-1-720x1024.webp\" class=\"wp-image-225\"\/><\/a><\/figure><h5 class=\"wp-block-heading\">Deutsche Sprache \u04102<\/h5><figure class=\"wp-block-image size-large\"><img alt=\"\" decoding=\"async\" src=\"https:\/\/deutsche-sprache.com\/wp-content\/uploads\/2025\/09\/&#x410;2-1-720x1024.webp\" class=\"wp-image-225\"\/><\/figure><h5 class=\"wp-block-heading\">Deutsche Sprache \u04102<\/h5><h4 class=\"wp-block-heading\">Consulta nuestros libros de texto<\/h4><p>Esta secci\u00f3n solo es visible para usuarios registrados.<\/p>\n<p>Para verla, inicia sesi\u00f3n con tu nombre de usuario y contrase\u00f1a.<\/p><figure class=\"wp-block-image size-full\"><a target=\"_blank\"><img alt=\"deutsch im alltag\" loading=\"lazy\" decoding=\"async\" width=\"1295\" height=\"1841\" src=\"https:\/\/deutsche-sprache.com\/wp-content\/uploads\/2025\/11\/deutsch_im_alltag.webp\" class=\"wp-image-8989\" srcset=\"https:\/\/deutsche-sprache.com\/wp-content\/uploads\/2025\/11\/deutsch_im_alltag.webp 1295w, https:\/\/deutsche-sprache.com\/wp-content\/uploads\/2025\/11\/deutsch_im_alltag-211x300.webp 211w, https:\/\/deutsche-sprache.com\/wp-content\/uploads\/2025\/11\/deutsch_im_alltag-720x1024.webp 720w, https:\/\/deutsche-sprache.com\/wp-content\/uploads\/2025\/11\/deutsch_im_alltag-106x150.webp 106w, https:\/\/deutsche-sprache.com\/wp-content\/uploads\/2025\/11\/deutsch_im_alltag-768x1092.webp 768w, https:\/\/deutsche-sprache.com\/wp-content\/uploads\/2025\/11\/deutsch_im_alltag-1080x1536.webp 1080w, https:\/\/deutsche-sprache.com\/wp-content\/uploads\/2025\/11\/deutsch_im_alltag-1200x1706.webp 1200w, https:\/\/deutsche-sprache.com\/wp-content\/uploads\/2025\/11\/deutsch_im_alltag-600x853.webp 600w\" sizes=\"auto, (max-width: 1295px) 100vw, 1295px\" \/><\/a><\/figure><h5 class=\"wp-block-heading\">Alem\u00e1n en la vida cotidiana<\/h5><div class=\"wp-block-buttons is-layout-flex wp-block-buttons-is-layout-flex\"><div class=\"wp-block-button\"><a class=\"wp-block-button__link\">Iniciar sesi\u00f3n o registrarse<\/a><\/div><\/div>","protected":false},"excerpt":{"rendered":"<p>Mi colecci\u00f3n de libros de texto Deutsche Sprache \u04101 Deutsche Sprache \u04101 Deutsche Sprache B2 Deutsche Sprache B2 Deutsche Sprache B1 Deutsche Sprache B1 Deutsche Sprache \u04102 Deutsche Sprache \u04102 Consulta nuestros libros de texto Esta secci\u00f3n solo es visible para usuarios registrados. Para verla, inicia sesi\u00f3n con tu nombre de usuario y contrase\u00f1a. Alem\u00e1n [&hellip;]<\/p>\n","protected":false},"author":1,"featured_media":0,"parent":0,"menu_order":0,"comment_status":"closed","ping_status":"closed","template":"","meta":{"_acf_changed":false,"_seopress_robots_primary_cat":"","_seopress_titles_title":"","_seopress_titles_desc":"Accede a tu colecci\u00f3n de libros de texto Deutsche Sprache y consulta los materiales disponibles para tu cuenta.","_seopress_robots_index":"","footnotes":""},"class_list":["post-15486","page","type-page","status-publish"],"acf":{"\u0442\u0435\u043b\u0435\u0444\u043e\u043d":""},"_links":{"self":[{"href":"https:\/\/deutsche-sprache.com\/es\/wp-json\/wp\/v2\/pages\/15486","targetHints":{"allow":["GET"]}}],"collection":[{"href":"https:\/\/deutsche-sprache.com\/es\/wp-json\/wp\/v2\/pages"}],"about":[{"href":"https:\/\/deutsche-sprache.com\/es\/wp-json\/wp\/v2\/types\/page"}],"author":[{"embeddable":true,"href":"https:\/\/deutsche-sprache.com\/es\/wp-json\/wp\/v2\/users\/1"}],"replies":[{"embeddable":true,"href":"https:\/\/deutsche-sprache.com\/es\/wp-json\/wp\/v2\/comments?post=15486"}],"version-history":[{"count":1,"href":"https:\/\/deutsche-sprache.com\/es\/wp-json\/wp\/v2\/pages\/15486\/revisions"}],"predecessor-version":[{"id":15487,"href":"https:\/\/deutsche-sprache.com\/es\/wp-json\/wp\/v2\/pages\/15486\/revisions\/15487"}],"wp:attachment":[{"href":"https:\/\/deutsche-sprache.com\/es\/wp-json\/wp\/v2\/media?parent=15486"}],"curies":[{"name":"wp","href":"https:\/\/api.w.org\/{rel}","templated":true}]}}