{"id":15491,"date":"2025-09-09T13:00:47","date_gmt":"2025-09-09T10:00:47","guid":{"rendered":"https:\/\/deutsche-sprache.com\/derechos-de-autor-y-uso-de-contenidos-digitales\/"},"modified":"2026-05-06T19:05:23","modified_gmt":"2026-05-06T16:05:23","slug":"derechos-de-autor-y-uso-de-contenidos-digitales","status":"publish","type":"page","link":"https:\/\/deutsche-sprache.com\/es\/derechos-de-autor-y-uso-de-contenidos-digitales\/","title":{"rendered":"Derechos de autor y uso de contenidos digitales"},"content":{"rendered":"<h3 class=\"wp-block-heading\">{post_title}<\/h3><h5><strong>\n<p><span style=\"font-weight: 400;\">Todo el contenido digital (incluidos libros en l\u00ednea, archivos PDF, ejercicios interactivos y materiales de aprendizaje) ofrecido en www.deutsche-sprache.com est\u00e1 sujeto a protecci\u00f3n de derechos de autor seg\u00fan las leyes alemanas y europeas.<\/span><\/p>\n<ol>\n<li><b> Lizenzbedingungen<\/b><\/li>\n<\/ol>\n<p><span style=\"font-weight: 400;\">Al comprar un libro digital, recibe una licencia simple, no exclusiva e intransferible para uso personal. Esta licencia le da derecho exclusivamente a utilizar el contenido relevante en l\u00ednea a trav\u00e9s de su cuenta de usuario personal durante un per\u00edodo de un (1) a\u00f1o a partir de la fecha de compra. <\/span><span style=\"font-weight: 400;\"><br\/><\/span><span style=\"font-weight: 400;\"><br\/><\/span><span style=\"font-weight: 400;\">El acceso es exclusivamente a trav\u00e9s de nuestra plataforma. No se pretende descargar, poseer permanentemente ni exportar el contenido. <\/span><\/p>\n<ol start=\"2\">\n<li><b> Untersagte Nutzungsformen<\/b><\/li>\n<\/ol>\n<p><span style=\"font-weight: 400;\">En particular, no est\u00e1 permitido:<\/span><span style=\"font-weight: 400;\"><br\/><\/span><span style=\"font-weight: 400;\">&#8211; transmitir datos de acceso o contenidos a terceros,<\/span><span style=\"font-weight: 400;\"><br\/><\/span><span style=\"font-weight: 400;\">&#8211; realizar copias, capturas de pantalla, impresiones o transcripciones,<\/span><span style=\"font-weight: 400;\"><br\/><\/span><span style=\"font-weight: 400;\">&#8211; guardar o archivar el contenido en dispositivos externos,<\/span><span style=\"font-weight: 400;\"><br\/><\/span><span style=\"font-weight: 400;\">&#8211; la publicaci\u00f3n, distribuci\u00f3n o venta de los materiales,<\/span><span style=\"font-weight: 400;\"><br\/><\/span><span style=\"font-weight: 400;\">&#8211; cualquier forma de uso comercial o exhibici\u00f3n p\u00fablica.<\/span><span style=\"font-weight: 400;\"><br\/><\/span><span style=\"font-weight: 400;\"><br\/><\/span><span style=\"font-weight: 400;\">La violaci\u00f3n de estas disposiciones resultar\u00e1 en la terminaci\u00f3n inmediata de los derechos de licencia y puede resultar en un proceso civil.<\/span><\/p>\n<ol start=\"3\">\n<li><b> Schutzma\u00dfnahmen<\/b><\/li>\n<\/ol>\n<p><span style=\"font-weight: 400;\">Para evitar un mal uso se utilizan medidas t\u00e9cnicas de protecci\u00f3n como seguimiento de sesiones, an\u00e1lisis de IP o marcas de agua. Los usuarios aceptan expresamente estas medidas mediante la compra y el uso. <\/span><\/p>\n<ol start=\"4\">\n<li><b> Preis und G\u00fcltigkeit<\/b><\/li>\n<\/ol>\n<p><span style=\"font-weight: 400;\">El precio por libro en l\u00ednea es de 40\u20ac. La licencia es v\u00e1lida por 12 meses a partir de la fecha de compra y finaliza autom\u00e1ticamente. Es posible una pr\u00f3rroga a petici\u00f3n del cliente, pero requiere un acuerdo por separado.  <\/span><\/p>\n<ol start=\"5\">\n<li><b> Rechtliche Hinweise<\/b><\/li>\n<\/ol>\n<p><span style=\"font-weight: 400;\">Nos reservamos el derecho de emprender acciones legales en caso de mal uso o infracci\u00f3n de derechos de autor. Esto puede dar lugar a reclamaciones por da\u00f1os y perjuicios, acciones penales y bloqueo permanente del acceso. <\/span><span style=\"font-weight: 400;\"><br\/><\/span><span style=\"font-weight: 400;\"><br\/><\/span><span style=\"font-weight: 400;\">Si tiene alguna pregunta o problema con respecto al uso digital, comun\u00edquese con: admin@deutsche-sprache.com.<\/span><\/p>\n<h5><strong><\/strong><\/h5><\/strong><\/h5>","protected":false},"excerpt":{"rendered":"<p>{post_title} Todo el contenido digital (incluidos libros en l\u00ednea, archivos PDF, ejercicios interactivos y materiales de aprendizaje) ofrecido en www.deutsche-sprache.com est\u00e1 sujeto a protecci\u00f3n de derechos de autor seg\u00fan las leyes alemanas y europeas. Lizenzbedingungen Al comprar un libro digital, recibe una licencia simple, no exclusiva e intransferible para uso personal. Esta licencia le da [&hellip;]<\/p>\n","protected":false},"author":1,"featured_media":0,"parent":0,"menu_order":0,"comment_status":"closed","ping_status":"closed","template":"","meta":{"_acf_changed":false,"_seopress_robots_primary_cat":"","_seopress_titles_title":"","_seopress_titles_desc":"Informaci\u00f3n sobre derechos de autor y uso de contenidos digitales de Deutsche Sprache.","_seopress_robots_index":"","footnotes":""},"class_list":["post-15491","page","type-page","status-publish"],"acf":{"\u0442\u0435\u043b\u0435\u0444\u043e\u043d":""},"_links":{"self":[{"href":"https:\/\/deutsche-sprache.com\/es\/wp-json\/wp\/v2\/pages\/15491","targetHints":{"allow":["GET"]}}],"collection":[{"href":"https:\/\/deutsche-sprache.com\/es\/wp-json\/wp\/v2\/pages"}],"about":[{"href":"https:\/\/deutsche-sprache.com\/es\/wp-json\/wp\/v2\/types\/page"}],"author":[{"embeddable":true,"href":"https:\/\/deutsche-sprache.com\/es\/wp-json\/wp\/v2\/users\/1"}],"replies":[{"embeddable":true,"href":"https:\/\/deutsche-sprache.com\/es\/wp-json\/wp\/v2\/comments?post=15491"}],"version-history":[{"count":1,"href":"https:\/\/deutsche-sprache.com\/es\/wp-json\/wp\/v2\/pages\/15491\/revisions"}],"predecessor-version":[{"id":15492,"href":"https:\/\/deutsche-sprache.com\/es\/wp-json\/wp\/v2\/pages\/15491\/revisions\/15492"}],"wp:attachment":[{"href":"https:\/\/deutsche-sprache.com\/es\/wp-json\/wp\/v2\/media?parent=15491"}],"curies":[{"name":"wp","href":"https:\/\/api.w.org\/{rel}","templated":true}]}}