{"id":15495,"date":"2025-09-09T12:50:12","date_gmt":"2025-09-09T09:50:12","guid":{"rendered":"https:\/\/deutsche-sprache.com\/politica-de-desistimiento-y-reclamaciones\/"},"modified":"2026-05-06T19:05:28","modified_gmt":"2026-05-06T16:05:28","slug":"politica-de-desistimiento-y-reclamaciones","status":"publish","type":"page","link":"https:\/\/deutsche-sprache.com\/es\/politica-de-desistimiento-y-reclamaciones\/","title":{"rendered":"Pol\u00edtica de desistimiento y reclamaciones"},"content":{"rendered":"<h3 class=\"wp-block-heading\">{post_title}<\/h3><p><b>Derecho de desistimiento<\/b><\/p>\n<p><span style=\"font-weight: 400;\">Tiene derecho a desistir de este contrato dentro de los catorce d\u00edas sin dar ning\u00fan motivo. El plazo de desistimiento es de catorce d\u00edas a partir del d\u00eda en que usted o un tercero nombrado por usted, que no sea el transportista, tom\u00f3 posesi\u00f3n de la mercanc\u00eda. <\/span><span style=\"font-weight: 400;\"><br\/><\/span><span style=\"font-weight: 400;\">En el caso de contenidos digitales que no se entregan en un soporte f\u00edsico (p.<\/span><span style=\"font-weight: 400;\"> ej.<\/span><span style=\"font-weight: 400;\"> ejercicios en l\u00ednea, libros electr\u00f3nicos, v\u00eddeos), el plazo de desistimiento comienza con la celebraci\u00f3n del contrato.<\/span><\/p>\n<p><span style=\"font-weight: 400;\"><br\/><\/span><span style=\"font-weight: 400;\">Para ejercer su derecho de desistimiento debe contactar con nosotros<\/span><span style=\"font-weight: 400;\"><br\/><\/span><span style=\"font-weight: 400;\">Dipl.-Ing. German Gazeev<br\/>Helgol\u00e4nder Str. 2A<br\/>30163 Hannover<br\/><br\/>Contacto:<br\/>Persona de contacto: Dipl.-Ing. German Gazeev<\/span><span style=\"font-weight: 400;\">Correo electr\u00f3nico: admin@deutsche-sprache.com<\/span><span style=\"font-weight: 400;\"><br\/><\/span><span style=\"font-weight: 400;\"><br\/><\/span><span style=\"font-weight: 400;\">mediante una declaraci\u00f3n inequ\u00edvoca (p.<\/span><span style=\"font-weight: 400;\">\u202f<\/span><span style=\"font-weight: 400;\">ej., una carta enviada por correo postal o por correo electr\u00f3nico) inform\u00e1ndonos de tu decisi\u00f3n de desistir de este contrato. Puedes utilizar para ello el modelo de formulario de desistimiento adjunto, aunque no es obligatorio. <\/span><span style=\"font-weight: 400;\"><br\/><\/span><span style=\"font-weight: 400;\"><br\/><\/span><span style=\"font-weight: 400;\">Para cumplir el plazo de desistimiento, basta con que env\u00ede la notificaci\u00f3n de su ejercicio del derecho de desistimiento antes de que expire el plazo.<\/span><\/p>\n<p><b>Consecuencias del desistimiento<\/b><\/p>\n<p><span style=\"font-weight: 400;\">Si revoca este contrato, debemos reembolsarle todos los pagos que hemos recibido de usted, incluidos los costos de env\u00edo (con la excepci\u00f3n de los costos adicionales resultantes de su elecci\u00f3n de un tipo de entrega diferente a la entrega est\u00e1ndar m\u00e1s barata que ofrecemos), inmediatamente y a m\u00e1s tardar dentro de los catorce d\u00edas a partir del d\u00eda en que recibimos la notificaci\u00f3n de su revocaci\u00f3n.<\/span><span style=\"font-weight: 400;\"><br\/><\/span><span style=\"font-weight: 400;\">Para este reembolso utilizamos el mismo m\u00e9todo de pago que usted utiliz\u00f3 para la transacci\u00f3n original, a menos que se haya acordado expresamente algo diferente con usted; bajo ninguna circunstancia se le cobrar\u00e1 ninguna tarifa como resultado de este reembolso.<\/span><span style=\"font-weight: 400;\"><br\/><\/span><span style=\"font-weight: 400;\">Podemos rechazar el reembolso hasta que hayamos recibido la mercanc\u00eda de vuelta.<\/span><span style=\"font-weight: 400;\"><br\/><\/span><span style=\"font-weight: 400;\">Deber\u00e1 devolvernos o entregarnos la mercanc\u00eda inmediatamente y en cualquier caso a m\u00e1s tardar catorce d\u00edas a partir del d\u00eda en que nos notifique su desistimiento de este contrato. El plazo se cumple si env\u00eda la mercanc\u00eda antes de que expire el plazo de catorce d\u00edas. <\/span><span style=\"font-weight: 400;\"><br\/><\/span><span style=\"font-weight: 400;\">Usted asume los costes directos de devoluci\u00f3n de la mercanc\u00eda.<\/span><\/p>\n<p><b>Exclusi\u00f3n o extinci\u00f3n anticipada del derecho de desistimiento<\/b><\/p>\n<p><span style=\"font-weight: 400;\">El derecho de desistimiento no se aplica a los contratos para la entrega de contenidos digitales que no se entregan en un soporte f\u00edsico si el empresario ha comenzado a ejecutar el contrato despu\u00e9s de que el consumidor haya aceptado expresamente que el empresario comenzar\u00e1 a ejecutar el contrato antes de que finalice el plazo de desistimiento y haya confirmado su conocimiento de que, al dar su consentimiento, perder\u00e1 su derecho de desistimiento desde el inicio de la ejecuci\u00f3n.<\/span><\/p>\n<p><b>Devoluci\u00f3n y estado de la mercanc\u00eda<\/b><\/p>\n<p><span style=\"font-weight: 400;\">Por favor env\u00ede \u00fanicamente libros devueltos en perfectas condiciones. La devoluci\u00f3n s\u00f3lo es posible si el libro no ha sufrido da\u00f1os, no ha sido escrito sobre \u00e9l y no ha sido utilizado m\u00e1s all\u00e1 de los l\u00edmites habituales. <\/span><span style=\"font-weight: 400;\"><br\/><\/span><span style=\"font-weight: 400;\">Para devoluciones con claros signos de uso (por ejemplo,<\/span><span style=\"font-weight: 400;\"><span style=\"font-weight: 400;\">B. notas escritas a mano, art\u00edculos desgastados, manchas o rasgaduras), nos reservamos el derecho de deducir un reemplazo de valor o de rechazar la devoluci\u00f3n si la condici\u00f3n va m\u00e1s all\u00e1 de una inspecci\u00f3n normal.<\/span><\/span><span style=\"font-weight: 400;\"><br\/><\/span><span style=\"font-weight: 400;\">El comprador es responsable de cualquier p\u00e9rdida de valor de la mercanc\u00eda si \u00e9sta se debe a una manipulaci\u00f3n que no sea necesaria para comprobar el estado, las propiedades y la funcionalidad.<\/span><\/p>\n<p><b>Reclamaci\u00f3n por entrega da\u00f1ada<\/b><\/p>\n<p><span style=\"font-weight: 400;\">Si el producto est\u00e1 da\u00f1ado o defectuoso en el momento de la entrega, comun\u00edquese con nosotros inmediatamente por correo electr\u00f3nico a admin@deutsche-sprache.com. Nos encargaremos de un reemplazo o reembolso lo m\u00e1s r\u00e1pido posible. <\/span><\/p>\n<p><b>Modelo de formulario de desistimiento<\/b><\/p>\n<p><span style=\"font-weight: 400;\">Si desea cancelar el contrato, por favor rellene este formulario y env\u00edelo de nuevo a:<\/span><span style=\"font-weight: 400;\"><br\/><\/span><span style=\"font-weight: 400;\"><br\/><\/span><span style=\"font-weight: 400;\">Dipl.-Ing. German Gazeev<br\/>Helgol\u00e4nder Str. 2A<br\/>30163 Hannover<br\/><br\/>Contacto:<br\/>Persona de contacto: Dipl.-Ing. German Gazeev<\/span><span style=\"font-weight: 400;\">Correo electr\u00f3nico: admin@deutsche-sprache.com<\/span><span style=\"font-weight: 400;\"><br\/><\/span><span style=\"font-weight: 400;\"><br\/><\/span><span style=\"font-weight: 400;\">Por la presente revoco el contrato que he celebrado para la compra de los siguientes bienes\/la prestaci\u00f3n de los siguientes servicios:<\/span><span style=\"font-weight: 400;\"><br\/><\/span><span style=\"font-weight: 400;\">________________________________________________________<\/span><span style=\"font-weight: 400;\"><br\/><\/span><span style=\"font-weight: 400;\">Pedido el: ___________________<\/span><span style=\"font-weight: 400;\"><br\/><\/span><span style=\"font-weight: 400;\">Recibido el: ___________________<\/span><span style=\"font-weight: 400;\"><br\/><\/span><span style=\"font-weight: 400;\">Nombre del consumidor: _________________________________<\/span><span style=\"font-weight: 400;\"><br\/><\/span><span style=\"font-weight: 400;\">Direcci\u00f3n del consumidor: _____________________________<\/span><span style=\"font-weight: 400;\"><br\/><\/span><span style=\"font-weight: 400;\">________________________________________________________<\/span><span style=\"font-weight: 400;\"><br\/><\/span><span style=\"font-weight: 400;\">Firma del consumidor (solo si la comunicaci\u00f3n se realiza en papel):<\/span><span style=\"font-weight: 400;\"><br\/><\/span><span style=\"font-weight: 400;\">________________________________________________________<\/span><span style=\"font-weight: 400;\"><br\/><\/span><span style=\"font-weight: 400;\">Fecha: ___________________<\/span><\/p>","protected":false},"excerpt":{"rendered":"<p>{post_title} Derecho de desistimiento Tiene derecho a desistir de este contrato dentro de los catorce d\u00edas sin dar ning\u00fan motivo. El plazo de desistimiento es de catorce d\u00edas a partir del d\u00eda en que usted o un tercero nombrado por usted, que no sea el transportista, tom\u00f3 posesi\u00f3n de la mercanc\u00eda. En el caso de [&hellip;]<\/p>\n","protected":false},"author":1,"featured_media":0,"parent":0,"menu_order":0,"comment_status":"closed","ping_status":"closed","template":"","meta":{"_acf_changed":false,"_seopress_robots_primary_cat":"","_seopress_titles_title":"","_seopress_titles_desc":"Pol\u00edtica de desistimiento y reclamaciones de Deutsche Sprache: plazos, devoluciones, da\u00f1os de transporte y formulario de desistimiento.","_seopress_robots_index":"","footnotes":""},"class_list":["post-15495","page","type-page","status-publish"],"acf":{"\u0442\u0435\u043b\u0435\u0444\u043e\u043d":""},"_links":{"self":[{"href":"https:\/\/deutsche-sprache.com\/es\/wp-json\/wp\/v2\/pages\/15495","targetHints":{"allow":["GET"]}}],"collection":[{"href":"https:\/\/deutsche-sprache.com\/es\/wp-json\/wp\/v2\/pages"}],"about":[{"href":"https:\/\/deutsche-sprache.com\/es\/wp-json\/wp\/v2\/types\/page"}],"author":[{"embeddable":true,"href":"https:\/\/deutsche-sprache.com\/es\/wp-json\/wp\/v2\/users\/1"}],"replies":[{"embeddable":true,"href":"https:\/\/deutsche-sprache.com\/es\/wp-json\/wp\/v2\/comments?post=15495"}],"version-history":[{"count":1,"href":"https:\/\/deutsche-sprache.com\/es\/wp-json\/wp\/v2\/pages\/15495\/revisions"}],"predecessor-version":[{"id":15496,"href":"https:\/\/deutsche-sprache.com\/es\/wp-json\/wp\/v2\/pages\/15495\/revisions\/15496"}],"wp:attachment":[{"href":"https:\/\/deutsche-sprache.com\/es\/wp-json\/wp\/v2\/media?parent=15495"}],"curies":[{"name":"wp","href":"https:\/\/api.w.org\/{rel}","templated":true}]}}