{"id":15497,"date":"2025-09-03T07:52:35","date_gmt":"2025-09-03T04:52:35","guid":{"rendered":"https:\/\/deutsche-sprache.com\/politica-de-privacidad\/"},"modified":"2026-05-06T19:05:30","modified_gmt":"2026-05-06T16:05:30","slug":"politica-de-privacidad","status":"publish","type":"page","link":"https:\/\/deutsche-sprache.com\/es\/politica-de-privacidad\/","title":{"rendered":"Pol\u00edtica de privacidad"},"content":{"rendered":"<h3 class=\"wp-block-heading\">{post_title}<\/h3><h5><strong>\n<p>Responsable seg\u00fan el art\u00edculo 7 apartado 4 del Reglamento General de Protecci\u00f3n de Datos de la UE (GDPR):<\/p>\n<p>\u00a0<\/p>\n<p>Dipl.-Ing. German Gazeev<br\/>Helgol\u00e4nder Str. 2A<br\/>30163 Hannover<br\/><br\/>Contacto:<br\/>Persona de contacto: Dipl.-Ing. German Gazeev<\/p>\n<p>admin@deutsche-sprache.com<\/p>\n<p>\u00a0<\/p>\n<p>El uso de este sitio web es generalmente posible sin proporcionar datos personales. Si en nuestras p\u00e1ginas se recopilan datos personales (por ejemplo, nombre, direcci\u00f3n o direcciones de correo electr\u00f3nico), esto se hace siempre de forma voluntaria, en la medida de lo posible. Estos datos no ser\u00e1n cedidos a terceros sin su expreso consentimiento.  <\/p>\n<p>Nos gustar\u00eda se\u00f1alar que la transmisi\u00f3n de datos a trav\u00e9s de Internet (p. ej., en la comunicaci\u00f3n por correo electr\u00f3nico) puede tener lagunas de seguridad. No es posible una protecci\u00f3n completa de los datos frente al acceso de terceros. <\/p>\n<p>Queda expresamente prohibido el uso de los datos de contacto publicados como parte de la obligaci\u00f3n del pie de imprenta por parte de terceros para enviar publicidad y materiales informativos no solicitados. Los operadores del sitio web se reservan el derecho de emprender acciones legales en caso de env\u00edo de informaci\u00f3n publicitaria no solicitada, como por ejemplo correos electr\u00f3nicos no deseados. <\/p>\n<p>\u00a0<\/p>\n<p><strong>Recopilaci\u00f3n de datos de acceso<\/strong><\/p>\n<p>El proveedor recopila temporalmente datos sobre cada acceso al recurso en l\u00ednea (los llamados registros del servidor). Los datos de acceso incluyen el nombre de la p\u00e1gina solicitada, el archivo, la fecha y hora del acceso, la cantidad de datos transferidos, la notificaci\u00f3n de acceso exitoso, el tipo y versi\u00f3n del navegador, el sistema operativo del usuario, la URL de referencia (la \u00faltima p\u00e1gina visitada), la direcci\u00f3n IP y el proveedor solicitante. <\/p>\n<p>El proveedor utiliza los datos registrados sin conexi\u00f3n con una persona espec\u00edfica o para crear perfiles s\u00f3lo en el marco de las normas legales para evaluaciones estad\u00edsticas sobre el funcionamiento, la seguridad y la optimizaci\u00f3n de la oferta en l\u00ednea. Estos datos se eliminan autom\u00e1ticamente. Sin embargo, el proveedor se reserva el derecho de comprobar posteriormente los datos registrados si existen indicios concretos de sospechas razonables de un uso il\u00edcito.  <\/p>\n<p>\u00a0<\/p>\n<p><strong>Recopilaci\u00f3n y uso de datos personales<\/strong><\/p>\n<p>El tratamiento de estos datos personales est\u00e1 justificado de conformidad con el art\u00edculo 6, apartado 1, frase 1, letra f del RGPD. El prestador tiene un inter\u00e9s leg\u00edtimo en el tratamiento de los datos con la finalidad de:   <\/p>\n<ul class=\"wp-block-list\">\n<li>eine schnelle Verbindung zur Website des Unternehmens herzustellen,<\/li>\n<li>eine benutzerfreundliche Nutzung der Website zu gew\u00e4hrleisten,<\/li>\n<li>die Sicherheit und Stabilit\u00e4t der Systeme zu gew\u00e4hrleisten,<\/li>\n<li>die Verwaltung der Website zu erleichtern und zu verbessern.<\/li>\n<\/ul>\n<p>El tratamiento de datos no tiene expresamente como objetivo obtener informaci\u00f3n sobre la identidad del visitante del sitio web.<\/p>\n<p><strong>Transferencia de datos a terceros<\/strong><\/p>\n<p>Los datos personales se transmitir\u00e1n a terceros si<\/p>\n<ul class=\"wp-block-list\">\n<li>gem\u00e4\u00df Artikel 6 Absatz 1 Satz 1 Buchstabe a DSGVO die betroffene Person ihre ausdr\u00fcckliche Einwilligung gegeben hat,<\/li>\n<li>die Weitergabe gesetzlich gem\u00e4\u00df Artikel 6 Absatz 1 Satz 1 Buchstabe c DSGVO vorgesehen ist und\/oder<\/li>\n<li>die Weitergabe zur Erf\u00fcllung eines Vertrags mit der betroffenen Person gem\u00e4\u00df Artikel 6 Absatz 1 Satz 1 Buchstabe b DSGVO erforderlich ist.<\/li>\n<\/ul>\n<p>En todos los dem\u00e1s casos, los datos personales no se ceder\u00e1n a terceros.<\/p>\n<p>\u00a0<\/p>\n<p><strong>Cookies<\/strong><\/p>\n<p>El proveedor utiliza \u00abcookies\u00bb como parte de su oferta en l\u00ednea. Las cookies son peque\u00f1os archivos que se almacenan en el ordenador del usuario y pueden almacenar informaci\u00f3n para el prestador. Las cookies temporales se eliminan despu\u00e9s de cerrar el navegador, las cookies permanentes permanecen almacenadas durante un per\u00edodo de tiempo determinado y pueden proporcionar informaci\u00f3n guardada cuando visita el sitio web nuevamente.  <\/p>\n<p>Las cookies se utilizan, por un lado, para simplificar el uso del servicio. Por ejemplo, una cookie almacena el estado del carrito de compras del usuario. <\/p>\n<p>El usuario puede influir en el uso de cookies. La mayor\u00eda de los navegadores ofrecen la opci\u00f3n de restringir o impedir por completo el almacenamiento de cookies. El proveedor se esfuerza por dise\u00f1ar la oferta en l\u00ednea de tal manera que el uso de cookies no sea absolutamente necesario. Sin embargo, cabe se\u00f1alar que el uso y, en particular, la comodidad del sitio web pueden verse limitados sin cookies.   <\/p>\n<p>El tratamiento de datos mediante cookies est\u00e1 justificado para los fines mencionados para proteger los intereses leg\u00edtimos de la empresa de conformidad con el art\u00edculo 6, apartado 1, frase 1, letra f) del RGPD.<\/p>\n<p>\u00a0<\/p>\n<p><strong>Google Fonts<\/strong><\/p>\n<p>Este sitio web utiliza Google Fonts para mostrar fuentes. Este es un servicio de Google LLC, 1600 Amphitheatre Parkway, Mountain View, CA 94043 USA, en lo sucesivo denominado Google. <\/p>\n<p>Google est\u00e1 certificado seg\u00fan el Escudo de Privacidad (\u201cEscudo de Privacidad UE-EE.UU\u201d), lo que significa que Google garantiza el procesamiento de datos en EE.UU. de acuerdo con los requisitos de protecci\u00f3n de datos de la UE. Puede encontrar m\u00e1s informaci\u00f3n sobre el Escudo de Privacidad aqu\u00ed:<a href=\"https:\/\/www.privacyshield.gov\/participant?id=a2zt000000001L5AAI&amp;status=Active\">https:\/\/www.privacyshield.gov\/participant?id=a2zt000000001L5AAI&amp;status=Active<\/a> <\/p>\n<p>Al acceder a esta p\u00e1gina, se establece una conexi\u00f3n con un servidor de Google en EE.UU. para cargar las fuentes utilizadas por Google. El objetivo de establecer la conexi\u00f3n despu\u00e9s de acceder a la p\u00e1gina es indicar a Google de qu\u00e9 sitio web procede la solicitud y a qu\u00e9 direcci\u00f3n IP se debe transferir la visualizaci\u00f3n de la fuente. <\/p>\n<p>El uso de las fuentes se basa en nuestro inter\u00e9s en el funcionamiento econ\u00f3mico de nuestro sitio web de conformidad con el art\u00edculo 6, apartado 1, letra f) del RGPD.<\/p>\n<p>Para obtener m\u00e1s informaci\u00f3n, consulte:<a href=\"https:\/\/adssettings.google.com\/authenticated\">https:\/\/adssettings.google.com\/authenticated<\/a><a href=\"https:\/\/policies.google.com\/privacy\">https:\/\/policies.google.com\/privacy<\/a><\/p>\n<p>\u00a0<\/p>\n<p><strong>Informaci\u00f3n sobre protecci\u00f3n de datos al utilizar Google Analytics<\/strong><\/p>\n<p>Este sitio web utiliza Google Analytics, un servicio de an\u00e1lisis web prestado por Google Inc. (1600 Amphitheatre Parkway Mountain View, CA 94043, EE.UU.; \u201cGoogle\u201d). Se utiliza el modo \u201cUniversal Analytics\u201d, que permite vincular los datos, sesiones e interacciones del usuario en diferentes dispositivos a una ID de usuario seud\u00f3nima, permitiendo analizar las actividades del usuario en diferentes dispositivos. Esta pol\u00edtica de privacidad fue proporcionada por<a href=\"http:\/\/www.intersoft-consulting.de\/\">www.intersoft-consulting.de<\/a>.   <\/p>\n<p>Google Analytics utiliza las llamadas \u201ccookies\u201d, archivos de texto que se almacenan en su ordenador y permiten analizar su uso del sitio web. La informaci\u00f3n obtenida mediante cookies normalmente se transmite a un servidor de Google en EE. UU. y se almacena all\u00ed. Si se activa la anonimizaci\u00f3n de IP en este sitio web, Google acortar\u00e1 previamente su direcci\u00f3n IP dentro de los pa\u00edses de la Uni\u00f3n Europea o en otros estados parte del Acuerdo sobre el Espacio Econ\u00f3mico Europeo. S\u00f3lo en casos excepcionales se transmitir\u00e1 la direcci\u00f3n IP completa a un servidor de Google en EE. UU. y se acortar\u00e1 all\u00ed. La direcci\u00f3n IP transmitida por su navegador en el marco de Google Analytics no se combina con otros datos de Google. En nombre del operador del sitio web, Google utilizar\u00e1 esta informaci\u00f3n para evaluar el uso del sitio web, compilar informes sobre la actividad del sitio web y proporcionar otros servicios relacionados con la actividad del sitio web y el uso de Internet al operador del sitio web. Esto se basa en nuestro inter\u00e9s leg\u00edtimo en el procesamiento de datos. La base legal para el uso de Google Analytics es el art\u00edculo 15, apartado 3 de la TMG o el art. 6 Apartado 1 Letra f) RGPD. Los datos vinculados a cookies, identificadores de usuario (por ejemplo, ID de usuario) o ID de publicidad se eliminan autom\u00e1ticamente despu\u00e9s de 14 meses. La eliminaci\u00f3n de los datos cuyo plazo de conservaci\u00f3n haya expirado se produce autom\u00e1ticamente una vez al mes. Para obtener m\u00e1s informaci\u00f3n sobre las condiciones de uso y protecci\u00f3n de datos, consulte<a href=\"https:\/\/www.google.com\/analytics\/terms\/de.html\">https:\/\/www.google.com\/analytics\/terms\/de.html<\/a>y<a href=\"https:\/\/policies.google.com\/?hl=de.\">https:\/\/policies.google.com\/?hl=de.<\/a>             <\/p>\n<p>Puede evitar el almacenamiento de cookies en la configuraci\u00f3n de su navegador, pero si lo hace es posible que no pueda utilizar plenamente todas las funciones del sitio web. Puede impedir la recopilaci\u00f3n de datos generados por cookies y relacionados con su uso del sitio web (incluida su direcci\u00f3n IP) y el procesamiento de estos datos por parte de Google instalando un complemento especial del navegador. Las cookies de exclusi\u00f3n voluntaria evitan que sus datos se recopilen en el futuro cuando visite el sitio web. Para evitar que se recopilen datos de Universal Analytics en diferentes dispositivos, debe optar por no participar en todos los sistemas utilizados. Al hacer clic aqu\u00ed activa la cookie de exclusi\u00f3n voluntaria: Desactivar Google Analytics    <\/p>\n<p>\u00a0<\/p>\n<p><strong>Informaci\u00f3n sobre protecci\u00f3n de datos al utilizar el formulario de contacto<\/strong><\/p>\n<p>El formulario de contacto de esta web se utiliza exclusivamente para tramitar sus consultas y la administraci\u00f3n t\u00e9cnica necesaria. Los datos recogidos no se ceder\u00e1n a terceros. Podr\u00e1s oponerte al uso de tus datos en cualquier momento o revocar tu consentimiento en el futuro. En este caso, los datos ser\u00e1n eliminados inmediatamente.   <\/p>\n<p>Puede solicitar informaci\u00f3n sobre los datos recabados en cualquier momento a trav\u00e9s de tel\u00e9fono o correo electr\u00f3nico. Sus datos tambi\u00e9n se eliminar\u00e1n cuando se haya completado el procesamiento de su solicitud o si la recopilaci\u00f3n de datos se vuelve inadmisible por otros motivos. <\/p>\n<p>Puede encontrar m\u00e1s informaci\u00f3n sobre datos personales y protecci\u00f3n de datos en el resto de apartados de esta pol\u00edtica de privacidad.<\/p>\n<p>\u00a0<\/p>\n<p><strong>Tus derechos como interesado<\/strong><\/p>\n<p>Si sus datos personales se procesan en relaci\u00f3n con su visita a nuestro sitio web, usted, como \u00abinteresado de los datos\u00bb en el sentido del RGPD, tiene los siguientes derechos:<\/p>\n<p>\u00a0<\/p>\n<p><strong>Derecho de acceso<\/strong><\/p>\n<p>Puede solicitarnos informaci\u00f3n sobre si se est\u00e1n procesando sus datos personales. El derecho a la informaci\u00f3n no existe si esto viola las obligaciones de confidencialidad o si la informaci\u00f3n debe permanecer confidencial por otras razones, por ejemplo en inter\u00e9s de terceros. Existe una excepci\u00f3n si sus intereses superan el inter\u00e9s de la protecci\u00f3n. El derecho a la informaci\u00f3n tambi\u00e9n se excluye si los datos se almacenan \u00fanicamente durante los per\u00edodos de conservaci\u00f3n legales o se utilizan exclusivamente con fines de control de seguridad o protecci\u00f3n de datos y el suministro de la informaci\u00f3n requiere un esfuerzo desproporcionado y el procesamiento para otros fines es t\u00e9cnicamente imposible. Si se le concede el derecho a la informaci\u00f3n, puede solicitarnos la siguiente informaci\u00f3n: finalidad del procesamiento, categor\u00edas de datos procesados, destinatarios o categor\u00edas de destinatarios de los datos (particularmente en terceros pa\u00edses), si es posible &#8211; duraci\u00f3n prevista del almacenamiento o criterios para determinarlo, existencia de un derecho de rectificaci\u00f3n, eliminaci\u00f3n, restricci\u00f3n del procesamiento u objeci\u00f3n al procesamiento, existencia de un derecho a presentar una queja ante una autoridad supervisora de protecci\u00f3n de datos si los datos no fueron recopilados directamente de usted &#8211; informaci\u00f3n disponible sobre el origen de los datos, la existencia de datos automatizados toma de decisiones, incluida la elaboraci\u00f3n de perfiles e informaci\u00f3n relevante sobre la l\u00f3gica, los efectos y los resultados probables de la transferencia de datos a terceros pa\u00edses; informaci\u00f3n sobre las salvaguardias pertinentes en virtud del art\u00edculo 46 del RGPD, en ausencia de una decisi\u00f3n de la Comisi\u00f3n Europea sobre la idoneidad de la protecci\u00f3n.    <\/p>\n<p>\u00a0<\/p>\n<p><strong>Derecho de rectificaci\u00f3n y complemento<\/strong><\/p>\n<p>Si descubre que hemos almacenado datos personales inexactos, puede solicitar que se corrijan inmediatamente. Si los datos est\u00e1n incompletos, podr\u00e1 solicitar que se complementen. <\/p>\n<p>\u00a0<\/p>\n<p><strong>Derecho de supresi\u00f3n<\/strong><\/p>\n<p>Tiene derecho a la supresi\u00f3n (\u201cderecho al olvido\u201d) si el procesamiento no es necesario para ejercer el derecho a la libertad de expresi\u00f3n, el derecho a la informaci\u00f3n, para cumplir una obligaci\u00f3n legal o realizar una tarea de inter\u00e9s p\u00fablico y si se cumple una de las siguientes condiciones: Los datos ya no son necesarios para los fines del procesamiento. la base jur\u00eddica para el tratamiento es su consentimiento, que ha retirado; Se ha opuesto al procesamiento de datos publicados; se ha opuesto al procesamiento de datos no p\u00fablicos y no existen motivos legales imperiosos para el procesamiento; los datos fueron procesados \u200b\u200bilegalmente; la eliminaci\u00f3n es necesaria para cumplir una obligaci\u00f3n legal; La eliminaci\u00f3n no es necesaria si es imposible o requiere un esfuerzo desproporcionado y sus intereses en la eliminaci\u00f3n son irrelevantes; en este caso, el procesamiento est\u00e1 restringido. <\/p>\n<p>\u00a0<\/p>\n<p><strong>Derecho a la limitaci\u00f3n del tratamiento<\/strong><\/p>\n<p>Puede solicitar la restricci\u00f3n del procesamiento si: cuestiona la exactitud de los datos y la restricci\u00f3n es necesaria para la verificaci\u00f3n; el procesamiento es ilegal y usted prefiere la restricci\u00f3n a la eliminaci\u00f3n; ya no necesitamos los datos para su procesamiento; Ha presentado una objeci\u00f3n de conformidad con el art\u00edculo 21 del RGPD y no est\u00e1 claro si nuestros intereses leg\u00edtimos los superan. La restricci\u00f3n significa que los datos s\u00f3lo podr\u00e1n procesarse con su consentimiento, para proteger los derechos de terceros o por razones importantes de inter\u00e9s p\u00fablico. Antes de levantar la restricci\u00f3n, debemos notificarle.  <\/p>\n<p>\u00a0<\/p>\n<p><strong>Derecho a la portabilidad de los datos<\/strong><\/p>\n<p>Si el tratamiento se basa en su consentimiento o en un contrato y se realiza de forma autom\u00e1tica, tiene derecho a recibir sus datos personales en un formato estructurado, de uso com\u00fan y legible por m\u00e1quina y a transmitirlos a otro responsable del tratamiento. Siempre que sea t\u00e9cnicamente posible, podremos transmitir los datos directamente a otro responsable. <\/p>\n<p>\u00a0<\/p>\n<p><strong>Derecho de oposici\u00f3n<\/strong><\/p>\n<p>Si el procesamiento se basa en el art\u00edculo 6, p\u00e1rrafo 1, letra e) o f) del RGPD, puede oponerse al procesamiento por motivos relacionados con su situaci\u00f3n particular. Esto tambi\u00e9n se aplica a la elaboraci\u00f3n de perfiles. Despu\u00e9s de la objeci\u00f3n, el procesamiento se detendr\u00e1 a menos que podamos demostrar razones leg\u00edtimas convincentes que prevalezcan sobre sus intereses, o el procesamiento sirva para hacer valer, ejercer o defender reclamos legales. Tambi\u00e9n puede oponerse en cualquier momento al procesamiento con fines de marketing directo, incluida la elaboraci\u00f3n de perfiles relacionados con el marketing. En ese caso, los datos ya no se utilizar\u00e1n para estos fines. La oposici\u00f3n podr\u00e1 enviarse por tel\u00e9fono, correo electr\u00f3nico, fax o correo postal a la direcci\u00f3n indicada al inicio de la declaraci\u00f3n de protecci\u00f3n de datos.       <\/p>\n<p>\u00a0<\/p>\n<p><strong>Revocaci\u00f3n del consentimiento<\/strong><\/p>\n<p>Tiene derecho a revocar su consentimiento en cualquier momento con efectos futuros. La revocaci\u00f3n podr\u00e1 realizarse por tel\u00e9fono, correo electr\u00f3nico, fax o correo postal. La licitud del tratamiento basado en el consentimiento hasta su revocaci\u00f3n no se ver\u00e1 afectada. Tras la revocaci\u00f3n finaliza el tratamiento basado \u00fanicamente en el consentimiento.   <\/p>\n<p>\u00a0<\/p>\n<p><strong>Reclamaci\u00f3n<\/strong><\/p>\n<p>Si cree que el tratamiento de sus datos es il\u00edcito, puede presentar una reclamaci\u00f3n ante la autoridad de control en materia de protecci\u00f3n de datos responsable de su lugar de residencia, lugar de trabajo o de la supuesta infracci\u00f3n.<\/p>\n<p><strong>Presencia en redes sociales<\/strong><\/p>\n<p>Mantenemos perfiles y fanpages en redes sociales. Al utilizar y visitar nuestros perfiles, se aplican las normas de protecci\u00f3n de datos y las condiciones de uso de la red respectiva. <\/p>\n<p>Categor\u00edas de datos y descripci\u00f3n del tratamiento: datos de uso, datos de contacto, datos de contenido, datos de disponibilidad. Adem\u00e1s, los datos de los usuarios en las redes sociales se suelen utilizar con fines publicitarios y de marketing. Por ejemplo, se crean perfiles de uso en funci\u00f3n del comportamiento y los intereses de los usuarios, que se utilizan para mostrar publicidad dentro y fuera de la red. Para estos fines se suelen utilizar cookies que almacenan datos sobre el comportamiento e intereses de los usuarios. Los perfiles pueden contener datos independientes del dispositivo (especialmente si el usuario est\u00e1 registrado e iniciado sesi\u00f3n). Puede encontrar informaci\u00f3n detallada sobre los tipos de procesamiento y las posibilidades de oposici\u00f3n en las directrices de las respectivas redes. Si tienes alguna duda sobre informaci\u00f3n o quieres ejercer los derechos de los afectados, te recomendamos contactar directamente con los operadores, ya que s\u00f3lo ellos tienen acceso a los datos y pueden tomar medidas. Si es necesario, tambi\u00e9n puedes contactar con nosotros.       <\/p>\n<p>Finalidad del tratamiento: comunicaci\u00f3n con usuarios de redes sociales, informaci\u00f3n y publicidad de nuestros productos, ofertas y servicios; Presentaci\u00f3n e imagen externa; An\u00e1lisis de usuarios y contenidos de nuestras p\u00e1ginas en redes sociales.<\/p>\n<p>Base jur\u00eddica: El inter\u00e9s leg\u00edtimo descrito anteriormente de conformidad con el art\u00edculo 6, apartado 1, frase 1, letra f) del RGPD. Si ha dado su consentimiento, el art. 6 P\u00e1rr. 1 encendido. a) en combinaci\u00f3n con el art. 7 GDPR es la base legal.     <\/p>\n<p>\u00a0<\/p>\n<p><strong>Transferencia de datos: redes sociales.<\/strong><\/p>\n<p>Declaraciones de protecci\u00f3n de datos, informaci\u00f3n y opciones de oposici\u00f3n de los operadores de redes sociales: Facebook &#8211; Operador: Facebook Ireland Ltd., 4 Grand Canal Square, Grand Canal Harbour, Dublin 2, Irlanda; Sitio web: www.facebook.com; Declaraci\u00f3n de protecci\u00f3n de datos:<a href=\"https:\/\/www.facebook.com\/about\/privacy\/\">https:\/\/www.facebook.com\/about\/privacy\/<\/a>; Exclusi\u00f3n voluntaria:<a href=\"https:\/\/www.facebook.com\/settings?tab=ads\">https:\/\/www.facebook.com\/settings?tab=ads<\/a>y<a href=\"http:\/\/www.youronlinechoices.com\/\">http:\/\/www.youronlinechoices.com<\/a>; Contradicci\u00f3n:<a href=\"https:\/\/www.facebook.com\/help\/contact\/2061665240770586\">https:\/\/www.facebook.com\/help\/contact\/2061665240770586<\/a>; Acuerdo sobre el tratamiento conjunto de datos en las p\u00e1ginas de Facebook (Art. 26 RGPD):<a href=\"https:\/\/www.facebook.com\/legal\/terms\/page_controller_addendum\">https:\/\/www.facebook.com\/legal\/terms\/page_controller_addendum<\/a>; Declaraci\u00f3n de protecci\u00f3n de datos para las p\u00e1ginas de Facebook:<a href=\"https:\/\/www.facebook.com\/legal\/terms\/information_about_page_insights_data.\">https:\/\/www.facebook.com\/legal\/terms\/information_about_page_insights_data.<\/a><\/p>\n<p>\u00a0<\/p>\n<p><strong>Estado y actualizaci\u00f3n de esta pol\u00edtica de privacidad<\/strong><\/p>\n<p>Esta declaraci\u00f3n de protecci\u00f3n de datos es v\u00e1lida a partir del 9 de diciembre de 2024. Nos reservamos el derecho de adaptarla si es necesario para mejorar la protecci\u00f3n de datos y\/o a cambios en las autoridades o jurisprudencia. <\/p>\n<h5><strong><\/strong><\/h5><\/strong><\/h5>","protected":false},"excerpt":{"rendered":"<p>{post_title} Responsable seg\u00fan el art\u00edculo 7 apartado 4 del Reglamento General de Protecci\u00f3n de Datos de la UE (GDPR): \u00a0 Dipl.-Ing. German GazeevHelgol\u00e4nder Str. 2A30163 Hannover Contacto:Persona de contacto: Dipl.-Ing. German Gazeev admin@deutsche-sprache.com \u00a0 El uso de este sitio web es generalmente posible sin proporcionar datos personales. Si en nuestras p\u00e1ginas se recopilan datos personales [&hellip;]<\/p>\n","protected":false},"author":1,"featured_media":0,"parent":0,"menu_order":0,"comment_status":"closed","ping_status":"closed","template":"","meta":{"_acf_changed":false,"_seopress_robots_primary_cat":"","_seopress_titles_title":"Pol\u00edtica de privacidad","_seopress_titles_desc":"Pol\u00edtica de privacidad de Deutsche Sprache: responsable, tratamiento de datos, cookies, derechos del usuario y servicios integrados.","_seopress_robots_index":"","_seopress_analysis_target_kw":"","footnotes":""},"class_list":["post-15497","page","type-page","status-publish"],"acf":{"\u0442\u0435\u043b\u0435\u0444\u043e\u043d":""},"_links":{"self":[{"href":"https:\/\/deutsche-sprache.com\/es\/wp-json\/wp\/v2\/pages\/15497","targetHints":{"allow":["GET"]}}],"collection":[{"href":"https:\/\/deutsche-sprache.com\/es\/wp-json\/wp\/v2\/pages"}],"about":[{"href":"https:\/\/deutsche-sprache.com\/es\/wp-json\/wp\/v2\/types\/page"}],"author":[{"embeddable":true,"href":"https:\/\/deutsche-sprache.com\/es\/wp-json\/wp\/v2\/users\/1"}],"replies":[{"embeddable":true,"href":"https:\/\/deutsche-sprache.com\/es\/wp-json\/wp\/v2\/comments?post=15497"}],"version-history":[{"count":1,"href":"https:\/\/deutsche-sprache.com\/es\/wp-json\/wp\/v2\/pages\/15497\/revisions"}],"predecessor-version":[{"id":15498,"href":"https:\/\/deutsche-sprache.com\/es\/wp-json\/wp\/v2\/pages\/15497\/revisions\/15498"}],"wp:attachment":[{"href":"https:\/\/deutsche-sprache.com\/es\/wp-json\/wp\/v2\/media?parent=15497"}],"curies":[{"name":"wp","href":"https:\/\/api.w.org\/{rel}","templated":true}]}}