{"id":15536,"date":"2025-09-26T04:56:05","date_gmt":"2025-09-26T01:56:05","guid":{"rendered":"https:\/\/deutsche-sprache.com\/product\/deutsche-sprache-a1\/"},"modified":"2026-05-07T14:05:46","modified_gmt":"2026-05-07T11:05:46","slug":"deutsche-sprache-a1","status":"publish","type":"product","link":"https:\/\/deutsche-sprache.com\/es\/producto\/deutsche-sprache-a1\/","title":{"rendered":"Deutsche Sprache A1"},"content":{"rendered":"<p><span style=\"font-weight: 400;\">Aprende alem\u00e1n de forma sencilla, eficaz y sin materiales adicionales: todo en un solo libro.<\/span><\/p>\n<p>&nbsp;<\/p>\n<p><span style=\"font-weight: 400;\">El manual<\/span> <i><span style=\"font-weight: 400;\">\u00abDeutsche Sprache A1\u00bb<\/span><\/i><span style=\"font-weight: 400;\">  fue desarrollado especialmente para principiantes y ofrece todo lo que necesitas para empezar a aprender alem\u00e1n con \u00e9xito. Con explicaciones claras, im\u00e1genes visuales y diagramas estructurados, aprendes gram\u00e1tica y vocabulario de forma f\u00e1cil y comprensible, sin traductor. <\/span><\/p>\n<p>&nbsp;<\/p>\n<p><span style=\"font-weight: 400;\">Este libro re\u00fane todas las \u00e1reas importantes del aprendizaje del alem\u00e1n:<\/span><\/p>\n<ol>\n<li><span style=\"font-weight: 400;\">  Gram\u00e1tica: explicada con claridad, con muchos ejemplos e ilustraciones.<\/span><\/li>\n<li><span style=\"font-weight: 400;\">  Vocabulario nuevo: explicado y reforzado visualmente.<\/span><\/li>\n<li><span style=\"font-weight: 400;\">  Ejercicios de vocabulario, gram\u00e1tica, comprensi\u00f3n lectora, comprensi\u00f3n auditiva y escritura.<\/span><\/li>\n<li><span style=\"font-weight: 400;\">  Soluciones directas para todos los ejercicios, disponibles mediante c\u00f3digo QR.<\/span><\/li>\n<\/ol>\n<p>&nbsp;<\/p>\n<p><span style=\"font-weight: 400;\">Con los c\u00f3digos QR integrados tienes acceso en cualquier momento a:<\/span><\/p>\n<ol>\n<li><span style=\"font-weight: 400;\">  V\u00eddeos explicativos de hablantes nativos sobre temas gramaticales dif\u00edciles (suscripci\u00f3n: 29 \u20ac al mes).<\/span><\/li>\n<li><span style=\"font-weight: 400;\">  Grabaciones de audio para una pronunciaci\u00f3n e entonaci\u00f3n correctas.<\/span><\/li>\n<li><span style=\"font-weight: 400;\">  Soluciones digitales para todos los ejercicios: escanea y comprueba f\u00e1cilmente.<\/span><\/li>\n<\/ol>\n<p>&nbsp;<\/p>\n<p><span style=\"font-weight: 400;\">As\u00ed no solo aprendes con el libro, sino tambi\u00e9n con v\u00eddeos y audios creados profesionalmente: ideal para la vida cotidiana y para comprender mejor el idioma.<\/span><\/p>\n<p>&nbsp;<\/p>\n<p><span style=\"font-weight: 400;\">El libro est\u00e1 certificado seg\u00fan GER U-305-28:<\/span><\/p>\n<p><span style=\"font-weight: 400;\">Esta certificaci\u00f3n confirma que el manual cumple los requisitos modernos del Marco Com\u00fan Europeo de Referencia para las Lenguas (GER) y permite un aprendizaje eficaz y estructurado.<\/span><\/p>\n<p><span style=\"font-weight: 400;\">M\u00e1s informaci\u00f3n:<\/span> <a href=\"http:\/\/ger-zertifizierung.de\/\"><span style=\"font-weight: 400;\">ger-zertifizierung.de\/ <\/span><\/a> <\/p>\n","protected":false},"excerpt":{"rendered":"<p>Aprende alem\u00e1n de forma sencilla, eficaz y sin materiales adicionales: todo en un solo libro. &nbsp; El manual \u00abDeutsche Sprache A1\u00bb fue desarrollado especialmente para principiantes y ofrece todo lo que necesitas para empezar a aprender alem\u00e1n con \u00e9xito. Con explicaciones claras, im\u00e1genes visuales y diagramas estructurados, aprendes gram\u00e1tica y vocabulario de forma f\u00e1cil y [&hellip;]<\/p>\n","protected":false},"featured_media":15422,"comment_status":"open","ping_status":"closed","template":"","meta":{"_acf_changed":false,"_seopress_robots_primary_cat":"none","_seopress_titles_title":"","_seopress_titles_desc":"","_seopress_robots_index":""},"product_brand":[],"product_cat":[336],"product_tag":[],"class_list":{"0":"post-15536","1":"product","2":"type-product","3":"status-publish","4":"has-post-thumbnail","6":"product_cat-libro-de-texto-impreso","8":"first","9":"instock","10":"featured","11":"taxable","12":"shipping-taxable","13":"purchasable","14":"product-type-simple"},"acf":{"\u0442\u0435\u043b\u0435\u0444\u043e\u043d":"","\u0433\u043e\u0434_\u0432\u044b\u043f\u0443\u0441\u043a\u0430":2019,"\u0434\u0430\u0442\u0430_\u0432\u044b\u043f\u0443\u0441\u043a\u0430":"14 de octubre","\u043e\u0431\u044a\u0435\u043c":280,"\u044f\u0437\u044b\u043a":"DE","\u044f\u0437\u044b\u043a_\u043f\u043e\u043b\u043d\u043e\u0441\u0442\u044c\u044e":"Alem\u00e1n"},"_links":{"self":[{"href":"https:\/\/deutsche-sprache.com\/es\/wp-json\/wp\/v2\/product\/15536","targetHints":{"allow":["GET"]}}],"collection":[{"href":"https:\/\/deutsche-sprache.com\/es\/wp-json\/wp\/v2\/product"}],"about":[{"href":"https:\/\/deutsche-sprache.com\/es\/wp-json\/wp\/v2\/types\/product"}],"replies":[{"embeddable":true,"href":"https:\/\/deutsche-sprache.com\/es\/wp-json\/wp\/v2\/comments?post=15536"}],"wp:featuredmedia":[{"embeddable":true,"href":"https:\/\/deutsche-sprache.com\/es\/wp-json\/wp\/v2\/media\/15422"}],"wp:attachment":[{"href":"https:\/\/deutsche-sprache.com\/es\/wp-json\/wp\/v2\/media?parent=15536"}],"wp:term":[{"taxonomy":"product_brand","embeddable":true,"href":"https:\/\/deutsche-sprache.com\/es\/wp-json\/wp\/v2\/product_brand?post=15536"},{"taxonomy":"product_cat","embeddable":true,"href":"https:\/\/deutsche-sprache.com\/es\/wp-json\/wp\/v2\/product_cat?post=15536"},{"taxonomy":"product_tag","embeddable":true,"href":"https:\/\/deutsche-sprache.com\/es\/wp-json\/wp\/v2\/product_tag?post=15536"}],"curies":[{"name":"wp","href":"https:\/\/api.w.org\/{rel}","templated":true}]}}