{"id":15543,"date":"2025-09-26T06:54:19","date_gmt":"2025-09-26T03:54:19","guid":{"rendered":"https:\/\/deutsche-sprache.com\/product\/deutsche-sprache-a2-2\/"},"modified":"2026-05-07T02:38:25","modified_gmt":"2026-05-06T23:38:25","slug":"deutsche-sprache-a2-2","status":"publish","type":"product","link":"https:\/\/deutsche-sprache.com\/es\/producto\/deutsche-sprache-a2-2\/","title":{"rendered":"Deutsche Sprache A2"},"content":{"rendered":"<p><span style=\"font-weight: 400;\">Aprende alem\u00e1n en el siguiente nivel: de forma sencilla, eficaz y sin materiales adicionales, todo en un solo libro.<\/span><\/p>\n<p>&nbsp;<\/p>\n<p><span style=\"font-weight: 400;\">El manual \u00abDeutsche Sprache A2\u00bb est\u00e1 dirigido a estudiantes que ya tienen conocimientos b\u00e1sicos y quieren ampliar sus conocimientos de alem\u00e1n de forma espec\u00edfica. Con explicaciones claras, representaciones visuales y diagramas estructurados, profundizas tus conocimientos de gram\u00e1tica y vocabulario y mejoras tus habilidades ling\u00fc\u00edsticas, sin traductor.   <\/span><\/p>\n<p>&nbsp;<\/p>\n<p><span style=\"font-weight: 400;\">Este libro re\u00fane todas las \u00e1reas importantes del aprendizaje del alem\u00e1n:<\/span><\/p>\n<ol>\n<li><span style=\"font-weight: 400;\">  Gram\u00e1tica: detallada y ampliada, explicada con claridad, con muchos ejemplos e ilustraciones.<\/span><\/li>\n<li><span style=\"font-weight: 400;\">  Vocabulario nuevo: explicado y reforzado visualmente, adecuado para situaciones cotidianas y m\u00e1s exigentes.<\/span><\/li>\n<li><span style=\"font-weight: 400;\">  Ejercicios de vocabulario, gram\u00e1tica, comprensi\u00f3n lectora, comprensi\u00f3n auditiva y escritura.<\/span><\/li>\n<li><span style=\"font-weight: 400;\">  Soluciones directas para todos los ejercicios, disponibles mediante c\u00f3digo QR.<\/span><\/li>\n<\/ol>\n<p>&nbsp;<\/p>\n<p><span style=\"font-weight: 400;\">Con los c\u00f3digos QR integrados tienes acceso en cualquier momento a:<\/span><\/p>\n<ol>\n<li><span style=\"font-weight: 400;\">  V\u00eddeos explicativos de hablantes nativos sobre temas gramaticales m\u00e1s complejos (suscripci\u00f3n: 29 \u20ac al mes).<\/span><\/li>\n<li><span style=\"font-weight: 400;\">  Grabaciones de audio para una pronunciaci\u00f3n correcta, buena entonaci\u00f3n y un habla m\u00e1s fluida.<\/span><\/li>\n<li><span style=\"font-weight: 400;\">  Soluciones digitales para todos los ejercicios: escanea y comprueba f\u00e1cilmente.<\/span><\/li>\n<\/ol>\n<p>&nbsp;<\/p>\n<p><span style=\"font-weight: 400;\">As\u00ed no solo aprendes con el libro, sino tambi\u00e9n con v\u00eddeos y audios creados profesionalmente: perfecto para usar el alem\u00e1n con seguridad en conversaciones reales y en la vida cotidiana.<\/span><\/p>\n<p>&nbsp;<\/p>\n<p><span style=\"font-weight: 400;\">El libro est\u00e1 certificado seg\u00fan GER U-305-28:<\/span><\/p>\n<p><span style=\"font-weight: 400;\">Esta certificaci\u00f3n confirma que el manual cumple los requisitos modernos del Marco Com\u00fan Europeo de Referencia para las Lenguas (GER) y permite un aprendizaje eficaz y estructurado.<\/span><\/p>\n<p><span style=\"font-weight: 400;\">M\u00e1s informaci\u00f3n sobre la certificaci\u00f3n:<\/span> <a href=\"http:\/\/ger-zertifizierung.de\/\"><span style=\"font-weight: 400;\">ger-zertifizierung.de\/ <\/span><\/a> <\/p>\n","protected":false},"excerpt":{"rendered":"<p>Aprende alem\u00e1n en el siguiente nivel: de forma sencilla, eficaz y sin materiales adicionales, todo en un solo libro. &nbsp; El manual \u00abDeutsche Sprache A2\u00bb est\u00e1 dirigido a estudiantes que ya tienen conocimientos b\u00e1sicos y quieren ampliar sus conocimientos de alem\u00e1n de forma espec\u00edfica. Con explicaciones claras, representaciones visuales y diagramas estructurados, profundizas tus conocimientos [&hellip;]<\/p>\n","protected":false},"featured_media":15425,"comment_status":"open","ping_status":"closed","template":"","meta":{"_acf_changed":false,"_seopress_robots_primary_cat":"none","_seopress_titles_title":"","_seopress_titles_desc":"","_seopress_robots_index":""},"product_brand":[],"product_cat":[335],"product_tag":[],"class_list":{"0":"post-15543","1":"product","2":"type-product","3":"status-publish","4":"has-post-thumbnail","6":"product_cat-libro-de-texto-digital","8":"first","9":"instock","10":"virtual","11":"sold-individually","12":"taxable","13":"purchasable","14":"product-type-simple"},"acf":{"\u0442\u0435\u043b\u0435\u0444\u043e\u043d":"","\u0433\u043e\u0434_\u0432\u044b\u043f\u0443\u0441\u043a\u0430":2019,"\u0434\u0430\u0442\u0430_\u0432\u044b\u043f\u0443\u0441\u043a\u0430":"14 de octubre","\u043e\u0431\u044a\u0435\u043c":280,"\u044f\u0437\u044b\u043a":"DE","\u044f\u0437\u044b\u043a_\u043f\u043e\u043b\u043d\u043e\u0441\u0442\u044c\u044e":"Alem\u00e1n"},"_links":{"self":[{"href":"https:\/\/deutsche-sprache.com\/es\/wp-json\/wp\/v2\/product\/15543","targetHints":{"allow":["GET"]}}],"collection":[{"href":"https:\/\/deutsche-sprache.com\/es\/wp-json\/wp\/v2\/product"}],"about":[{"href":"https:\/\/deutsche-sprache.com\/es\/wp-json\/wp\/v2\/types\/product"}],"replies":[{"embeddable":true,"href":"https:\/\/deutsche-sprache.com\/es\/wp-json\/wp\/v2\/comments?post=15543"}],"wp:featuredmedia":[{"embeddable":true,"href":"https:\/\/deutsche-sprache.com\/es\/wp-json\/wp\/v2\/media\/15425"}],"wp:attachment":[{"href":"https:\/\/deutsche-sprache.com\/es\/wp-json\/wp\/v2\/media?parent=15543"}],"wp:term":[{"taxonomy":"product_brand","embeddable":true,"href":"https:\/\/deutsche-sprache.com\/es\/wp-json\/wp\/v2\/product_brand?post=15543"},{"taxonomy":"product_cat","embeddable":true,"href":"https:\/\/deutsche-sprache.com\/es\/wp-json\/wp\/v2\/product_cat?post=15543"},{"taxonomy":"product_tag","embeddable":true,"href":"https:\/\/deutsche-sprache.com\/es\/wp-json\/wp\/v2\/product_tag?post=15543"}],"curies":[{"name":"wp","href":"https:\/\/api.w.org\/{rel}","templated":true}]}}