{"id":15743,"date":"2026-03-25T17:31:47","date_gmt":"2026-03-25T14:31:47","guid":{"rendered":"https:\/\/deutsche-sprache.com\/nauczyciel-ai-do-pisania-po-niemiecku\/"},"modified":"2026-05-08T20:46:07","modified_gmt":"2026-05-08T17:46:07","slug":"nauczyciel-ai-do-pisania-po-niemiecku","status":"publish","type":"page","link":"https:\/\/deutsche-sprache.com\/pl\/nauczyciel-ai-do-pisania-po-niemiecku\/","title":{"rendered":"Nauczyciel AI do pisania po niemiecku"},"content":{"rendered":"<p>Poprawia b\u0142\u0119dy i pomaga lepiej formu\u0142owa\u0107 teksty.<\/p><h1 class=\"has-text-align-center wp-block-heading\">Nauczyciel AI do pisania po niemiecku<\/h1><language-widget api-url=\"https:\/\/widget.dkh-institut.de\/api\/v1\" mode=\"klassik\" lang=\"de\" hide-footer><\/language-widget>\n","protected":false},"excerpt":{"rendered":"<p>Poprawia b\u0142\u0119dy i pomaga lepiej formu\u0142owa\u0107 teksty. Nauczyciel AI do pisania po niemiecku<\/p>\n","protected":false},"author":1,"featured_media":0,"parent":0,"menu_order":0,"comment_status":"closed","ping_status":"closed","template":"","meta":{"_acf_changed":false,"_seopress_robots_primary_cat":"","_seopress_titles_title":"","_seopress_titles_desc":"","_seopress_robots_index":"","footnotes":""},"class_list":["post-15743","page","type-page","status-publish"],"acf":{"\u0442\u0435\u043b\u0435\u0444\u043e\u043d":""},"_links":{"self":[{"href":"https:\/\/deutsche-sprache.com\/pl\/wp-json\/wp\/v2\/pages\/15743","targetHints":{"allow":["GET"]}}],"collection":[{"href":"https:\/\/deutsche-sprache.com\/pl\/wp-json\/wp\/v2\/pages"}],"about":[{"href":"https:\/\/deutsche-sprache.com\/pl\/wp-json\/wp\/v2\/types\/page"}],"author":[{"embeddable":true,"href":"https:\/\/deutsche-sprache.com\/pl\/wp-json\/wp\/v2\/users\/1"}],"replies":[{"embeddable":true,"href":"https:\/\/deutsche-sprache.com\/pl\/wp-json\/wp\/v2\/comments?post=15743"}],"version-history":[{"count":3,"href":"https:\/\/deutsche-sprache.com\/pl\/wp-json\/wp\/v2\/pages\/15743\/revisions"}],"predecessor-version":[{"id":15764,"href":"https:\/\/deutsche-sprache.com\/pl\/wp-json\/wp\/v2\/pages\/15743\/revisions\/15764"}],"wp:attachment":[{"href":"https:\/\/deutsche-sprache.com\/pl\/wp-json\/wp\/v2\/media?parent=15743"}],"curies":[{"name":"wp","href":"https:\/\/api.w.org\/{rel}","templated":true}]}}