{"id":15747,"date":"2025-10-26T23:01:35","date_gmt":"2025-10-26T20:01:35","guid":{"rendered":"https:\/\/deutsche-sprache.com\/niemiecki-na-co-dzien\/"},"modified":"2026-05-08T20:47:24","modified_gmt":"2026-05-08T17:47:24","slug":"niemiecki-na-co-dzien","status":"publish","type":"page","link":"https:\/\/deutsche-sprache.com\/pl\/niemiecki-na-co-dzien\/","title":{"rendered":"Niemiecki na co dzie\u0144"},"content":{"rendered":"<h4 class=\"wp-block-heading\">Podr\u0119czniki do nauki gramatyki<\/h4><div class=\"real3dflipbook\" id=\"19_69fec2c576de3\" style=\"position:absolute;\"><\/div>\n<figure class=\"wp-block-image size-full\"><img alt=\"deutsch im alltag\" loading=\"lazy\" decoding=\"async\" width=\"1295\" height=\"1841\" src=\"https:\/\/deutsche-sprache.com\/wp-content\/uploads\/2025\/11\/deutsch_im_alltag-1.webp\" class=\"wp-image-8992\" srcset=\"https:\/\/deutsche-sprache.com\/wp-content\/uploads\/2025\/11\/deutsch_im_alltag-1.webp 1295w, https:\/\/deutsche-sprache.com\/wp-content\/uploads\/2025\/11\/deutsch_im_alltag-1-211x300.webp 211w, https:\/\/deutsche-sprache.com\/wp-content\/uploads\/2025\/11\/deutsch_im_alltag-1-720x1024.webp 720w, https:\/\/deutsche-sprache.com\/wp-content\/uploads\/2025\/11\/deutsch_im_alltag-1-106x150.webp 106w, https:\/\/deutsche-sprache.com\/wp-content\/uploads\/2025\/11\/deutsch_im_alltag-1-768x1092.webp 768w, https:\/\/deutsche-sprache.com\/wp-content\/uploads\/2025\/11\/deutsch_im_alltag-1-1080x1536.webp 1080w, https:\/\/deutsche-sprache.com\/wp-content\/uploads\/2025\/11\/deutsch_im_alltag-1-1200x1706.webp 1200w, https:\/\/deutsche-sprache.com\/wp-content\/uploads\/2025\/11\/deutsch_im_alltag-1-600x853.webp 600w\" sizes=\"auto, (max-width: 1295px) 100vw, 1295px\" \/><\/figure><div class=\"wp-block-buttons is-layout-flex wp-block-buttons-is-layout-flex\"><\/div><div class=\"wp-block-buttons is-layout-flex wp-block-buttons-is-layout-flex\"><div class=\"wp-block-button\"><a class=\"wp-block-button__link\">Czytaj podr\u0119cznik<\/a><\/div><\/div><div class=\"wp-block-buttons is-layout-flex wp-block-buttons-is-layout-flex\"><div class=\"wp-block-button\"><a class=\"wp-block-button__link\">Czytaj podr\u0119cznik<\/a><\/div><\/div><p>Bezp\u0142atny podr\u0119cznik online do j\u0119zyka niemieckiego &#8211; na wszystkich poziomach od A1 do C1.<br\/>Podr\u0119cznik pomo\u017ce Ci usystematyzowa\u0107 wiedz\u0119, nauczy\u0107 si\u0119 s\u0142ownictwa na wa\u017cne tematy i swobodnie m\u00f3wi\u0107 po niemiecku.<br\/>W podr\u0119czniku znajdziesz karty z idiomami i wskaz\u00f3wkami, dzi\u0119ki kt\u00f3rym nauka b\u0119dzie \u0142atwa i zrozumia\u0142a.<br\/>Podr\u0119cznik nadaje si\u0119 do samodzielnej nauki, a tak\u017ce jako uzupe\u0142nienie dowolnego kursu.<\/p><div class=\"wp-block-buttons is-layout-flex wp-block-buttons-is-layout-flex\"><div class=\"wp-block-button\"><a class=\"wp-block-button__link\">Czytaj podr\u0119cznik<\/a><\/div><\/div><div class=\"wp-block-buttons is-layout-flex wp-block-buttons-is-layout-flex\"><\/div><p><span style=\"kolor: #00b000;\">\u2714\ufe0e<\/span>Dost\u0119p jest bezp\u0142atny.<\/p>\n<p>\u00a0<\/p><div class=\"wp-block-buttons is-layout-flex wp-block-buttons-is-layout-flex\"><div class=\"wp-block-button\"><a class=\"wp-block-button__link\">Czytaj podr\u0119cznik<\/a><\/div><\/div><figure class=\"wp-block-image size-full\"><img alt=\"deutsch im alltag\" loading=\"lazy\" decoding=\"async\" width=\"1295\" height=\"1841\" src=\"https:\/\/deutsche-sprache.com\/wp-content\/uploads\/2025\/11\/deutsch_im_alltag-1.webp\" class=\"wp-image-8992\" srcset=\"https:\/\/deutsche-sprache.com\/wp-content\/uploads\/2025\/11\/deutsch_im_alltag-1.webp 1295w, https:\/\/deutsche-sprache.com\/wp-content\/uploads\/2025\/11\/deutsch_im_alltag-1-211x300.webp 211w, https:\/\/deutsche-sprache.com\/wp-content\/uploads\/2025\/11\/deutsch_im_alltag-1-720x1024.webp 720w, https:\/\/deutsche-sprache.com\/wp-content\/uploads\/2025\/11\/deutsch_im_alltag-1-106x150.webp 106w, https:\/\/deutsche-sprache.com\/wp-content\/uploads\/2025\/11\/deutsch_im_alltag-1-768x1092.webp 768w, https:\/\/deutsche-sprache.com\/wp-content\/uploads\/2025\/11\/deutsch_im_alltag-1-1080x1536.webp 1080w, https:\/\/deutsche-sprache.com\/wp-content\/uploads\/2025\/11\/deutsch_im_alltag-1-1200x1706.webp 1200w, https:\/\/deutsche-sprache.com\/wp-content\/uploads\/2025\/11\/deutsch_im_alltag-1-600x853.webp 600w\" sizes=\"auto, (max-width: 1295px) 100vw, 1295px\" \/><\/figure><div class=\"real3dflipbook\" id=\"7_69fec2c57706e\" style=\"position:absolute;\"><\/div>\n<p><span style=\"kolor: #00b000;\">\u2714\ufe0e<\/span>Dost\u0119p jest bezp\u0142atny.<\/p>\n<p>\u00a0<\/p>\n<p>Bezp\u0142atny podr\u0119cznik online do j\u0119zyka niemieckiego &#8211; na wszystkich poziomach od A1 do C1.<br\/>Podr\u0119cznik pomo\u017ce Ci usystematyzowa\u0107 wiedz\u0119, nauczy\u0107 si\u0119 s\u0142ownictwa na wa\u017cne tematy i swobodnie m\u00f3wi\u0107 po niemiecku.<br\/>W podr\u0119czniku znajdziesz karty z idiomami i wskaz\u00f3wkami, dzi\u0119ki kt\u00f3rym nauka b\u0119dzie \u0142atwa i zrozumia\u0142a.<br\/>Podr\u0119cznik nadaje si\u0119 do samodzielnej nauki, a tak\u017ce jako uzupe\u0142nienie dowolnego kursu.<br\/><br\/><\/p><h2 class=\"wp-block-heading\">Nauczyciel AI<\/h2>Korrigiert Fehler und hilft, Texte besser zu formulieren.<div class=\"wp-block-buttons is-layout-flex wp-block-buttons-is-layout-flex\"><div class=\"wp-block-button\"><a class=\"wp-block-button__link\">Dowiedz si\u0119 wi\u0119cej<\/a><\/div><\/div><figure class=\"wp-block-image size-full\"><a><img alt=\"\u0421\u043d\u0438\u043c\u043e\u043a \u044d\u043a\u0440\u0430\u043d\u0430 2026 03 24 \u0432 23.38.21 1\" decoding=\"async\" src=\"https:\/\/deutsche-sprache.com\/wp-content\/uploads\/2026\/03\/&#x421;&#x43D;&#x438;&#x43C;&#x43E;&#x43A;-&#x44D;&#x43A;&#x440;&#x430;&#x43D;&#x430;-2026-03-24-&#x432;-23.38.21-1.webp\" class=\"wp-image-14462\"\/><\/a><\/figure>","protected":false},"excerpt":{"rendered":"<p>Podr\u0119czniki do nauki gramatyki Bezp\u0142atny podr\u0119cznik online do j\u0119zyka niemieckiego &#8211; na wszystkich poziomach od A1 do C1.Podr\u0119cznik pomo\u017ce Ci usystematyzowa\u0107 wiedz\u0119, nauczy\u0107 si\u0119 s\u0142ownictwa na wa\u017cne tematy i swobodnie m\u00f3wi\u0107 po niemiecku.W podr\u0119czniku znajdziesz karty z idiomami i wskaz\u00f3wkami, dzi\u0119ki kt\u00f3rym nauka b\u0119dzie \u0142atwa i zrozumia\u0142a.Podr\u0119cznik nadaje si\u0119 do samodzielnej nauki, a tak\u017ce jako [&hellip;]<\/p>\n","protected":false},"author":1,"featured_media":0,"parent":0,"menu_order":0,"comment_status":"closed","ping_status":"closed","template":"","meta":{"_acf_changed":false,"_seopress_robots_primary_cat":"","_seopress_titles_title":"","_seopress_titles_desc":"Bezp\u0142atny podr\u0119cznik online do j\u0119zyka niemieckiego (A1\u2013C1). Podr\u0119cznik z mapami, idiomami i s\u0142ownictwem tematycznym. Odpowiedni dla wszystkich poziom\u00f3w j\u0119zykowych.  ","_seopress_robots_index":"","footnotes":""},"class_list":["post-15747","page","type-page","status-publish"],"acf":{"\u0442\u0435\u043b\u0435\u0444\u043e\u043d":""},"_links":{"self":[{"href":"https:\/\/deutsche-sprache.com\/pl\/wp-json\/wp\/v2\/pages\/15747","targetHints":{"allow":["GET"]}}],"collection":[{"href":"https:\/\/deutsche-sprache.com\/pl\/wp-json\/wp\/v2\/pages"}],"about":[{"href":"https:\/\/deutsche-sprache.com\/pl\/wp-json\/wp\/v2\/types\/page"}],"author":[{"embeddable":true,"href":"https:\/\/deutsche-sprache.com\/pl\/wp-json\/wp\/v2\/users\/1"}],"replies":[{"embeddable":true,"href":"https:\/\/deutsche-sprache.com\/pl\/wp-json\/wp\/v2\/comments?post=15747"}],"version-history":[{"count":3,"href":"https:\/\/deutsche-sprache.com\/pl\/wp-json\/wp\/v2\/pages\/15747\/revisions"}],"predecessor-version":[{"id":15768,"href":"https:\/\/deutsche-sprache.com\/pl\/wp-json\/wp\/v2\/pages\/15747\/revisions\/15768"}],"wp:attachment":[{"href":"https:\/\/deutsche-sprache.com\/pl\/wp-json\/wp\/v2\/media?parent=15747"}],"curies":[{"name":"wp","href":"https:\/\/api.w.org\/{rel}","templated":true}]}}