{"id":15755,"date":"2025-09-04T11:25:43","date_gmt":"2025-09-04T08:25:43","guid":{"rendered":"https:\/\/deutsche-sprache.com\/moje-podreczniki\/"},"modified":"2026-05-08T20:52:11","modified_gmt":"2026-05-08T17:52:11","slug":"moje-podreczniki","status":"publish","type":"page","link":"https:\/\/deutsche-sprache.com\/pl\/moje-podreczniki\/","title":{"rendered":"Moje podr\u0119czniki"},"content":{"rendered":"<div class=\"real3dflipbook\" id=\"6_69febdfc78797\" style=\"position:absolute;\"><\/div>\n<div class=\"real3dflipbook\" id=\"1_69febdfc78b5c\" style=\"position:absolute;\"><\/div>\n<div class=\"real3dflipbook\" id=\"3_69febdfc78e18\" style=\"position:absolute;\"><\/div>\n<div class=\"real3dflipbook\" id=\"2_69febdfc7907c\" style=\"position:absolute;\"><\/div>\n<h3 class=\"wp-block-heading\">Moja kolekcja podr\u0119cznik\u00f3w<\/h3><figure class=\"wp-block-image size-full\"><a target=\"_blank\"><img alt=\"\" loading=\"lazy\" decoding=\"async\" width=\"1295\" height=\"1841\" src=\"https:\/\/deutsche-sprache.com\/wp-content\/uploads\/2025\/09\/A1.webp\" class=\"wp-image-546\" srcset=\"https:\/\/deutsche-sprache.com\/wp-content\/uploads\/2025\/09\/A1.webp 1295w, https:\/\/deutsche-sprache.com\/wp-content\/uploads\/2025\/09\/A1-600x853.webp 600w, https:\/\/deutsche-sprache.com\/wp-content\/uploads\/2025\/09\/A1-211x300.webp 211w, https:\/\/deutsche-sprache.com\/wp-content\/uploads\/2025\/09\/A1-720x1024.webp 720w, https:\/\/deutsche-sprache.com\/wp-content\/uploads\/2025\/09\/A1-106x150.webp 106w, https:\/\/deutsche-sprache.com\/wp-content\/uploads\/2025\/09\/A1-768x1092.webp 768w, https:\/\/deutsche-sprache.com\/wp-content\/uploads\/2025\/09\/A1-1080x1536.webp 1080w, https:\/\/deutsche-sprache.com\/wp-content\/uploads\/2025\/09\/A1-1200x1706.webp 1200w\" sizes=\"auto, (max-width: 1295px) 100vw, 1295px\" \/><\/a><\/figure><h5 class=\"wp-block-heading\">Deutsche Sprache A1<\/h5><figure class=\"wp-block-image size-large\"><img alt=\"\" loading=\"lazy\" decoding=\"async\" width=\"720\" height=\"1024\" src=\"https:\/\/deutsche-sprache.com\/wp-content\/uploads\/2025\/09\/A1-720x1024.webp\" class=\"wp-image-224\" srcset=\"https:\/\/deutsche-sprache.com\/wp-content\/uploads\/2025\/09\/A1-720x1024.webp 720w, https:\/\/deutsche-sprache.com\/wp-content\/uploads\/2025\/09\/A1-600x853.webp 600w, https:\/\/deutsche-sprache.com\/wp-content\/uploads\/2025\/09\/A1-211x300.webp 211w, https:\/\/deutsche-sprache.com\/wp-content\/uploads\/2025\/09\/A1-106x150.webp 106w, https:\/\/deutsche-sprache.com\/wp-content\/uploads\/2025\/09\/A1-768x1092.webp 768w, https:\/\/deutsche-sprache.com\/wp-content\/uploads\/2025\/09\/A1-1080x1536.webp 1080w, https:\/\/deutsche-sprache.com\/wp-content\/uploads\/2025\/09\/A1-1200x1706.webp 1200w, https:\/\/deutsche-sprache.com\/wp-content\/uploads\/2025\/09\/A1.webp 1295w\" sizes=\"auto, (max-width: 720px) 100vw, 720px\" \/><\/figure><h5 class=\"wp-block-heading\">Deutsche Sprache A1<\/h5><figure class=\"wp-block-image size-large\"><a target=\"_blank\"><img alt=\"\" loading=\"lazy\" decoding=\"async\" width=\"720\" height=\"1024\" src=\"https:\/\/deutsche-sprache.com\/wp-content\/uploads\/2025\/09\/V2-720x1024.webp\" class=\"wp-image-227\" srcset=\"https:\/\/deutsche-sprache.com\/wp-content\/uploads\/2025\/09\/V2-720x1024.webp 720w, https:\/\/deutsche-sprache.com\/wp-content\/uploads\/2025\/09\/V2-600x853.webp 600w, https:\/\/deutsche-sprache.com\/wp-content\/uploads\/2025\/09\/V2-211x300.webp 211w, https:\/\/deutsche-sprache.com\/wp-content\/uploads\/2025\/09\/V2-106x150.webp 106w, https:\/\/deutsche-sprache.com\/wp-content\/uploads\/2025\/09\/V2-768x1092.webp 768w, https:\/\/deutsche-sprache.com\/wp-content\/uploads\/2025\/09\/V2-1080x1536.webp 1080w, https:\/\/deutsche-sprache.com\/wp-content\/uploads\/2025\/09\/V2-1200x1706.webp 1200w, https:\/\/deutsche-sprache.com\/wp-content\/uploads\/2025\/09\/V2.webp 1295w\" sizes=\"auto, (max-width: 720px) 100vw, 720px\" \/><\/a><\/figure><h5 class=\"wp-block-heading\">Deutsche Sprache B2<\/h5><figure class=\"wp-block-image size-large\"><img alt=\"\" loading=\"lazy\" decoding=\"async\" width=\"720\" height=\"1024\" src=\"https:\/\/deutsche-sprache.com\/wp-content\/uploads\/2025\/09\/V2-720x1024.webp\" class=\"wp-image-227\" srcset=\"https:\/\/deutsche-sprache.com\/wp-content\/uploads\/2025\/09\/V2-720x1024.webp 720w, https:\/\/deutsche-sprache.com\/wp-content\/uploads\/2025\/09\/V2-600x853.webp 600w, https:\/\/deutsche-sprache.com\/wp-content\/uploads\/2025\/09\/V2-211x300.webp 211w, https:\/\/deutsche-sprache.com\/wp-content\/uploads\/2025\/09\/V2-106x150.webp 106w, https:\/\/deutsche-sprache.com\/wp-content\/uploads\/2025\/09\/V2-768x1092.webp 768w, https:\/\/deutsche-sprache.com\/wp-content\/uploads\/2025\/09\/V2-1080x1536.webp 1080w, https:\/\/deutsche-sprache.com\/wp-content\/uploads\/2025\/09\/V2-1200x1706.webp 1200w, https:\/\/deutsche-sprache.com\/wp-content\/uploads\/2025\/09\/V2.webp 1295w\" sizes=\"auto, (max-width: 720px) 100vw, 720px\" \/><\/figure><h5 class=\"wp-block-heading\">Deutsche Sprache B2<\/h5><figure class=\"wp-block-image size-full\"><a target=\"_blank\"><img alt=\"\" loading=\"lazy\" decoding=\"async\" width=\"1295\" height=\"1841\" src=\"https:\/\/deutsche-sprache.com\/wp-content\/uploads\/2025\/09\/V1.webp\" class=\"wp-image-226\" srcset=\"https:\/\/deutsche-sprache.com\/wp-content\/uploads\/2025\/09\/V1.webp 1295w, https:\/\/deutsche-sprache.com\/wp-content\/uploads\/2025\/09\/V1-600x853.webp 600w, https:\/\/deutsche-sprache.com\/wp-content\/uploads\/2025\/09\/V1-211x300.webp 211w, https:\/\/deutsche-sprache.com\/wp-content\/uploads\/2025\/09\/V1-720x1024.webp 720w, https:\/\/deutsche-sprache.com\/wp-content\/uploads\/2025\/09\/V1-106x150.webp 106w, https:\/\/deutsche-sprache.com\/wp-content\/uploads\/2025\/09\/V1-768x1092.webp 768w, https:\/\/deutsche-sprache.com\/wp-content\/uploads\/2025\/09\/V1-1080x1536.webp 1080w, https:\/\/deutsche-sprache.com\/wp-content\/uploads\/2025\/09\/V1-1200x1706.webp 1200w\" sizes=\"auto, (max-width: 1295px) 100vw, 1295px\" \/><\/a><\/figure><h5 class=\"wp-block-heading\">Deutsche Sprache B1<\/h5><figure class=\"wp-block-image size-full\"><img alt=\"\" loading=\"lazy\" decoding=\"async\" width=\"1295\" height=\"1841\" src=\"https:\/\/deutsche-sprache.com\/wp-content\/uploads\/2025\/09\/V1.webp\" class=\"wp-image-226\" srcset=\"https:\/\/deutsche-sprache.com\/wp-content\/uploads\/2025\/09\/V1.webp 1295w, https:\/\/deutsche-sprache.com\/wp-content\/uploads\/2025\/09\/V1-600x853.webp 600w, https:\/\/deutsche-sprache.com\/wp-content\/uploads\/2025\/09\/V1-211x300.webp 211w, https:\/\/deutsche-sprache.com\/wp-content\/uploads\/2025\/09\/V1-720x1024.webp 720w, https:\/\/deutsche-sprache.com\/wp-content\/uploads\/2025\/09\/V1-106x150.webp 106w, https:\/\/deutsche-sprache.com\/wp-content\/uploads\/2025\/09\/V1-768x1092.webp 768w, https:\/\/deutsche-sprache.com\/wp-content\/uploads\/2025\/09\/V1-1080x1536.webp 1080w, https:\/\/deutsche-sprache.com\/wp-content\/uploads\/2025\/09\/V1-1200x1706.webp 1200w\" sizes=\"auto, (max-width: 1295px) 100vw, 1295px\" \/><\/figure><h5 class=\"wp-block-heading\">Deutsche Sprache B1<\/h5><figure class=\"wp-block-image size-large\"><a target=\"_blank\"><img alt=\"\" decoding=\"async\" src=\"https:\/\/deutsche-sprache.com\/wp-content\/uploads\/2025\/09\/&#x410;2-1-720x1024.webp\" class=\"wp-image-225\"\/><\/a><\/figure><h5 class=\"wp-block-heading\">Deutsche Sprache A2<\/h5><figure class=\"wp-block-image size-large\"><img alt=\"\" decoding=\"async\" src=\"https:\/\/deutsche-sprache.com\/wp-content\/uploads\/2025\/09\/&#x410;2-1-720x1024.webp\" class=\"wp-image-225\"\/><\/figure><h5 class=\"wp-block-heading\">Deutsche Sprache A2<\/h5><h4 class=\"wp-block-heading\">Sprawd\u017a nasze podr\u0119czniki<\/h4><p>Obszar ten jest widoczny tylko dla zarejestrowanych u\u017cytkownik\u00f3w.<\/p>\n<p>Aby go zobaczy\u0107, zaloguj si\u0119, podaj\u0105c swoj\u0105 nazw\u0119 u\u017cytkownika i has\u0142o.<\/p><figure class=\"wp-block-image size-full\"><a target=\"_blank\"><img alt=\"deutsch im alltag\" loading=\"lazy\" decoding=\"async\" width=\"1295\" height=\"1841\" src=\"https:\/\/deutsche-sprache.com\/wp-content\/uploads\/2025\/11\/deutsch_im_alltag.webp\" class=\"wp-image-8989\" srcset=\"https:\/\/deutsche-sprache.com\/wp-content\/uploads\/2025\/11\/deutsch_im_alltag.webp 1295w, https:\/\/deutsche-sprache.com\/wp-content\/uploads\/2025\/11\/deutsch_im_alltag-211x300.webp 211w, https:\/\/deutsche-sprache.com\/wp-content\/uploads\/2025\/11\/deutsch_im_alltag-720x1024.webp 720w, https:\/\/deutsche-sprache.com\/wp-content\/uploads\/2025\/11\/deutsch_im_alltag-106x150.webp 106w, https:\/\/deutsche-sprache.com\/wp-content\/uploads\/2025\/11\/deutsch_im_alltag-768x1092.webp 768w, https:\/\/deutsche-sprache.com\/wp-content\/uploads\/2025\/11\/deutsch_im_alltag-1080x1536.webp 1080w, https:\/\/deutsche-sprache.com\/wp-content\/uploads\/2025\/11\/deutsch_im_alltag-1200x1706.webp 1200w, https:\/\/deutsche-sprache.com\/wp-content\/uploads\/2025\/11\/deutsch_im_alltag-600x853.webp 600w\" sizes=\"auto, (max-width: 1295px) 100vw, 1295px\" \/><\/a><\/figure><h5 class=\"wp-block-heading\">Niemiecki na co dzie\u0144<\/h5><div class=\"wp-block-buttons is-layout-flex wp-block-buttons-is-layout-flex\"><div class=\"wp-block-button\"><a class=\"wp-block-button__link\">Zaloguj si\u0119 lub zarejestruj<\/a><\/div><\/div>","protected":false},"excerpt":{"rendered":"<p>Moja kolekcja podr\u0119cznik\u00f3w Deutsche Sprache A1 Deutsche Sprache A1 Deutsche Sprache B2 Deutsche Sprache B2 Deutsche Sprache B1 Deutsche Sprache B1 Deutsche Sprache A2 Deutsche Sprache A2 Sprawd\u017a nasze podr\u0119czniki Obszar ten jest widoczny tylko dla zarejestrowanych u\u017cytkownik\u00f3w. Aby go zobaczy\u0107, zaloguj si\u0119, podaj\u0105c swoj\u0105 nazw\u0119 u\u017cytkownika i has\u0142o. Niemiecki na co dzie\u0144<\/p>\n","protected":false},"author":1,"featured_media":0,"parent":0,"menu_order":0,"comment_status":"closed","ping_status":"closed","template":"","meta":{"_acf_changed":false,"_seopress_robots_primary_cat":"","_seopress_titles_title":"","_seopress_titles_desc":"","_seopress_robots_index":"","footnotes":""},"class_list":["post-15755","page","type-page","status-publish"],"acf":{"\u0442\u0435\u043b\u0435\u0444\u043e\u043d":""},"_links":{"self":[{"href":"https:\/\/deutsche-sprache.com\/pl\/wp-json\/wp\/v2\/pages\/15755","targetHints":{"allow":["GET"]}}],"collection":[{"href":"https:\/\/deutsche-sprache.com\/pl\/wp-json\/wp\/v2\/pages"}],"about":[{"href":"https:\/\/deutsche-sprache.com\/pl\/wp-json\/wp\/v2\/types\/page"}],"author":[{"embeddable":true,"href":"https:\/\/deutsche-sprache.com\/pl\/wp-json\/wp\/v2\/users\/1"}],"replies":[{"embeddable":true,"href":"https:\/\/deutsche-sprache.com\/pl\/wp-json\/wp\/v2\/comments?post=15755"}],"version-history":[{"count":3,"href":"https:\/\/deutsche-sprache.com\/pl\/wp-json\/wp\/v2\/pages\/15755\/revisions"}],"predecessor-version":[{"id":15776,"href":"https:\/\/deutsche-sprache.com\/pl\/wp-json\/wp\/v2\/pages\/15755\/revisions\/15776"}],"wp:attachment":[{"href":"https:\/\/deutsche-sprache.com\/pl\/wp-json\/wp\/v2\/media?parent=15755"}],"curies":[{"name":"wp","href":"https:\/\/api.w.org\/{rel}","templated":true}]}}