{"id":15757,"date":"2025-09-04T06:24:17","date_gmt":"2025-09-04T03:24:17","guid":{"rendered":"https:\/\/deutsche-sprache.com\/nota-prawna\/"},"modified":"2026-05-08T20:55:37","modified_gmt":"2026-05-08T17:55:37","slug":"nota-prawna","status":"publish","type":"page","link":"https:\/\/deutsche-sprache.com\/pl\/nota-prawna\/","title":{"rendered":"Nota prawna"},"content":{"rendered":"<h3 class=\"wp-block-heading\">{post_title}<\/h3><p><strong>Informacje zgodnie z \u00a7 5 TMG:<\/strong><\/p>\n<p>\u00a0<\/p>\n<p>Dypl.-In\u017c. Niemiecki Gazeev<br\/>Helgol\u00e4nder Str. 2A<br\/>30163 Hanower<\/p>\n<p>\u00a0<\/p>\n<p><strong>Kontakt:<\/strong><br\/>Osoba kontaktowa: Dipl.-Ing. Niemiecki Gazeev<br\/>E-Mail: admin@deutsche-sprach.com<\/p>\n<p>\u00a0<\/p>\n<p><strong>Wy\u0142\u0105czenie odpowiedzialno\u015bci<\/strong><br\/>Odpowiedzialno\u015b\u0107 za tre\u015b\u0107<br\/>Jako us\u0142ugodawca jeste\u015bmy odpowiedzialni za w\u0142asne tre\u015bci na tych stronach zgodnie z og\u00f3lnymi przepisami prawa zgodnie z \u00a7 7 ust. 1 TMG. Jednak\u017ce zgodnie z \u00a7\u00a7 8 do 10 TMG jako us\u0142ugodawca nie jeste\u015bmy zobowi\u0105zani do monitorowania przekazywanych lub przechowywanych informacji os\u00f3b trzecich ani do badania okoliczno\u015bci wskazuj\u0105cych na nielegaln\u0105 dzia\u0142alno\u015b\u0107. Obowi\u0105zek usuni\u0119cia lub zablokowania wykorzystania informacji zgodnie z og\u00f3lnymi przepisami prawa pozostaje nienaruszony. Odpowiedzialno\u015b\u0107 w tym zakresie mo\u017cliwa jest jednak dopiero od momentu poznania konkretnego naruszenia prawa. Je\u015bli dowiemy si\u0119 o odpowiednich naruszeniach prawa, natychmiast usuniemy t\u0119 tre\u015b\u0107.<br\/>Odpowiedzialno\u015b\u0107 za linki<br\/>Nasza oferta zawiera linki do zewn\u0119trznych stron internetowych os\u00f3b trzecich, na kt\u00f3rych tre\u015b\u0107 nie mamy wp\u0142ywu. Dlatego nie mo\u017cemy ponosi\u0107 \u017cadnej odpowiedzialno\u015bci za te tre\u015bci. Za tre\u015b\u0107 stron, do kt\u00f3rych prowadz\u0105 linki, zawsze odpowiada odpowiedni dostawca lub operator stron. W momencie linkowania strony, do kt\u00f3rych prowadz\u0105 linki, zosta\u0142y sprawdzone pod k\u0105tem ewentualnych narusze\u0144 prawa. Nielegalne tre\u015bci nie by\u0142y widoczne w momencie \u0142\u0105czenia. Jednak\u017ce sta\u0142a kontrola tre\u015bci stron, do kt\u00f3rych prowadz\u0105 linki, jest nieuzasadniona bez konkretnych dowod\u00f3w naruszenia prawa. Je\u015bli dowiemy si\u0119 o jakichkolwiek naruszeniach prawa, natychmiast usuniemy takie linki.           <\/p>\n<p><br\/><strong>Prawo autorskie<\/strong><br\/>Tre\u015bci i dzie\u0142a na tych stronach stworzone przez operator\u00f3w witryny podlegaj\u0105 niemieckiemu prawu autorskiemu. Powielanie, przetwarzanie, rozpowszechnianie i wszelkiego rodzaju wykorzystywanie wykraczaj\u0105ce poza granice praw autorskich wymaga pisemnej zgody danego autora lub tw\u00f3rcy. Pobieranie i kopiowanie tej strony jest dozwolone wy\u0142\u0105cznie do u\u017cytku prywatnego, niekomercyjnego.<br\/>O ile tre\u015b\u0107 tej strony nie zosta\u0142a stworzona przez operatora, przestrzegane s\u0105 prawa autorskie os\u00f3b trzecich. W szczeg\u00f3lno\u015bci tre\u015bci os\u00f3b trzecich s\u0105 jako takie oznaczone. Je\u015bli jednak zauwa\u017cysz jakiekolwiek naruszenie praw autorskich, daj nam zna\u0107. Je\u015bli dowiemy si\u0119 o jakichkolwiek naruszeniach prawa, natychmiast usuniemy takie tre\u015bci.     <\/p>\n<p>\u00a0<\/p>\n<p><strong>O\u015bwiadczenie o ochronie danych<\/strong><br\/>Ochrona danych<br\/>Operatorzy tej strony internetowej bardzo powa\u017cnie podchodz\u0105 do ochrony Twoich danych osobowych. Traktujemy Twoje dane osobowe poufnie i zgodnie z ustawowymi przepisami o ochronie danych i niniejszym o\u015bwiadczeniem o ochronie danych.<br\/>Korzystanie z naszej strony internetowej jest zasadniczo mo\u017cliwe bez podawania danych osobowych. Je\u015bli na naszych stronach zbierane s\u0105 dane osobowe (np. imi\u0119 i nazwisko, adres lub adres e-mail), odbywa si\u0119 to zawsze, w miar\u0119 mo\u017cliwo\u015bci, na zasadzie dobrowolno\u015bci. Dane te nie b\u0119d\u0105 przekazywane podmiotom trzecim bez Twojej wyra\u017anej zgody.<br\/>Pragniemy zwr\u00f3ci\u0107 uwag\u0119, \u017ce transmisja danych w Internecie (np. podczas komunikacji za po\u015brednictwem poczty elektronicznej) mo\u017ce wykazywa\u0107 luki w zabezpieczeniach. Ca\u0142kowita ochrona danych przed dost\u0119pem os\u00f3b trzecich nie jest mo\u017cliwa.    <\/p>\n<p>\u00a0<\/p>\n<p><strong>O\u015bwiadczenie o ochronie danych podczas korzystania z etrackera<\/strong><br\/>Nasza strona internetowa korzysta z us\u0142ugi analitycznej etracker. Dostawc\u0105 jest etracker GmbH, Erste Brunnstra\u00dfe 1, 20459 Hamburg, Niemcy. Na podstawie tych danych mo\u017cna tworzy\u0107 profile u\u017cytkowania pod pseudonimem. W tym celu mo\u017cna wykorzysta\u0107 pliki cookies (ma\u0142e pliki tekstowe), kt\u00f3re zapisywane s\u0105 lokalnie w pami\u0119ci podr\u0119cznej Twojej przegl\u0105darki internetowej. Pliki cookies umo\u017cliwiaj\u0105 rozpoznanie Twojej przegl\u0105darki. Dane zbierane za pomoc\u0105 technologii etracker nie b\u0119d\u0105 wykorzystywane do osobistej identyfikacji os\u00f3b odwiedzaj\u0105cych nasz\u0105 stron\u0119 internetow\u0105 bez odr\u0119bnej zgody i nie b\u0119d\u0105 \u0142\u0105czone z danymi osobowymi ujawniaj\u0105cymi to\u017csamo\u015b\u0107 posiadacza pseudonimu.<br\/>W ka\u017cdej chwili mo\u017cesz sprzeciwi\u0107 si\u0119 gromadzeniu i przechowywaniu Twoich danych ze skutkiem na przysz\u0142o\u015b\u0107. Aby sprzeciwi\u0107 si\u0119 gromadzeniu i przechowywaniu danych Twojej przegl\u0105darki, mo\u017cesz uzyska\u0107 od firmy etracker plik cookie rezygnacji, klikaj\u0105c poni\u017cszy link, kt\u00f3ry uniemo\u017cliwia gromadzenie i przechowywanie danych Twojej przegl\u0105darki: http:\/\/www.etracker.de\/privacy?et=V23Jbb<br\/>Plik cookie rezygnacji zwany \u201ecntcookie\u201d jest ustawiany przez firm\u0119 etracker. Prosz\u0119 nie usuwa\u0107 tego pliku cookie, je\u015bli chcesz podtrzyma\u0107 sw\u00f3j sprzeciw. Dalsze informacje mo\u017cna znale\u017a\u0107 w o\u015bwiadczeniu o ochronie danych firmy etracker: http:\/\/www.etracker.com\/de\/datenschutz.html        <\/p>\n<p>\u00a0<\/p>\n<p><strong>O\u015bwiadczenie o ochronie danych w zwi\u0105zku z korzystaniem z wtyczek Facebooka (przycisk \u201eLubi\u0119 to\u201d)<\/strong><br\/>Wtyczki sieci spo\u0142eczno\u015bciowej Facebook, kt\u00f3rych dostawc\u0105 jest Facebook Inc., 1 Hacker Way, Menlo Park, California 94025, USA, s\u0105 zintegrowane z naszymi stronami. Wtyczki Facebooka mo\u017cna rozpozna\u0107 po logo Facebooka lub przycisku \u201eLubi\u0119 to\u201d na naszej stronie. Przegl\u0105d wtyczek Facebooka znajdziesz tutaj: http:\/\/developers.facebook.com\/docs\/plugins\/.<br\/>Kiedy odwiedzasz nasze strony, wtyczka nawi\u0105zuje bezpo\u015brednie po\u0142\u0105czenie pomi\u0119dzy Twoj\u0105 przegl\u0105dark\u0105 a serwerem Facebooka. W ten spos\u00f3b Facebook otrzymuje informacj\u0119, \u017ce odwiedzi\u0142e\u015b nasz\u0105 stron\u0119 ze swoim adresem IP. Je\u015bli klikniesz przycisk \u201eLubi\u0119 to\u201d przy swoim koncie na Facebooku, mo\u017cesz powi\u0105za\u0107 zawarto\u015b\u0107 naszej witryny ze swoim profilem na Facebooku. Dzi\u0119ki temu Facebook mo\u017ce przypisa\u0107 Twoj\u0105 wizyt\u0119 na naszych stronach do Twojego konta. Pragniemy zaznaczy\u0107, \u017ce jako dostawca stron nie mamy wiedzy na temat tre\u015bci przesy\u0142anych danych ani ich wykorzystania przez Facebook. Dalsze informacje mo\u017cna znale\u017a\u0107 w o\u015bwiadczeniu o ochronie danych Facebooka pod adresem http:\/\/de-de.facebook.com\/policy.php.<br\/>. Je\u015bli nie chc\u0105 Pa\u0144stwo, aby Facebook przyporz\u0105dkowywa\u0142 Pa\u0144stwa wizyt\u0119 na naszych stronach do Pa\u0144stwa konta na Facebooku, prosimy o wylogowanie si\u0119 ze swojego konta na Facebooku.     <\/p>\n<p>\u00a0<\/p>\n<p><strong>O\u015bwiadczenie o ochronie danych w zwi\u0105zku z korzystaniem z Google Analytics<\/strong><br\/>Ta strona korzysta z funkcji us\u0142ugi analizy sieci Google Analytics. Dostawc\u0105 jest Google Inc., 1600 Amphitheatre Parkway Mountain View, CA 94043, USA.<br\/>Google Analytics wykorzystuje tzw. \u201ecookies\u201d, pliki tekstowe zapisywane na Twoim komputerze i umo\u017cliwiaj\u0105ce analiz\u0119 korzystania przez Ciebie z witryny internetowej. Informacje uzyskane za pomoc\u0105 plik\u00f3w cookie s\u0105 zazwyczaj przesy\u0142ane na serwer Google w USA i tam przechowywane <\/p>\n<p><br\/><strong>Wtyczka do przegl\u0105darki<\/strong><br\/><strong>Mo\u017cesz wy\u0142\u0105czy\u0107 zapisywanie plik\u00f3w cookies w ustawieniach swojej przegl\u0105darki<\/strong>, jednak w takim przypadku mo\u017cesz nie mie\u0107 mo\u017cliwo\u015bci pe\u0142nego korzystania ze wszystkich funkcji serwisu. Mo\u017cesz tak\u017ce uniemo\u017cliwi\u0107 Google gromadzenie i przetwarzanie danych na temat Twojego korzystania z witryny (w tym adresu IP), instaluj\u0105c wtyczk\u0119 do przegl\u0105darki dost\u0119pn\u0105 pod nast\u0119puj\u0105cym linkiem: https:\/\/tools.google.com\/dlpage\/gaoptout?hl=de<br\/>Sprzeciw wobec gromadzenia danych<br\/>Mo\u017cesz zapobiec gromadzeniu danych przez Google Analytics, klikaj\u0105c poni\u017cszy link. Ustawiony jest plik cookie rezygnacji, kt\u00f3ry uniemo\u017cliwia gromadzenie danych podczas przysz\u0142ych wizyt na tej stronie internetowej: Dezaktywuj Google Analytics<br\/>Umowa przetwarzania danych<br\/>Zawarli\u015bmy umow\u0119 o przetwarzaniu danych z Google i w pe\u0142ni przestrzegamy rygorystycznych wymaga\u0144 niemieckich organ\u00f3w ochrony danych podczas korzystania z Google Analytics.  <\/p>\n<p><br\/><strong>Anonimizacja IP<\/strong><br\/>Na tej stronie internetowej w\u0142\u0105czona jest funkcja \u201eAktywuj anonimizacj\u0119 IP\u201d. Oznacza to, \u017ce Tw\u00f3j adres IP zostanie skr\u00f3cony przez Google na terenie kraj\u00f3w Unii Europejskiej lub w innych pa\u0144stwach b\u0119d\u0105cych stronami Porozumienia o Europejskim Obszarze Gospodarczym. Tylko w wyj\u0105tkowych przypadkach pe\u0142ny adres IP zostanie przes\u0142any na serwer Google w USA i tam skr\u00f3cony. W imieniu operatora tej witryny Google b\u0119dzie korzysta\u0107 z tych informacji w celu oceny korzystania z witryny, tworzenia raport\u00f3w dotycz\u0105cych ruchu na stronie oraz \u015bwiadczenia innych us\u0142ug zwi\u0105zanych z aktywno\u015bci\u0105 na stronie i korzystaniem z Internetu na rzecz operatora witryny. Adres IP przekazywany przez przegl\u0105dark\u0119 w ramach Google Analytics nie jest \u0142\u0105czony z innymi danymi Google.    <\/p>\n<p>\u00a0<\/p>\n<p><strong>O\u015bwiadczenie o ochronie danych przy korzystaniu z Google+<\/strong><br\/>Nasze strony korzystaj\u0105 z funkcji Google+. Dostawc\u0105 jest Google Inc., 1600 Amphitheatre Parkway Mountain View, CA 94043, USA.<br\/>Zbieranie i rozpowszechnianie informacji: Mo\u017cesz u\u017cywa\u0107 przycisku Google+ do publikowania informacji na ca\u0142ym \u015bwiecie. Korzystaj\u0105c z przycisku Google+, Ty i inni u\u017cytkownicy otrzymujecie spersonalizowane tre\u015bci od Google i naszych partner\u00f3w. Google przechowuje dane, kt\u00f3rym da\u0142e\u015b +1, oraz stron\u0119, na kt\u00f3rej to zrobi\u0142e\u015b. Twoje +1 mog\u0105 by\u0107 wy\u015bwietlane razem z nazw\u0105 Twojego profilu i zdj\u0119ciem w us\u0142ugach Google, np. w serwisie Google. B. w wynikach wyszukiwania lub w Twoim profilu Google, a tak\u017ce na innych stronach internetowych i w reklamach w Internecie.<br\/>Google przechowuje dane o Twoich dzia\u0142aniach +1 w celu ulepszenia swoich us\u0142ug. Aby korzysta\u0107 z przycisku Google+, musisz posiada\u0107 publiczny profil Google z widoczn\u0105 nazw\u0105, kt\u00f3ra jest u\u017cywana we wszystkich us\u0142ugach Google i mo\u017ce zast\u0105pi\u0107 inne nazwy, kt\u00f3rych u\u017cywa\u0142e\u015b podczas publikowania tre\u015bci za po\u015brednictwem swojego konta Google. Twoja to\u017csamo\u015b\u0107 mo\u017ce by\u0107 widoczna dla innych u\u017cytkownik\u00f3w, je\u015bli znaj\u0105 Tw\u00f3j adres e-mail lub posiadaj\u0105 inne informacje umo\u017cliwiaj\u0105ce identyfikacj\u0119.<br\/>Wykorzystanie zebranych informacji: Opr\u00f3cz cel\u00f3w opisanych powy\u017cej podane przez Ciebie informacje b\u0119d\u0105 wykorzystywane zgodnie z obowi\u0105zuj\u0105c\u0105 polityk\u0105 prywatno\u015bci Google. Google mo\u017ce publikowa\u0107 zbiorcze statystyki dotycz\u0105ce aktywno\u015bci +1 i udost\u0119pnia\u0107 je u\u017cytkownikom i partnerom, takim jak wydawcy, reklamodawcy i powi\u0105zane strony internetowe.      <\/p>\n<p>\u00a0<\/p>\n<p><strong>Polityka ochrony danych podczas korzystania z YouTube<\/strong><br\/>Nasza strona korzysta z wtyczek z portalu wideo YouTube, kt\u00f3rego operatorem jest Google. Operatorem serwisu jest YouTube, LLC, 901 Cherry Ave., San Bruno, CA 94066, USA. Kiedy odwiedzasz strony z wtyczk\u0105 YouTube, nawi\u0105zywane jest po\u0142\u0105czenie z serwerami YouTube. Dzi\u0119ki temu serwer informuje, kt\u00f3re z naszych stron odwiedzi\u0142e\u015b.<br\/>Je\u015bli jeste\u015b zalogowany na swoim koncie YouTube, YouTube mo\u017ce powi\u0105za\u0107 Twoje zachowanie na stronie bezpo\u015brednio z Twoim profilem. Aby tego unikn\u0105\u0107, wyloguj si\u0119 ze swojego konta YouTube.<br\/>Wi\u0119cej informacji na temat post\u0119powania YouTube z danymi u\u017cytkownika mo\u017cna znale\u017a\u0107 w polityce prywatno\u015bci YouTube: https:\/\/www.google.de\/intl\/de\/policies\/privacy <\/p>\n<p>\u00a0<\/p>\n<p><strong>Informowanie, usuwanie, blokowanie<\/strong><br\/>Masz prawo w ka\u017cdej chwili otrzyma\u0107 bezp\u0142atn\u0105 informacj\u0119 o przechowywanych przez Ciebie danych osobowych, ich pochodzeniu i odbiorcy oraz celu przetwarzania danych oraz \u017c\u0105dania poprawienia, zablokowania lub usuni\u0119cia tych danych. Je\u015bli masz te i inne pytania dotycz\u0105ce danych osobowych, mo\u017cesz skontaktowa\u0107 si\u0119 z nami pod adresem podanym w nocie prawnej. <\/p>\n<p>\u00a0<\/p>\n<p><strong>Formularz kontaktowy<\/strong><br\/>Je\u015bli wy\u015blesz do nas zapytanie za pomoc\u0105 formularza kontaktowego, Twoje dane z formularza, w tym dane kontaktowe, zostan\u0105 zapisane w celu przetworzenia Twojego zapytania oraz w przypadku dalszych pyta\u0144. Nie b\u0119dziemy przekazywa\u0107 tych danych bez Twojej zgody. <\/p>\n<p>\u00a0<\/p>\n<p><strong>Odrzucenie reklamy<\/strong><br\/>Wykorzystywanie danych kontaktowych opublikowanych w ramach obowi\u0105zku nadruku do przesy\u0142ania niezam\u00f3wionych materia\u0142\u00f3w reklamowych i informacyjnych zostaje niniejszym odrzucone. Operatorzy stron wyra\u017anie zastrzegaj\u0105 sobie prawo do podj\u0119cia krok\u00f3w prawnych w przypadku przesy\u0142ania niechcianych informacji reklamowych, takich jak wiadomo\u015bci spamowe. <\/p>\n<p>\u00a0<\/p>\n<p><strong>Wszystkie informacje podane bez gwarancji, b\u0142\u0119dy w druku, t\u0142umaczeniu i zmianach zastrze\u017cone.<\/strong><\/p>","protected":false},"excerpt":{"rendered":"<p>{post_title} Informacje zgodnie z \u00a7 5 TMG: \u00a0 Dypl.-In\u017c. Niemiecki GazeevHelgol\u00e4nder Str. 2A30163 Hanower \u00a0 Kontakt:Osoba kontaktowa: Dipl.-Ing. Niemiecki GazeevE-Mail: admin@deutsche-sprach.com \u00a0 Wy\u0142\u0105czenie odpowiedzialno\u015bciOdpowiedzialno\u015b\u0107 za tre\u015b\u0107Jako us\u0142ugodawca jeste\u015bmy odpowiedzialni za w\u0142asne tre\u015bci na tych stronach zgodnie z og\u00f3lnymi przepisami prawa zgodnie z \u00a7 7 ust. 1 TMG. Jednak\u017ce zgodnie z \u00a7\u00a7 8 do 10 TMG [&hellip;]<\/p>\n","protected":false},"author":1,"featured_media":0,"parent":0,"menu_order":0,"comment_status":"closed","ping_status":"closed","template":"","meta":{"_acf_changed":false,"_seopress_robots_primary_cat":"","_seopress_titles_title":"","_seopress_titles_desc":"","_seopress_robots_index":"","footnotes":""},"class_list":["post-15757","page","type-page","status-publish"],"acf":{"\u0442\u0435\u043b\u0435\u0444\u043e\u043d":""},"_links":{"self":[{"href":"https:\/\/deutsche-sprache.com\/pl\/wp-json\/wp\/v2\/pages\/15757","targetHints":{"allow":["GET"]}}],"collection":[{"href":"https:\/\/deutsche-sprache.com\/pl\/wp-json\/wp\/v2\/pages"}],"about":[{"href":"https:\/\/deutsche-sprache.com\/pl\/wp-json\/wp\/v2\/types\/page"}],"author":[{"embeddable":true,"href":"https:\/\/deutsche-sprache.com\/pl\/wp-json\/wp\/v2\/users\/1"}],"replies":[{"embeddable":true,"href":"https:\/\/deutsche-sprache.com\/pl\/wp-json\/wp\/v2\/comments?post=15757"}],"version-history":[{"count":3,"href":"https:\/\/deutsche-sprache.com\/pl\/wp-json\/wp\/v2\/pages\/15757\/revisions"}],"predecessor-version":[{"id":15781,"href":"https:\/\/deutsche-sprache.com\/pl\/wp-json\/wp\/v2\/pages\/15757\/revisions\/15781"}],"wp:attachment":[{"href":"https:\/\/deutsche-sprache.com\/pl\/wp-json\/wp\/v2\/media?parent=15757"}],"curies":[{"name":"wp","href":"https:\/\/api.w.org\/{rel}","templated":true}]}}