{"id":15821,"date":"2025-09-03T07:52:35","date_gmt":"2025-09-03T04:52:35","guid":{"rendered":"https:\/\/deutsche-sprache.com\/polityka-prywatnosci\/"},"modified":"2026-05-08T21:47:52","modified_gmt":"2026-05-08T18:47:52","slug":"polityka-prywatnosci","status":"publish","type":"page","link":"https:\/\/deutsche-sprache.com\/pl\/polityka-prywatnosci\/","title":{"rendered":"Polityka prywatno\u015bci"},"content":{"rendered":"<h3 class=\"wp-block-heading\">{post_title}<\/h3><h5><strong>\n<p>Odpowiedzialny zgodnie z art. 7 ust. 4 og\u00f3lnego rozporz\u0105dzenia UE o ochronie danych (RODO):<\/p>\n<p>\u00a0<\/p>\n<p>Dypl.-In\u017c. Niemiecki Gazeev<br\/>Helgol\u00e4nder Str. 2A<br\/>30163 Hannover<br\/><br\/>Kontakt:<br\/>Osoba kontaktowa: Dipl.-Ing. Niemiecki Gazeev<\/p>\n<p>admin@deutsche-sprache.com<\/p>\n<p>\u00a0<\/p>\n<p>Korzystanie z tej witryny jest co do zasady mo\u017cliwe bez podawania danych osobowych. Je\u015bli na naszych stronach zbierane s\u0105 dane osobowe (np. imi\u0119 i nazwisko, adres lub adres e-mail), dzieje si\u0119 to zawsze, w miar\u0119 mo\u017cliwo\u015bci, na zasadzie dobrowolno\u015bci. Dane te nie b\u0119d\u0105 przekazywane podmiotom trzecim bez Twojej wyra\u017anej zgody.  <\/p>\n<p>Zwracamy uwag\u0119, \u017ce transmisja danych w Internecie (np. podczas komunikacji za po\u015brednictwem poczty elektronicznej) mo\u017ce mie\u0107 luki w zabezpieczeniach. Ca\u0142kowita ochrona danych przed dost\u0119pem os\u00f3b trzecich nie jest mo\u017cliwa. <\/p>\n<p>Wykorzystywanie danych kontaktowych opublikowanych w ramach obowi\u0105zku nadruku przez osoby trzecie w celu przesy\u0142ania niezam\u00f3wionych materia\u0142\u00f3w reklamowych i informacyjnych jest niniejszym kategorycznie zabronione. Operatorzy serwisu zastrzegaj\u0105 sobie prawo do podj\u0119cia krok\u00f3w prawnych w przypadku przesy\u0142ania niechcianych informacji reklamowych, takich jak wiadomo\u015bci spamowe. <\/p>\n<p>\u00a0<\/p>\n<p><strong>Gromadzenie danych dost\u0119powych<\/strong><\/p>\n<p>Dostawca tymczasowo gromadzi dane o ka\u017cdym dost\u0119pie do zasobu internetowego (tzw. logi serwera). Dane dost\u0119powe obejmuj\u0105 nazw\u0119 \u017c\u0105danej strony, plik, dat\u0119 i godzin\u0119 dost\u0119pu, ilo\u015b\u0107 przes\u0142anych danych, powiadomienie o pomy\u015blnym dost\u0119pie, typ i wersj\u0119 przegl\u0105darki, system operacyjny u\u017cytkownika, adres URL strony odsy\u0142aj\u0105cej (ostatnia odwiedzona strona), adres IP i dostawc\u0119 \u017c\u0105daj\u0105cego. <\/p>\n<p>Dostawca wykorzystuje zarejestrowane dane bez po\u0142\u0105czenia z konkretn\u0105 osob\u0105 lub do tworzenia profili wy\u0142\u0105cznie w ramach przepis\u00f3w prawnych w celu analiz statystycznych dotycz\u0105cych dzia\u0142ania, bezpiecze\u0144stwa i optymalizacji oferty online. Dane te s\u0105 automatycznie usuwane. Dostawca zastrzega sobie jednak prawo do p\u00f3\u017aniejszego sprawdzenia zarejestrowanych danych, je\u015bli istniej\u0105 konkretne przes\u0142anki uzasadnionego podejrzenia u\u017cycia niezgodnego z prawem.  <\/p>\n<p>\u00a0<\/p>\n<p><strong>Gromadzenie i wykorzystywanie danych osobowych<\/strong><\/p>\n<p>Przetwarzanie tych danych osobowych jest uzasadnione zgodnie z art. 6 ust. 1 zdanie 1 lit. f RODO. Dostawca ma prawnie uzasadniony interes w przetwarzaniu danych w celu:   <\/p>\n<ul class=\"wp-block-list\">\n<li>eine schnelle Verbindung zur Website des Unternehmens herzustellen,<\/li>\n<li>eine benutzerfreundliche Nutzung der Website zu gew\u00e4hrleisten,<\/li>\n<li>die Sicherheit und Stabilit\u00e4t der Systeme zu gew\u00e4hrleisten,<\/li>\n<li>die Verwaltung der Website zu erleichtern und zu verbessern.<\/li>\n<\/ul>\n<p>Przetwarzanie danych nie ma wyra\u017anie na celu uzyskania informacji o to\u017csamo\u015bci osoby odwiedzaj\u0105cej stron\u0119 internetow\u0105.<\/p>\n<p><strong>Przekazywanie danych podmiotom trzecim<\/strong><\/p>\n<p>Dane osobowe b\u0119d\u0105 przekazywane podmiotom trzecim, je\u017celi<\/p>\n<ul class=\"wp-block-list\">\n<li>gem\u00e4\u00df Artikel 6 Absatz 1 Satz 1 Buchstabe a DSGVO die betroffene Person ihre ausdr\u00fcckliche Einwilligung gegeben hat,<\/li>\n<li>die Weitergabe gesetzlich gem\u00e4\u00df Artikel 6 Absatz 1 Satz 1 Buchstabe c DSGVO vorgesehen ist und\/oder<\/li>\n<li>die Weitergabe zur Erf\u00fcllung eines Vertrags mit der betroffenen Person gem\u00e4\u00df Artikel 6 Absatz 1 Satz 1 Buchstabe b DSGVO erforderlich ist.<\/li>\n<\/ul>\n<p>We wszystkich pozosta\u0142ych przypadkach dane osobowe nie b\u0119d\u0105 przekazywane podmiotom trzecim.<\/p>\n<p>\u00a0<\/p>\n<p><strong>Ciastka<\/strong><\/p>\n<p>W ramach swojej oferty internetowej dostawca wykorzystuje pliki \u201ecookies\u201d. Pliki cookie to ma\u0142e pliki przechowywane na komputerze u\u017cytkownika i mog\u0105ce przechowywa\u0107 informacje dla dostawcy. Tymczasowe pliki cookies s\u0105 usuwane po zamkni\u0119ciu przegl\u0105darki, sta\u0142e pliki cookies pozostaj\u0105 przechowywane przez okre\u015blony czas i mog\u0105 dostarczy\u0107 zapisanych informacji przy ponownym wej\u015bciu na stron\u0119.  <\/p>\n<p>Pliki cookies s\u0142u\u017c\u0105 z jednej strony do uproszczenia korzystania z serwisu. Na przyk\u0142ad plik cookie przechowuje stan koszyka u\u017cytkownika. <\/p>\n<p>U\u017cytkownik mo\u017ce mie\u0107 wp\u0142yw na wykorzystanie plik\u00f3w cookies. Wi\u0119kszo\u015b\u0107 przegl\u0105darek oferuje mo\u017cliwo\u015b\u0107 ograniczenia lub ca\u0142kowitego uniemo\u017cliwienia przechowywania plik\u00f3w cookies. Dostawca stara si\u0119 projektowa\u0107 ofert\u0119 internetow\u0105 w taki spos\u00f3b, aby stosowanie plik\u00f3w cookie nie by\u0142o absolutnie konieczne. Nale\u017cy jednak mie\u0107 na uwadze, \u017ce bez plik\u00f3w cookies korzystanie z serwisu, a w szczeg\u00f3lno\u015bci jego wygoda, mog\u0105 by\u0107 ograniczone.   <\/p>\n<p>Przetwarzanie danych za pomoc\u0105 plik\u00f3w cookies jest uzasadnione wskazanymi celami, kt\u00f3rymi jest ochrona prawnie uzasadnionych interes\u00f3w firmy zgodnie z art. 6 ust. 1 zdanie 1 lit. f) RODO.<\/p>\n<p>\u00a0<\/p>\n<p><strong>Czcionki Google<\/strong><\/p>\n<p>Ta strona u\u017cywa czcionek Google do wy\u015bwietlania czcionek. Jest to us\u0142uga \u015bwiadczona przez firm\u0119 Google LLC, 1600 Amphitheatre Parkway, Mountain View, CA 94043 USA, zwan\u0105 dalej Google. <\/p>\n<p>Google posiada certyfikat Tarczy Prywatno\u015bci (\u201eTarcza Prywatno\u015bci UE-USA\u201d), co oznacza, \u017ce \u200b\u200bGoogle gwarantuje przetwarzanie danych w USA zgodnie z wymogami ochrony danych UE. Wi\u0119cej informacji na temat Tarczy Prywatno\u015bci mo\u017cna znale\u017a\u0107 tutaj:<a href=\"https:\/\/www.privacyshield.gov\/participant?id=a2zt000000001L5AAI&amp;status=Active\">https:\/\/www.privacyshield.gov\/participant?id=a2zt000000001L5AAI&amp;status=Active<\/a> <\/p>\n<p>Po wej\u015bciu na t\u0119 stron\u0119 zostaje nawi\u0105zane po\u0142\u0105czenie z serwerem Google w USA w celu za\u0142adowania czcionek u\u017cywanych przez Google. Celem nawi\u0105zania po\u0142\u0105czenia po wej\u015bciu na stron\u0119 jest poinformowanie Google, z kt\u00f3rej witryny pochodzi \u017c\u0105danie i na jaki adres IP ma zosta\u0107 przes\u0142ane wy\u015bwietlenie czcionki. <\/p>\n<p>Korzystanie z czcionek wynika z naszego zainteresowania ekonomicznym funkcjonowaniem naszej strony internetowej zgodnie z art. 6 ust. 1 lit. f) RODO.<\/p>\n<p>Wi\u0119cej informacji mo\u017cna znale\u017a\u0107 na stronie:<a href=\"https:\/\/adssettings.google.com\/authenticated\">https:\/\/adssettings.google.com\/authenticated<\/a><a href=\"https:\/\/policies.google.com\/privacy\">https:\/\/policies.google.com\/privacy<\/a><\/p>\n<p>\u00a0<\/p>\n<p><strong>Informacje o ochronie danych podczas korzystania z Google Analytics<\/strong><\/p>\n<p>Ta strona korzysta z Google Analytics, us\u0142ugi analizy sieci udost\u0119pnianej przez Google Inc. (1600 Amphitheatre Parkway Mountain View, CA 94043, USA; \u201eGoogle\u201d). Stosowany jest tryb \u201eUniversal Analytics\u201d, kt\u00f3ry umo\u017cliwia powi\u0105zanie danych u\u017cytkownika, sesji i interakcji na r\u00f3\u017cnych urz\u0105dzeniach z pseudonimowym identyfikatorem u\u017cytkownika, co pozwala na analiz\u0119 dzia\u0142a\u0144 u\u017cytkownika na r\u00f3\u017cnych urz\u0105dzeniach. Niniejsza polityka prywatno\u015bci zosta\u0142a udost\u0119pniona przez<a href=\"http:\/\/www.intersoft-consulting.de\/\">www.intersoft-consulting.de<\/a>.   <\/p>\n<p>Google Analytics wykorzystuje tzw. \u201ecookies\u201d, pliki tekstowe zapisywane na Twoim komputerze i umo\u017cliwiaj\u0105ce analiz\u0119 korzystania przez Ciebie z witryny internetowej. Informacje uzyskane za pomoc\u0105 plik\u00f3w cookies zazwyczaj przekazywane s\u0105 na serwer Google w USA i tam przechowywane. Je\u015bli na tej stronie internetowej zostanie aktywowana anonimizacja IP, Tw\u00f3j adres IP zostanie wcze\u015bniej skr\u00f3cony przez Google na terenie kraj\u00f3w Unii Europejskiej lub innych umawiaj\u0105cych si\u0119 pa\u0144stw Porozumienia o Europejskim Obszarze Gospodarczym. Tylko w wyj\u0105tkowych przypadkach pe\u0142ny adres IP zostanie przes\u0142any na serwer Google w USA i tam skr\u00f3cony. Adres IP przekazywany przez Twoj\u0105 przegl\u0105dark\u0119 w ramach Google Analytics nie jest \u0142\u0105czony z innymi danymi Google. W imieniu operatora witryny Google b\u0119dzie korzysta\u0107 z tych informacji w celu oceny korzystania z witryny, tworzenia raport\u00f3w dotycz\u0105cych ruchu na stronie oraz \u015bwiadczenia innych us\u0142ug zwi\u0105zanych z ruchem na stronie i korzystaniem z Internetu na rzecz operatora witryny. Dzieje si\u0119 tak na podstawie naszego uzasadnionego interesu w przetwarzaniu danych. Podstaw\u0105 prawn\u0105 korzystania z Google Analytics jest \u00a7 15 ust. 3 TMG lub art. 6 ust. 1 lit. f) RODO. Dane powi\u0105zane z plikami cookie, identyfikatorami u\u017cytkownika (np. identyfikatorem u\u017cytkownika) lub identyfikatorami reklamowymi s\u0105 automatycznie usuwane po 14 miesi\u0105cach. Usuni\u0119cie danych, kt\u00f3rych okres przechowywania up\u0142yn\u0105\u0142, nast\u0119puje automatycznie raz w miesi\u0105cu. Dalsze informacje na temat warunk\u00f3w u\u017cytkowania i ochrony danych mo\u017cna znale\u017a\u0107 na stronie<a href=\"https:\/\/www.google.com\/analytics\/terms\/de.html\">https:\/\/www.google.com\/analytics\/terms\/de.html<\/a>i<a href=\"https:\/\/policies.google.com\/?hl=de.\">https:\/\/policies.google.com\/?hl=de.<\/a>             <\/p>\n<p>Mo\u017cesz zapobiec zapisywaniu plik\u00f3w cookies w ustawieniach swojej przegl\u0105darki, jednak w takim przypadku mo\u017cesz nie by\u0107 w stanie w pe\u0142ni korzysta\u0107 ze wszystkich funkcji serwisu. Mo\u017cesz zapobiec gromadzeniu danych generowanych przez pliki cookies i zwi\u0105zanych z korzystaniem przez Ciebie z serwisu (w tym Twojego adresu IP) oraz przetwarzaniu tych danych przez Google, instaluj\u0105c specjalny dodatek do przegl\u0105darki. Pliki cookie opt-out zapobiegaj\u0105 gromadzeniu Twoich danych w przysz\u0142o\u015bci, gdy odwiedzasz witryn\u0119. Aby zapobiec gromadzeniu danych Universal Analytics na r\u00f3\u017cnych urz\u0105dzeniach, musisz zrezygnowa\u0107 ze wszystkich u\u017cywanych system\u00f3w. Klikaj\u0105c tutaj, aktywujesz plik cookie rezygnacji: Dezaktywuj Google Analytics    <\/p>\n<p>\u00a0<\/p>\n<p><strong>Informacje o ochronie danych przy korzystaniu z formularza kontaktowego<\/strong><\/p>\n<p>Formularz kontaktowy na tej stronie internetowej s\u0142u\u017cy wy\u0142\u0105cznie do przetwarzania Pa\u0144stwa zapyta\u0144 i niezb\u0119dnej administracji technicznej. Zebrane dane nie b\u0119d\u0105 przekazywane osobom trzecim. W ka\u017cdej chwili mo\u017cesz sprzeciwi\u0107 si\u0119 wykorzystaniu Twoich danych lub wycofa\u0107 zgod\u0119 w przysz\u0142o\u015bci. W takim przypadku dane zostan\u0105 niezw\u0142ocznie usuni\u0119te.   <\/p>\n<p>W ka\u017cdej chwili mo\u017cesz poprosi\u0107 o informacj\u0119 o zebranych danych telefonicznie lub e-mailem. Twoje dane zostan\u0105 usuni\u0119te r\u00f3wnie\u017c po zako\u0144czeniu realizacji Twojego \u017c\u0105dania lub gdy zbieranie danych stanie si\u0119 niedopuszczalne z innych powod\u00f3w. <\/p>\n<p>Wi\u0119cej informacji na temat danych osobowych i ochrony danych mo\u017cna znale\u017a\u0107 w pozosta\u0142ych rozdzia\u0142ach niniejszej polityki prywatno\u015bci.<\/p>\n<p>\u00a0<\/p>\n<p><strong>Twoje prawa jako osoby, kt\u00f3rej dane dotycz\u0105<\/strong><\/p>\n<p>Je\u017celi Twoje dane osobowe s\u0105 przetwarzane w zwi\u0105zku z Twoj\u0105 wizyt\u0105 na naszej stronie internetowej, Tobie jako \u201eosobie, kt\u00f3rej dane dotycz\u0105\u201d w rozumieniu RODO przys\u0142uguj\u0105 Ci nast\u0119puj\u0105ce prawa:<\/p>\n<p>\u00a0<\/p>\n<p><strong>Prawo do informacji<\/strong><\/p>\n<p>Mo\u017cesz za\u017c\u0105da\u0107 od nas informacji, czy Twoje dane osobowe s\u0105 przetwarzane. Prawo do informacji nie istnieje, je\u017celi narusza to obowi\u0105zek zachowania poufno\u015bci lub je\u017celi informacja musi pozosta\u0107 poufna z innych powod\u00f3w, na przyk\u0142ad w interesie os\u00f3b trzecich. Wyj\u0105tek istnieje, je\u015bli Twoje interesy przewa\u017caj\u0105 nad interesem ochrony. Prawo do informacji jest r\u00f3wnie\u017c wy\u0142\u0105czone, je\u017celi dane s\u0105 przechowywane wy\u0142\u0105cznie ze wzgl\u0119du na ustawowe okresy przechowywania lub s\u0105 wykorzystywane wy\u0142\u0105cznie do cel\u00f3w kontroli bezpiecze\u0144stwa lub ochrony danych, a przekazanie informacji wymaga nieproporcjonalnie du\u017cego wysi\u0142ku, a przetwarzanie do innych cel\u00f3w jest technicznie niemo\u017cliwe. Je\u017celi przys\u0142uguje Ci prawo do informacji, mo\u017cesz \u017c\u0105da\u0107 od nas nast\u0119puj\u0105cych informacji: cel przetwarzania, kategorie przetwarzanych danych, odbiorcy lub kategorie odbiorc\u00f3w danych (w szczeg\u00f3lno\u015bci w krajach trzecich), o ile to mo\u017cliwe \u2013 przewidywany czas przechowywania lub kryteria jego ustalania, istnienie prawa do sprostowania, usuni\u0119cia, ograniczenia przetwarzania lub sprzeciwu wobec przetwarzania, istnienie prawa wniesienia skargi do organu nadzorczego ds. ochrony danych, je\u017celi dane nie zosta\u0142y zebrane bezpo\u015brednio od Ciebie \u2013 dost\u0119pna informacja o pochodzeniu danych, istnieniu zautomatyzowanych podejmowanie decyzji, w tym profilowanie oraz istotne informacje na temat logiki, skutk\u00f3w i prawdopodobnych skutk\u00f3w przekazywania danych do pa\u0144stw trzecich \u2013 informacje o odpowiednich zabezpieczeniach na podstawie art. 46 RODO, w przypadku braku decyzji Komisji Europejskiej o adekwatno\u015bci ochrony.    <\/p>\n<p>\u00a0<\/p>\n<p><strong>Prawo do poprawiania i uzupe\u0142niania<\/strong><\/p>\n<p>Je\u015bli odkryjesz, \u017ce przechowujemy nieprawid\u0142owe dane osobowe, mo\u017cesz za\u017c\u0105da\u0107 ich niezw\u0142ocznego poprawienia. Je\u017celi dane s\u0105 niekompletne, mo\u017cesz \u017c\u0105da\u0107 ich uzupe\u0142nienia. <\/p>\n<p>\u00a0<\/p>\n<p><strong>Prawo do usuni\u0119cia<\/strong><\/p>\n<p>Masz prawo do usuni\u0119cia danych (\u201eprawo do bycia zapomnianym\u201d), je\u017celi przetwarzanie nie jest niezb\u0119dne do korzystania z prawa do wolno\u015bci wypowiedzi, prawa do informacji, do wywi\u0105zania si\u0119 z obowi\u0105zku prawnego lub do wykonania zadania realizowanego w interesie publicznym oraz je\u017celi spe\u0142niony jest jeden z poni\u017cszych warunk\u00f3w: Dane nie s\u0105 ju\u017c potrzebne do cel\u00f3w przetwarzania. podstaw\u0105 prawn\u0105 przetwarzania jest Twoja zgoda, kt\u00f3r\u0105 wycofa\u0142e\u015b; wnios\u0142e\u015b sprzeciw wobec przetwarzania opublikowanych danych; wnios\u0142e\u015b sprzeciw wobec przetwarzania danych niepublicznych i nie wyst\u0119puj\u0105 nadrz\u0119dne, zgodne z prawem podstawy przetwarzania; dane by\u0142y przetwarzane niezgodnie z prawem; usuni\u0119cie jest niezb\u0119dne do wywi\u0105zania si\u0119 z obowi\u0105zku prawnego; Usuni\u0119cie nie jest konieczne, je\u015bli jest niemo\u017cliwe lub wymaga niewsp\u00f3\u0142miernie du\u017cego wysi\u0142ku, a Twoje interesy w usuni\u0119ciu s\u0105 nieistotne \u2013 w takim przypadku przetwarzanie jest ograniczone. <\/p>\n<p>\u00a0<\/p>\n<p><strong>Prawo do ograniczenia przetwarzania<\/strong><\/p>\n<p>Mo\u017cesz \u017c\u0105da\u0107 ograniczenia przetwarzania, je\u015bli: kwestionujesz prawid\u0142owo\u015b\u0107 danych, a ograniczenie jest niezb\u0119dne do weryfikacji; przetwarzanie jest niezgodne z prawem i wolisz ograniczenie ni\u017c usuni\u0119cie; nie potrzebujemy ju\u017c danych do przetwarzania; Z\u0142o\u017cy\u0142e\u015b sprzeciw zgodnie z art. 21 RODO i nie jest jasne, czy nasze uzasadnione interesy s\u0105 nadrz\u0119dne wobec nich. Ograniczenie oznacza, \u017ce \u200b\u200bdane mog\u0105 by\u0107 przetwarzane wy\u0142\u0105cznie za Twoj\u0105 zgod\u0105, w celu ochrony praw os\u00f3b trzecich lub z wa\u017cnych powod\u00f3w zwi\u0105zanych z interesem publicznym. Zanim zniesiemy to ograniczenie, jeste\u015bmy zobowi\u0105zani Ci\u0119 o tym powiadomi\u0107.  <\/p>\n<p>\u00a0<\/p>\n<p><strong>Prawo do przenoszenia danych<\/strong><\/p>\n<p>Je\u017celi przetwarzanie odbywa si\u0119 na podstawie Twojej zgody lub umowy i odbywa si\u0119 w spos\u00f3b zautomatyzowany, masz prawo otrzyma\u0107 swoje dane osobowe w ustrukturyzowanym, powszechnie u\u017cywanym formacie nadaj\u0105cym si\u0119 do odczytu maszynowego oraz przes\u0142a\u0107 je innemu administratorowi. O ile jest to technicznie mo\u017cliwe, mo\u017cemy przekaza\u0107 dane bezpo\u015brednio innej osobie odpowiedzialnej. <\/p>\n<p>\u00a0<\/p>\n<p><strong>Prawo do sprzeciwu<\/strong><\/p>\n<p>Je\u017celi przetwarzanie odbywa si\u0119 na podstawie art. 6 ust. 1 lit. e) lub f) RODO, mo\u017cesz sprzeciwi\u0107 si\u0119 przetwarzaniu z powod\u00f3w zwi\u0105zanych z Twoj\u0105 szczeg\u00f3ln\u0105 sytuacj\u0105. Dotyczy to r\u00f3wnie\u017c profilowania. Po wniesieniu sprzeciwu przetwarzanie zostanie wstrzymane, chyba \u017ce wyka\u017cemy istotne prawnie uzasadnione powody, kt\u00f3re przewa\u017caj\u0105 nad Twoimi interesami, lub przetwarzanie s\u0142u\u017cy dochodzeniu, wykonywaniu lub obronie roszcze\u0144 prawnych. Mo\u017cesz tak\u017ce w ka\u017cdej chwili sprzeciwi\u0107 si\u0119 przetwarzaniu na potrzeby marketingu bezpo\u015bredniego, w tym profilowaniu zwi\u0105zanemu z marketingiem. Dane nie b\u0119d\u0105 ju\u017c wykorzystywane do tych cel\u00f3w. Sprzeciw mo\u017cna przes\u0142a\u0107 telefonicznie, e-mailem, faksem lub poczt\u0105 na adres podany na pocz\u0105tku o\u015bwiadczenia o ochronie danych.       <\/p>\n<p>\u00a0<\/p>\n<p><strong>Wycofanie zgody<\/strong><\/p>\n<p>Masz prawo w ka\u017cdej chwili odwo\u0142a\u0107 swoj\u0105 zgod\u0119 ze skutkiem na przysz\u0142o\u015b\u0107. Odst\u0105pienia mo\u017cna dokona\u0107 telefonicznie, e-mailem, faksem lub poczt\u0105. Zgodno\u015b\u0107 z prawem przetwarzania, kt\u00f3rego dokonano na podstawie zgody do czasu jej wycofania, pozostaje nienaruszona. Po odwo\u0142aniu przetwarzanie oparte wy\u0142\u0105cznie na zgodzie ko\u0144czy si\u0119.   <\/p>\n<p>\u00a0<\/p>\n<p><strong>Skarga<\/strong><\/p>\n<p>Je\u017celi uwa\u017casz, \u017ce przetwarzanie Twoich danych jest niezgodne z prawem, mo\u017cesz wnie\u015b\u0107 skarg\u0119 do organu nadzorczego ds. ochrony danych, w\u0142a\u015bciwego ze wzgl\u0119du na Twoje miejsce zamieszkania, miejsce pracy lub zarzucane naruszenie.<\/p>\n<p><strong>Obecno\u015b\u0107 w mediach spo\u0142eczno\u015bciowych<\/strong><\/p>\n<p>Prowadzimy profile i fanpage\u2019e w sieciach spo\u0142eczno\u015bciowych. Podczas korzystania i odwiedzania naszych profili obowi\u0105zuj\u0105 przepisy dotycz\u0105ce ochrony danych i warunki korzystania z danej sieci. <\/p>\n<p>Kategorie danych i opis przetwarzania: dane dotycz\u0105ce u\u017cytkowania, dane kontaktowe, dane dotycz\u0105ce tre\u015bci, dane o dost\u0119pno\u015bci. Ponadto dane u\u017cytkownik\u00f3w w mediach spo\u0142eczno\u015bciowych s\u0105 zazwyczaj wykorzystywane w celach marketingowych i reklamowych. Na przyk\u0142ad na podstawie zachowa\u0144 i zainteresowa\u0144 u\u017cytkownik\u00f3w tworzone s\u0105 profile u\u017cytkowania, kt\u00f3re s\u0142u\u017c\u0105 do wy\u015bwietlania reklam w sieci i poza ni\u0105. W tym celu zazwyczaj wykorzystywane s\u0105 pliki cookies, kt\u00f3re przechowuj\u0105 dane o zachowaniach i zainteresowaniach u\u017cytkownik\u00f3w. Profile mog\u0105 zawiera\u0107 dane niezale\u017cne od urz\u0105dzenia (szczeg\u00f3lnie je\u015bli u\u017cytkownik jest zarejestrowany i zalogowany). Szczeg\u00f3\u0142owe informacje na temat rodzaj\u00f3w przetwarzania i mo\u017cliwo\u015bci sprzeciwu znajdziesz w wytycznych odpowiednich sieci. Je\u015bli masz pytania dotycz\u0105ce informacji lub chcesz skorzysta\u0107 z praw os\u00f3b, kt\u00f3rych to dotyczy, zalecamy bezpo\u015bredni kontakt z operatorami, poniewa\u017c tylko oni maj\u0105 dost\u0119p do danych i mog\u0105 podj\u0105\u0107 dzia\u0142ania. W razie potrzeby mo\u017cesz r\u00f3wnie\u017c skontaktowa\u0107 si\u0119 z nami.       <\/p>\n<p>Cel przetwarzania: komunikacja z u\u017cytkownikami portali spo\u0142eczno\u015bciowych, informacja i reklama naszych produkt\u00f3w, ofert i us\u0142ug; Prezentacja i wizerunek zewn\u0119trzny; Analiza u\u017cytkownik\u00f3w i tre\u015bci na naszych stronach w sieciach spo\u0142eczno\u015bciowych.<\/p>\n<p>Podstawa prawna: Opisany powy\u017cej prawnie uzasadniony interes zgodnie z art. 6 ust. 1 zdanie 1 lit. f) RODO. Je\u017celi wyrazi\u0142e\u015b zgod\u0119, art. 6 ust. 1 lit. a) w zwi\u0105zku z art. Podstaw\u0105 prawn\u0105 jest 7 RODO.     <\/p>\n<p>\u00a0<\/p>\n<p><strong>Transmisja danych: Sieci spo\u0142eczno\u015bciowe.<\/strong><\/p>\n<p>O\u015bwiadczenia o ochronie danych, mo\u017cliwo\u015bci informacji i sprzeciwu operator\u00f3w medi\u00f3w spo\u0142eczno\u015bciowych: Facebook \u2013 Operator: Facebook Ireland Ltd., 4 Grand Canal Square, Grand Canal Harbour, Dublin 2, Irlandia; Strona internetowa: www.facebook.com; O\u015bwiadczenie o ochronie danych:<a href=\"https:\/\/www.facebook.com\/about\/privacy\/\">https:\/\/www.facebook.com\/about\/privacy\/<\/a>; Rezygnacja:<a href=\"https:\/\/www.facebook.com\/settings?tab=ads\">https:\/\/www.facebook.com\/settings?tab=ads<\/a>i<a href=\"http:\/\/www.youronlinechoices.com\/\">http:\/\/www.youronlinechoices.com<\/a>; Sprzeciw:<a href=\"https:\/\/www.facebook.com\/help\/contact\/2061665240770586\">https:\/\/www.facebook.com\/help\/contact\/2061665240770586<\/a>; Umowa w sprawie wsp\u00f3lnego przetwarzania danych na stronach Facebooka (art. 26 RODO):<a href=\"https:\/\/www.facebook.com\/legal\/terms\/page_controller_addendum\">https:\/\/www.facebook.com\/legal\/terms\/page_controller_addendum<\/a>; O\u015bwiadczenie o ochronie danych dla stron na Facebooku:<a href=\"https:\/\/www.facebook.com\/legal\/terms\/information_about_page_insights_data.\">https:\/\/www.facebook.com\/legal\/terms\/information_about_page_insights_data.<\/a><\/p>\n<p>\u00a0<\/p>\n<p><strong>Status i aktualizacja niniejszego o\u015bwiadczenia o ochronie danych<\/strong><\/p>\n<p>Niniejsze o\u015bwiadczenie o ochronie danych obowi\u0105zuje od 9 grudnia 2024 r. Zastrzegamy sobie prawo do jego dostosowania, je\u015bli b\u0119dzie to konieczne w celu poprawy ochrony danych i\/lub zmian w organach lub orzecznictwie. <\/p>\n<h5><strong><\/strong><\/h5><\/strong><\/h5>","protected":false},"excerpt":{"rendered":"<p>{post_title} Odpowiedzialny zgodnie z art. 7 ust. 4 og\u00f3lnego rozporz\u0105dzenia UE o ochronie danych (RODO): \u00a0 Dypl.-In\u017c. Niemiecki GazeevHelgol\u00e4nder Str. 2A30163 Hannover Kontakt:Osoba kontaktowa: Dipl.-Ing. Niemiecki Gazeev admin@deutsche-sprache.com \u00a0 Korzystanie z tej witryny jest co do zasady mo\u017cliwe bez podawania danych osobowych. Je\u015bli na naszych stronach zbierane s\u0105 dane osobowe (np. imi\u0119 i nazwisko, adres [&hellip;]<\/p>\n","protected":false},"author":1,"featured_media":0,"parent":0,"menu_order":0,"comment_status":"closed","ping_status":"closed","template":"","meta":{"_acf_changed":false,"_seopress_robots_primary_cat":"","_seopress_titles_title":"Polityka prywatno\u015bci","_seopress_titles_desc":"","_seopress_robots_index":"","footnotes":""},"class_list":["post-15821","page","type-page","status-publish"],"acf":{"\u0442\u0435\u043b\u0435\u0444\u043e\u043d":""},"_links":{"self":[{"href":"https:\/\/deutsche-sprache.com\/pl\/wp-json\/wp\/v2\/pages\/15821","targetHints":{"allow":["GET"]}}],"collection":[{"href":"https:\/\/deutsche-sprache.com\/pl\/wp-json\/wp\/v2\/pages"}],"about":[{"href":"https:\/\/deutsche-sprache.com\/pl\/wp-json\/wp\/v2\/types\/page"}],"author":[{"embeddable":true,"href":"https:\/\/deutsche-sprache.com\/pl\/wp-json\/wp\/v2\/users\/1"}],"replies":[{"embeddable":true,"href":"https:\/\/deutsche-sprache.com\/pl\/wp-json\/wp\/v2\/comments?post=15821"}],"version-history":[{"count":1,"href":"https:\/\/deutsche-sprache.com\/pl\/wp-json\/wp\/v2\/pages\/15821\/revisions"}],"predecessor-version":[{"id":15822,"href":"https:\/\/deutsche-sprache.com\/pl\/wp-json\/wp\/v2\/pages\/15821\/revisions\/15822"}],"wp:attachment":[{"href":"https:\/\/deutsche-sprache.com\/pl\/wp-json\/wp\/v2\/media?parent=15821"}],"curies":[{"name":"wp","href":"https:\/\/api.w.org\/{rel}","templated":true}]}}