{"id":15804,"date":"2025-09-26T04:56:05","date_gmt":"2025-09-26T01:56:05","guid":{"rendered":"https:\/\/deutsche-sprache.com\/product\/deutsche-sprache-a1-printed-pl\/"},"modified":"2026-05-08T21:49:26","modified_gmt":"2026-05-08T18:49:26","slug":"deutsche-sprache-a1-printed-pl","status":"publish","type":"product","link":"https:\/\/deutsche-sprache.com\/pl\/produkt\/deutsche-sprache-a1-printed-pl\/","title":{"rendered":"Deutsche Sprache A1"},"content":{"rendered":"<p><strong>Deutsche Sprache A1<\/strong> &#8211; podr\u0119cznik drukowany.<\/p>\n<p>To drukowana wersja podr\u0119cznika \u201eDeutsche Sprache\u201d, przeznaczona do systematycznej nauki gramatyki, s\u0142ownictwa, czytania, s\u0142uchania i pisania po niemiecku.<\/p>\n<p>Podr\u0119cznik zawiera jasne obja\u015bnienia, \u0107wiczenia, materia\u0142y audio i wideo oraz odpowiedzi i dodatkowe materia\u0142y dost\u0119pne przez kody QR.<\/p>\n","protected":false},"excerpt":{"rendered":"<p>Deutsche Sprache A1 &#8211; podr\u0119cznik drukowany. To drukowana wersja podr\u0119cznika \u201eDeutsche Sprache\u201d, przeznaczona do systematycznej nauki gramatyki, s\u0142ownictwa, czytania, s\u0142uchania i pisania po niemiecku. Podr\u0119cznik zawiera jasne obja\u015bnienia, \u0107wiczenia, materia\u0142y audio i wideo oraz odpowiedzi i dodatkowe materia\u0142y dost\u0119pne przez kody QR.<\/p>\n","protected":false},"featured_media":15712,"comment_status":"open","ping_status":"closed","template":"","meta":{"_acf_changed":false,"_seopress_robots_primary_cat":"","_seopress_titles_title":"","_seopress_titles_desc":"","_seopress_robots_index":""},"product_brand":[],"product_cat":[347],"product_tag":[],"class_list":{"0":"post-15804","1":"product","2":"type-product","3":"status-publish","4":"has-post-thumbnail","6":"product_cat-printed-textbook-pl","8":"first","9":"instock","10":"featured","11":"taxable","12":"shipping-taxable","13":"purchasable","14":"product-type-simple"},"acf":{"\u0442\u0435\u043b\u0435\u0444\u043e\u043d":"","\u0433\u043e\u0434_\u0432\u044b\u043f\u0443\u0441\u043a\u0430":"2019","\u0434\u0430\u0442\u0430_\u0432\u044b\u043f\u0443\u0441\u043a\u0430":"14 pa\u017adziernika","\u043e\u0431\u044a\u0435\u043c":"280","\u044f\u0437\u044b\u043a":"DE","\u044f\u0437\u044b\u043a_\u043f\u043e\u043b\u043d\u043e\u0441\u0442\u044c\u044e":"Niemiecki"},"_links":{"self":[{"href":"https:\/\/deutsche-sprache.com\/pl\/wp-json\/wp\/v2\/product\/15804","targetHints":{"allow":["GET"]}}],"collection":[{"href":"https:\/\/deutsche-sprache.com\/pl\/wp-json\/wp\/v2\/product"}],"about":[{"href":"https:\/\/deutsche-sprache.com\/pl\/wp-json\/wp\/v2\/types\/product"}],"replies":[{"embeddable":true,"href":"https:\/\/deutsche-sprache.com\/pl\/wp-json\/wp\/v2\/comments?post=15804"}],"wp:featuredmedia":[{"embeddable":true,"href":"https:\/\/deutsche-sprache.com\/pl\/wp-json\/wp\/v2\/media\/15712"}],"wp:attachment":[{"href":"https:\/\/deutsche-sprache.com\/pl\/wp-json\/wp\/v2\/media?parent=15804"}],"wp:term":[{"taxonomy":"product_brand","embeddable":true,"href":"https:\/\/deutsche-sprache.com\/pl\/wp-json\/wp\/v2\/product_brand?post=15804"},{"taxonomy":"product_cat","embeddable":true,"href":"https:\/\/deutsche-sprache.com\/pl\/wp-json\/wp\/v2\/product_cat?post=15804"},{"taxonomy":"product_tag","embeddable":true,"href":"https:\/\/deutsche-sprache.com\/pl\/wp-json\/wp\/v2\/product_tag?post=15804"}],"curies":[{"name":"wp","href":"https:\/\/api.w.org\/{rel}","templated":true}]}}