{"id":15812,"date":"2025-09-26T06:54:19","date_gmt":"2025-09-26T03:54:19","guid":{"rendered":"https:\/\/deutsche-sprache.com\/product\/deutsche-sprache-a2-electronic-pl\/"},"modified":"2026-05-08T21:50:05","modified_gmt":"2026-05-08T18:50:05","slug":"deutsche-sprache-a2-electronic-pl","status":"publish","type":"product","link":"https:\/\/deutsche-sprache.com\/pl\/produkt\/deutsche-sprache-a2-electronic-pl\/","title":{"rendered":"Deutsche Sprache A2"},"content":{"rendered":"<p><strong>Deutsche Sprache A2<\/strong> &#8211; podr\u0119cznik elektroniczny.<\/p>\n<p>To elektroniczna wersja podr\u0119cznika \u201eDeutsche Sprache\u201d, dost\u0119pna online na koncie u\u017cytkownika przez rok od zakupu.<\/p>\n<p>Podr\u0119cznik zawiera jasne obja\u015bnienia, \u0107wiczenia, materia\u0142y audio i wideo oraz odpowiedzi i dodatkowe materia\u0142y dost\u0119pne przez kody QR.<\/p>\n","protected":false},"excerpt":{"rendered":"<p>Deutsche Sprache A2 &#8211; podr\u0119cznik elektroniczny. To elektroniczna wersja podr\u0119cznika \u201eDeutsche Sprache\u201d, dost\u0119pna online na koncie u\u017cytkownika przez rok od zakupu. Podr\u0119cznik zawiera jasne obja\u015bnienia, \u0107wiczenia, materia\u0142y audio i wideo oraz odpowiedzi i dodatkowe materia\u0142y dost\u0119pne przez kody QR.<\/p>\n","protected":false},"featured_media":15810,"comment_status":"open","ping_status":"closed","template":"","meta":{"_acf_changed":false,"_seopress_robots_primary_cat":"","_seopress_titles_title":"","_seopress_titles_desc":"","_seopress_robots_index":""},"product_brand":[],"product_cat":[348],"product_tag":[],"class_list":{"0":"post-15812","1":"product","2":"type-product","3":"status-publish","4":"has-post-thumbnail","6":"product_cat-electronic-textbook-pl","8":"first","9":"instock","10":"virtual","11":"sold-individually","12":"taxable","13":"purchasable","14":"product-type-simple"},"acf":{"\u0442\u0435\u043b\u0435\u0444\u043e\u043d":"","\u0433\u043e\u0434_\u0432\u044b\u043f\u0443\u0441\u043a\u0430":"2019","\u0434\u0430\u0442\u0430_\u0432\u044b\u043f\u0443\u0441\u043a\u0430":"14 pa\u017adziernika","\u043e\u0431\u044a\u0435\u043c":"280","\u044f\u0437\u044b\u043a":"DE","\u044f\u0437\u044b\u043a_\u043f\u043e\u043b\u043d\u043e\u0441\u0442\u044c\u044e":"Niemiecki"},"_links":{"self":[{"href":"https:\/\/deutsche-sprache.com\/pl\/wp-json\/wp\/v2\/product\/15812","targetHints":{"allow":["GET"]}}],"collection":[{"href":"https:\/\/deutsche-sprache.com\/pl\/wp-json\/wp\/v2\/product"}],"about":[{"href":"https:\/\/deutsche-sprache.com\/pl\/wp-json\/wp\/v2\/types\/product"}],"replies":[{"embeddable":true,"href":"https:\/\/deutsche-sprache.com\/pl\/wp-json\/wp\/v2\/comments?post=15812"}],"wp:featuredmedia":[{"embeddable":true,"href":"https:\/\/deutsche-sprache.com\/pl\/wp-json\/wp\/v2\/media\/15810"}],"wp:attachment":[{"href":"https:\/\/deutsche-sprache.com\/pl\/wp-json\/wp\/v2\/media?parent=15812"}],"wp:term":[{"taxonomy":"product_brand","embeddable":true,"href":"https:\/\/deutsche-sprache.com\/pl\/wp-json\/wp\/v2\/product_brand?post=15812"},{"taxonomy":"product_cat","embeddable":true,"href":"https:\/\/deutsche-sprache.com\/pl\/wp-json\/wp\/v2\/product_cat?post=15812"},{"taxonomy":"product_tag","embeddable":true,"href":"https:\/\/deutsche-sprache.com\/pl\/wp-json\/wp\/v2\/product_tag?post=15812"}],"curies":[{"name":"wp","href":"https:\/\/api.w.org\/{rel}","templated":true}]}}