{"id":15996,"date":"2025-10-26T23:01:35","date_gmt":"2025-10-26T20:01:35","guid":{"rendered":"https:\/\/deutsche-sprache.com\/alemao-no-dia-a-dia\/"},"modified":"2026-05-09T03:40:18","modified_gmt":"2026-05-09T00:40:18","slug":"alemao-no-dia-a-dia","status":"publish","type":"page","link":"https:\/\/deutsche-sprache.com\/pt-pt\/alemao-no-dia-a-dia\/","title":{"rendered":"Alem\u00e3o no dia a dia"},"content":{"rendered":"<h4 class=\"wp-block-heading\">Manuais para aprender gram\u00e1tica<\/h4><div class=\"real3dflipbook\" id=\"19_69febedc7a552\" style=\"position:absolute;\"><\/div>\n<figure class=\"wp-block-image size-full\"><img alt=\"deutsch im alltag\" loading=\"lazy\" decoding=\"async\" width=\"1295\" height=\"1841\" src=\"https:\/\/deutsche-sprache.com\/wp-content\/uploads\/2025\/11\/deutsch_im_alltag-1.webp\" class=\"wp-image-8992\" srcset=\"https:\/\/deutsche-sprache.com\/wp-content\/uploads\/2025\/11\/deutsch_im_alltag-1.webp 1295w, https:\/\/deutsche-sprache.com\/wp-content\/uploads\/2025\/11\/deutsch_im_alltag-1-211x300.webp 211w, https:\/\/deutsche-sprache.com\/wp-content\/uploads\/2025\/11\/deutsch_im_alltag-1-720x1024.webp 720w, https:\/\/deutsche-sprache.com\/wp-content\/uploads\/2025\/11\/deutsch_im_alltag-1-106x150.webp 106w, https:\/\/deutsche-sprache.com\/wp-content\/uploads\/2025\/11\/deutsch_im_alltag-1-768x1092.webp 768w, https:\/\/deutsche-sprache.com\/wp-content\/uploads\/2025\/11\/deutsch_im_alltag-1-1080x1536.webp 1080w, https:\/\/deutsche-sprache.com\/wp-content\/uploads\/2025\/11\/deutsch_im_alltag-1-1200x1706.webp 1200w, https:\/\/deutsche-sprache.com\/wp-content\/uploads\/2025\/11\/deutsch_im_alltag-1-600x853.webp 600w\" sizes=\"auto, (max-width: 1295px) 100vw, 1295px\" \/><\/figure><div class=\"wp-block-buttons is-layout-flex wp-block-buttons-is-layout-flex\"><\/div><div class=\"wp-block-buttons is-layout-flex wp-block-buttons-is-layout-flex\"><div class=\"wp-block-button\"><a class=\"wp-block-button__link\">Ler o manual<\/a><\/div><\/div><div class=\"wp-block-buttons is-layout-flex wp-block-buttons-is-layout-flex\"><div class=\"wp-block-button\"><a class=\"wp-block-button__link\">Ler o manual<\/a><\/div><\/div><p>Livro did\u00e1tico on-line gratuito para o idioma alem\u00e3o &#8211; para todos os n\u00edveis de A1 a C1.<br\/>O livro ajuda voc\u00ea a sistematizar seu conhecimento, aprender o vocabul\u00e1rio sobre t\u00f3picos importantes e falar alem\u00e3o com confian\u00e7a.<br\/>No livro voc\u00ea encontrar\u00e1 cart\u00f5es com express\u00f5es idiom\u00e1ticas e dicas que tornam o aprendizado f\u00e1cil e compreens\u00edvel.<br\/>O livro \u00e9 adequado para auto-estudo, bem como como um complemento para qualquer curso.<\/p><div class=\"wp-block-buttons is-layout-flex wp-block-buttons-is-layout-flex\"><div class=\"wp-block-button\"><a class=\"wp-block-button__link\">Ler o manual<\/a><\/div><\/div><div class=\"wp-block-buttons is-layout-flex wp-block-buttons-is-layout-flex\"><\/div><p><span style=\"cor: #00b000;\">\u2714\ufe0e<\/span>O acesso \u00e9 gratuito.<\/p>\n<p>\u00a0<\/p><div class=\"wp-block-buttons is-layout-flex wp-block-buttons-is-layout-flex\"><div class=\"wp-block-button\"><a class=\"wp-block-button__link\">Ler o manual<\/a><\/div><\/div><figure class=\"wp-block-image size-full\"><img alt=\"deutsch im alltag\" loading=\"lazy\" decoding=\"async\" width=\"1295\" height=\"1841\" src=\"https:\/\/deutsche-sprache.com\/wp-content\/uploads\/2025\/11\/deutsch_im_alltag-1.webp\" class=\"wp-image-8992\" srcset=\"https:\/\/deutsche-sprache.com\/wp-content\/uploads\/2025\/11\/deutsch_im_alltag-1.webp 1295w, https:\/\/deutsche-sprache.com\/wp-content\/uploads\/2025\/11\/deutsch_im_alltag-1-211x300.webp 211w, https:\/\/deutsche-sprache.com\/wp-content\/uploads\/2025\/11\/deutsch_im_alltag-1-720x1024.webp 720w, https:\/\/deutsche-sprache.com\/wp-content\/uploads\/2025\/11\/deutsch_im_alltag-1-106x150.webp 106w, https:\/\/deutsche-sprache.com\/wp-content\/uploads\/2025\/11\/deutsch_im_alltag-1-768x1092.webp 768w, https:\/\/deutsche-sprache.com\/wp-content\/uploads\/2025\/11\/deutsch_im_alltag-1-1080x1536.webp 1080w, https:\/\/deutsche-sprache.com\/wp-content\/uploads\/2025\/11\/deutsch_im_alltag-1-1200x1706.webp 1200w, https:\/\/deutsche-sprache.com\/wp-content\/uploads\/2025\/11\/deutsch_im_alltag-1-600x853.webp 600w\" sizes=\"auto, (max-width: 1295px) 100vw, 1295px\" \/><\/figure><div class=\"real3dflipbook\" id=\"7_69febedc7a8cd\" style=\"position:absolute;\"><\/div>\n<p><span style=\"cor: #00b000;\">\u2714\ufe0e<\/span>O acesso \u00e9 gratuito.<\/p>\n<p>\u00a0<\/p>\n<p>Livro did\u00e1tico on-line gratuito para o idioma alem\u00e3o &#8211; para todos os n\u00edveis de A1 a C1.<br\/>O livro ajuda voc\u00ea a sistematizar seu conhecimento, aprender o vocabul\u00e1rio sobre t\u00f3picos importantes e falar alem\u00e3o com confian\u00e7a.<br\/>No livro voc\u00ea encontrar\u00e1 cart\u00f5es com express\u00f5es idiom\u00e1ticas e dicas que tornam o aprendizado f\u00e1cil e compreens\u00edvel.<br\/>O livro \u00e9 adequado para auto-estudo, bem como como um complemento para qualquer curso.<br\/><br\/><\/p><h2 class=\"wp-block-heading\">Professor de IA<\/h2>Korrigiert Fehler und hilft, Texte besser zu formulieren.<div class=\"wp-block-buttons is-layout-flex wp-block-buttons-is-layout-flex\"><div class=\"wp-block-button\"><a class=\"wp-block-button__link\">Saber mais<\/a><\/div><\/div><figure class=\"wp-block-image size-full\"><a><img alt=\"\u0421\u043d\u0438\u043c\u043e\u043a \u044d\u043a\u0440\u0430\u043d\u0430 2026 03 24 \u0432 23.38.21 1\" decoding=\"async\" src=\"https:\/\/deutsche-sprache.com\/wp-content\/uploads\/2026\/03\/&#x421;&#x43D;&#x438;&#x43C;&#x43E;&#x43A;-&#x44D;&#x43A;&#x440;&#x430;&#x43D;&#x430;-2026-03-24-&#x432;-23.38.21-1.webp\" class=\"wp-image-14462\"\/><\/a><\/figure>","protected":false},"excerpt":{"rendered":"<p>Manuais para aprender gram\u00e1tica Livro did\u00e1tico on-line gratuito para o idioma alem\u00e3o &#8211; para todos os n\u00edveis de A1 a C1.O livro ajuda voc\u00ea a sistematizar seu conhecimento, aprender o vocabul\u00e1rio sobre t\u00f3picos importantes e falar alem\u00e3o com confian\u00e7a.No livro voc\u00ea encontrar\u00e1 cart\u00f5es com express\u00f5es idiom\u00e1ticas e dicas que tornam o aprendizado f\u00e1cil e compreens\u00edvel.O [&hellip;]<\/p>\n","protected":false},"author":1,"featured_media":0,"parent":0,"menu_order":0,"comment_status":"closed","ping_status":"closed","template":"","meta":{"_acf_changed":false,"_seopress_robots_primary_cat":"","_seopress_titles_title":"","_seopress_titles_desc":"Livro online gratuito para alem\u00e3o (A1\u2013C1). Livro did\u00e1tico com mapas, express\u00f5es idiom\u00e1ticas e vocabul\u00e1rio tem\u00e1tico. Adequado para todos os n\u00edveis de idioma.  ","_seopress_robots_index":"","footnotes":""},"class_list":["post-15996","page","type-page","status-publish"],"acf":{"\u0442\u0435\u043b\u0435\u0444\u043e\u043d":""},"_links":{"self":[{"href":"https:\/\/deutsche-sprache.com\/pt-pt\/wp-json\/wp\/v2\/pages\/15996","targetHints":{"allow":["GET"]}}],"collection":[{"href":"https:\/\/deutsche-sprache.com\/pt-pt\/wp-json\/wp\/v2\/pages"}],"about":[{"href":"https:\/\/deutsche-sprache.com\/pt-pt\/wp-json\/wp\/v2\/types\/page"}],"author":[{"embeddable":true,"href":"https:\/\/deutsche-sprache.com\/pt-pt\/wp-json\/wp\/v2\/users\/1"}],"replies":[{"embeddable":true,"href":"https:\/\/deutsche-sprache.com\/pt-pt\/wp-json\/wp\/v2\/comments?post=15996"}],"version-history":[{"count":1,"href":"https:\/\/deutsche-sprache.com\/pt-pt\/wp-json\/wp\/v2\/pages\/15996\/revisions"}],"predecessor-version":[{"id":15997,"href":"https:\/\/deutsche-sprache.com\/pt-pt\/wp-json\/wp\/v2\/pages\/15996\/revisions\/15997"}],"wp:attachment":[{"href":"https:\/\/deutsche-sprache.com\/pt-pt\/wp-json\/wp\/v2\/media?parent=15996"}],"curies":[{"name":"wp","href":"https:\/\/api.w.org\/{rel}","templated":true}]}}