{"id":16004,"date":"2025-09-04T11:25:43","date_gmt":"2025-09-04T08:25:43","guid":{"rendered":"https:\/\/deutsche-sprache.com\/os-meus-manuais\/"},"modified":"2026-05-09T03:48:17","modified_gmt":"2026-05-09T00:48:17","slug":"os-meus-manuais","status":"publish","type":"page","link":"https:\/\/deutsche-sprache.com\/pt-pt\/os-meus-manuais\/","title":{"rendered":"Os meus manuais"},"content":{"rendered":"<div class=\"real3dflipbook\" id=\"6_69febdfa24c68\" style=\"position:absolute;\"><\/div>\n<div class=\"real3dflipbook\" id=\"1_69febdfa2503a\" style=\"position:absolute;\"><\/div>\n<div class=\"real3dflipbook\" id=\"3_69febdfa25320\" style=\"position:absolute;\"><\/div>\n<div class=\"real3dflipbook\" id=\"2_69febdfa2566d\" style=\"position:absolute;\"><\/div>\n<h3 class=\"wp-block-heading\">A minha cole\u00e7\u00e3o de manuais<\/h3><figure class=\"wp-block-image size-full\"><a target=\"_blank\"><img alt=\"\" loading=\"lazy\" decoding=\"async\" width=\"1295\" height=\"1841\" src=\"https:\/\/deutsche-sprache.com\/wp-content\/uploads\/2025\/09\/A1.webp\" class=\"wp-image-546\" srcset=\"https:\/\/deutsche-sprache.com\/wp-content\/uploads\/2025\/09\/A1.webp 1295w, https:\/\/deutsche-sprache.com\/wp-content\/uploads\/2025\/09\/A1-600x853.webp 600w, https:\/\/deutsche-sprache.com\/wp-content\/uploads\/2025\/09\/A1-211x300.webp 211w, https:\/\/deutsche-sprache.com\/wp-content\/uploads\/2025\/09\/A1-720x1024.webp 720w, https:\/\/deutsche-sprache.com\/wp-content\/uploads\/2025\/09\/A1-106x150.webp 106w, https:\/\/deutsche-sprache.com\/wp-content\/uploads\/2025\/09\/A1-768x1092.webp 768w, https:\/\/deutsche-sprache.com\/wp-content\/uploads\/2025\/09\/A1-1080x1536.webp 1080w, https:\/\/deutsche-sprache.com\/wp-content\/uploads\/2025\/09\/A1-1200x1706.webp 1200w\" sizes=\"auto, (max-width: 1295px) 100vw, 1295px\" \/><\/a><\/figure><h5 class=\"wp-block-heading\">Deutsche Sprache A1<\/h5><figure class=\"wp-block-image size-large\"><img alt=\"\" loading=\"lazy\" decoding=\"async\" width=\"720\" height=\"1024\" src=\"https:\/\/deutsche-sprache.com\/wp-content\/uploads\/2025\/09\/A1-720x1024.webp\" class=\"wp-image-224\" srcset=\"https:\/\/deutsche-sprache.com\/wp-content\/uploads\/2025\/09\/A1-720x1024.webp 720w, https:\/\/deutsche-sprache.com\/wp-content\/uploads\/2025\/09\/A1-600x853.webp 600w, https:\/\/deutsche-sprache.com\/wp-content\/uploads\/2025\/09\/A1-211x300.webp 211w, https:\/\/deutsche-sprache.com\/wp-content\/uploads\/2025\/09\/A1-106x150.webp 106w, https:\/\/deutsche-sprache.com\/wp-content\/uploads\/2025\/09\/A1-768x1092.webp 768w, https:\/\/deutsche-sprache.com\/wp-content\/uploads\/2025\/09\/A1-1080x1536.webp 1080w, https:\/\/deutsche-sprache.com\/wp-content\/uploads\/2025\/09\/A1-1200x1706.webp 1200w, https:\/\/deutsche-sprache.com\/wp-content\/uploads\/2025\/09\/A1.webp 1295w\" sizes=\"auto, (max-width: 720px) 100vw, 720px\" \/><\/figure><h5 class=\"wp-block-heading\">Deutsche Sprache A1<\/h5><figure class=\"wp-block-image size-large\"><a target=\"_blank\"><img alt=\"\" loading=\"lazy\" decoding=\"async\" width=\"720\" height=\"1024\" src=\"https:\/\/deutsche-sprache.com\/wp-content\/uploads\/2025\/09\/V2-720x1024.webp\" class=\"wp-image-227\" srcset=\"https:\/\/deutsche-sprache.com\/wp-content\/uploads\/2025\/09\/V2-720x1024.webp 720w, https:\/\/deutsche-sprache.com\/wp-content\/uploads\/2025\/09\/V2-600x853.webp 600w, https:\/\/deutsche-sprache.com\/wp-content\/uploads\/2025\/09\/V2-211x300.webp 211w, https:\/\/deutsche-sprache.com\/wp-content\/uploads\/2025\/09\/V2-106x150.webp 106w, https:\/\/deutsche-sprache.com\/wp-content\/uploads\/2025\/09\/V2-768x1092.webp 768w, https:\/\/deutsche-sprache.com\/wp-content\/uploads\/2025\/09\/V2-1080x1536.webp 1080w, https:\/\/deutsche-sprache.com\/wp-content\/uploads\/2025\/09\/V2-1200x1706.webp 1200w, https:\/\/deutsche-sprache.com\/wp-content\/uploads\/2025\/09\/V2.webp 1295w\" sizes=\"auto, (max-width: 720px) 100vw, 720px\" \/><\/a><\/figure><h5 class=\"wp-block-heading\">Deutsche Sprache B2<\/h5><figure class=\"wp-block-image size-large\"><img alt=\"\" loading=\"lazy\" decoding=\"async\" width=\"720\" height=\"1024\" src=\"https:\/\/deutsche-sprache.com\/wp-content\/uploads\/2025\/09\/V2-720x1024.webp\" class=\"wp-image-227\" srcset=\"https:\/\/deutsche-sprache.com\/wp-content\/uploads\/2025\/09\/V2-720x1024.webp 720w, https:\/\/deutsche-sprache.com\/wp-content\/uploads\/2025\/09\/V2-600x853.webp 600w, https:\/\/deutsche-sprache.com\/wp-content\/uploads\/2025\/09\/V2-211x300.webp 211w, https:\/\/deutsche-sprache.com\/wp-content\/uploads\/2025\/09\/V2-106x150.webp 106w, https:\/\/deutsche-sprache.com\/wp-content\/uploads\/2025\/09\/V2-768x1092.webp 768w, https:\/\/deutsche-sprache.com\/wp-content\/uploads\/2025\/09\/V2-1080x1536.webp 1080w, https:\/\/deutsche-sprache.com\/wp-content\/uploads\/2025\/09\/V2-1200x1706.webp 1200w, https:\/\/deutsche-sprache.com\/wp-content\/uploads\/2025\/09\/V2.webp 1295w\" sizes=\"auto, (max-width: 720px) 100vw, 720px\" \/><\/figure><h5 class=\"wp-block-heading\">Deutsche Sprache B2<\/h5><figure class=\"wp-block-image size-full\"><a target=\"_blank\"><img alt=\"\" loading=\"lazy\" decoding=\"async\" width=\"1295\" height=\"1841\" src=\"https:\/\/deutsche-sprache.com\/wp-content\/uploads\/2025\/09\/V1.webp\" class=\"wp-image-226\" srcset=\"https:\/\/deutsche-sprache.com\/wp-content\/uploads\/2025\/09\/V1.webp 1295w, https:\/\/deutsche-sprache.com\/wp-content\/uploads\/2025\/09\/V1-600x853.webp 600w, https:\/\/deutsche-sprache.com\/wp-content\/uploads\/2025\/09\/V1-211x300.webp 211w, https:\/\/deutsche-sprache.com\/wp-content\/uploads\/2025\/09\/V1-720x1024.webp 720w, https:\/\/deutsche-sprache.com\/wp-content\/uploads\/2025\/09\/V1-106x150.webp 106w, https:\/\/deutsche-sprache.com\/wp-content\/uploads\/2025\/09\/V1-768x1092.webp 768w, https:\/\/deutsche-sprache.com\/wp-content\/uploads\/2025\/09\/V1-1080x1536.webp 1080w, https:\/\/deutsche-sprache.com\/wp-content\/uploads\/2025\/09\/V1-1200x1706.webp 1200w\" sizes=\"auto, (max-width: 1295px) 100vw, 1295px\" \/><\/a><\/figure><h5 class=\"wp-block-heading\">Deutsche Sprache B1<\/h5><figure class=\"wp-block-image size-full\"><img alt=\"\" loading=\"lazy\" decoding=\"async\" width=\"1295\" height=\"1841\" src=\"https:\/\/deutsche-sprache.com\/wp-content\/uploads\/2025\/09\/V1.webp\" class=\"wp-image-226\" srcset=\"https:\/\/deutsche-sprache.com\/wp-content\/uploads\/2025\/09\/V1.webp 1295w, https:\/\/deutsche-sprache.com\/wp-content\/uploads\/2025\/09\/V1-600x853.webp 600w, https:\/\/deutsche-sprache.com\/wp-content\/uploads\/2025\/09\/V1-211x300.webp 211w, https:\/\/deutsche-sprache.com\/wp-content\/uploads\/2025\/09\/V1-720x1024.webp 720w, https:\/\/deutsche-sprache.com\/wp-content\/uploads\/2025\/09\/V1-106x150.webp 106w, https:\/\/deutsche-sprache.com\/wp-content\/uploads\/2025\/09\/V1-768x1092.webp 768w, https:\/\/deutsche-sprache.com\/wp-content\/uploads\/2025\/09\/V1-1080x1536.webp 1080w, https:\/\/deutsche-sprache.com\/wp-content\/uploads\/2025\/09\/V1-1200x1706.webp 1200w\" sizes=\"auto, (max-width: 1295px) 100vw, 1295px\" \/><\/figure><h5 class=\"wp-block-heading\">Deutsche Sprache B1<\/h5><figure class=\"wp-block-image size-large\"><a target=\"_blank\"><img alt=\"\" decoding=\"async\" src=\"https:\/\/deutsche-sprache.com\/wp-content\/uploads\/2025\/09\/&#x410;2-1-720x1024.webp\" class=\"wp-image-225\"\/><\/a><\/figure><h5 class=\"wp-block-heading\">Deutsche Sprache A2<\/h5><figure class=\"wp-block-image size-large\"><img alt=\"\" decoding=\"async\" src=\"https:\/\/deutsche-sprache.com\/wp-content\/uploads\/2025\/09\/&#x410;2-1-720x1024.webp\" class=\"wp-image-225\"\/><\/figure><h5 class=\"wp-block-heading\">Deutsche Sprache A2<\/h5><h4 class=\"wp-block-heading\">Confira nossos livros did\u00e1ticos<\/h4><p>Esta \u00e1rea \u00e9 vis\u00edvel apenas para usu\u00e1rios registrados.<\/p>\n<p>Para visualiz\u00e1-lo, fa\u00e7a login com seu nome de usu\u00e1rio e senha.<\/p><figure class=\"wp-block-image size-full\"><a target=\"_blank\"><img alt=\"deutsch im alltag\" loading=\"lazy\" decoding=\"async\" width=\"1295\" height=\"1841\" src=\"https:\/\/deutsche-sprache.com\/wp-content\/uploads\/2025\/11\/deutsch_im_alltag.webp\" class=\"wp-image-8989\" srcset=\"https:\/\/deutsche-sprache.com\/wp-content\/uploads\/2025\/11\/deutsch_im_alltag.webp 1295w, https:\/\/deutsche-sprache.com\/wp-content\/uploads\/2025\/11\/deutsch_im_alltag-211x300.webp 211w, https:\/\/deutsche-sprache.com\/wp-content\/uploads\/2025\/11\/deutsch_im_alltag-720x1024.webp 720w, https:\/\/deutsche-sprache.com\/wp-content\/uploads\/2025\/11\/deutsch_im_alltag-106x150.webp 106w, https:\/\/deutsche-sprache.com\/wp-content\/uploads\/2025\/11\/deutsch_im_alltag-768x1092.webp 768w, https:\/\/deutsche-sprache.com\/wp-content\/uploads\/2025\/11\/deutsch_im_alltag-1080x1536.webp 1080w, https:\/\/deutsche-sprache.com\/wp-content\/uploads\/2025\/11\/deutsch_im_alltag-1200x1706.webp 1200w, https:\/\/deutsche-sprache.com\/wp-content\/uploads\/2025\/11\/deutsch_im_alltag-600x853.webp 600w\" sizes=\"auto, (max-width: 1295px) 100vw, 1295px\" \/><\/a><\/figure><h5 class=\"wp-block-heading\">Alem\u00e3o no dia a dia<\/h5><div class=\"wp-block-buttons is-layout-flex wp-block-buttons-is-layout-flex\"><div class=\"wp-block-button\"><a class=\"wp-block-button__link\">Iniciar sess\u00e3o ou criar conta<\/a><\/div><\/div>","protected":false},"excerpt":{"rendered":"<p>A minha cole\u00e7\u00e3o de manuais Deutsche Sprache A1 Deutsche Sprache A1 Deutsche Sprache B2 Deutsche Sprache B2 Deutsche Sprache B1 Deutsche Sprache B1 Deutsche Sprache A2 Deutsche Sprache A2 Confira nossos livros did\u00e1ticos Esta \u00e1rea \u00e9 vis\u00edvel apenas para usu\u00e1rios registrados. Para visualiz\u00e1-lo, fa\u00e7a login com seu nome de usu\u00e1rio e senha. Alem\u00e3o no dia [&hellip;]<\/p>\n","protected":false},"author":1,"featured_media":0,"parent":0,"menu_order":0,"comment_status":"closed","ping_status":"closed","template":"","meta":{"_acf_changed":false,"_seopress_robots_primary_cat":"","_seopress_titles_title":"","_seopress_titles_desc":"","_seopress_robots_index":"","footnotes":""},"class_list":["post-16004","page","type-page","status-publish"],"acf":{"\u0442\u0435\u043b\u0435\u0444\u043e\u043d":""},"_links":{"self":[{"href":"https:\/\/deutsche-sprache.com\/pt-pt\/wp-json\/wp\/v2\/pages\/16004","targetHints":{"allow":["GET"]}}],"collection":[{"href":"https:\/\/deutsche-sprache.com\/pt-pt\/wp-json\/wp\/v2\/pages"}],"about":[{"href":"https:\/\/deutsche-sprache.com\/pt-pt\/wp-json\/wp\/v2\/types\/page"}],"author":[{"embeddable":true,"href":"https:\/\/deutsche-sprache.com\/pt-pt\/wp-json\/wp\/v2\/users\/1"}],"replies":[{"embeddable":true,"href":"https:\/\/deutsche-sprache.com\/pt-pt\/wp-json\/wp\/v2\/comments?post=16004"}],"version-history":[{"count":1,"href":"https:\/\/deutsche-sprache.com\/pt-pt\/wp-json\/wp\/v2\/pages\/16004\/revisions"}],"predecessor-version":[{"id":16005,"href":"https:\/\/deutsche-sprache.com\/pt-pt\/wp-json\/wp\/v2\/pages\/16004\/revisions\/16005"}],"wp:attachment":[{"href":"https:\/\/deutsche-sprache.com\/pt-pt\/wp-json\/wp\/v2\/media?parent=16004"}],"curies":[{"name":"wp","href":"https:\/\/api.w.org\/{rel}","templated":true}]}}