{"id":16006,"date":"2025-09-04T06:24:17","date_gmt":"2025-09-04T03:24:17","guid":{"rendered":"https:\/\/deutsche-sprache.com\/ficha-tecnica\/"},"modified":"2026-05-09T03:49:43","modified_gmt":"2026-05-09T00:49:43","slug":"ficha-tecnica","status":"publish","type":"page","link":"https:\/\/deutsche-sprache.com\/pt-pt\/ficha-tecnica\/","title":{"rendered":"Ficha t\u00e9cnica"},"content":{"rendered":"<h3 class=\"wp-block-heading\">{post_title}<\/h3><p><strong>Informa\u00e7\u00f5es de acordo com \u00a7 5 TMG:<\/strong><\/p>\n<p>\u00a0<\/p>\n<p>Dipl.-Ing. German Gazeev<br\/>Helgol\u00e4nder Str. 2A<br\/>30163 Han\u00f4ver<\/p>\n<p>\u00a0<\/p>\n<p><strong>Contato:<\/strong><br\/>Pessoa de contato: Dipl.-Ing. Alem\u00e3o Gazeev<br\/>E-Mail: admin@deutsche-sprach.com<\/p>\n<p>\u00a0<\/p>\n<p><strong>Isen\u00e7\u00e3o de responsabilidade<\/strong><br\/>Responsabilidade pelo conte\u00fado<br\/>Como provedor de servi\u00e7os, somos respons\u00e1veis \u200b\u200bpor nosso pr\u00f3prio conte\u00fado nestas p\u00e1ginas de acordo com as leis gerais, de acordo com a Se\u00e7\u00e3o 7, Par\u00e1grafo 1 TMG. No entanto, de acordo com as Sec\u00e7\u00f5es 8 a 10 da TMG, como prestadores de servi\u00e7os, n\u00e3o somos obrigados a monitorizar informa\u00e7\u00f5es transmitidas ou armazenadas de terceiros ou a investigar circunst\u00e2ncias que indiquem atividade ilegal. As obriga\u00e7\u00f5es de remover ou bloquear o uso de informa\u00e7\u00f5es de acordo com a lei geral permanecem inalteradas. No entanto, a responsabilidade a este respeito s\u00f3 \u00e9 poss\u00edvel a partir do conhecimento de uma viola\u00e7\u00e3o legal espec\u00edfica. Se tomarmos conhecimento de quaisquer viola\u00e7\u00f5es legais correspondentes, removeremos este conte\u00fado imediatamente.<br\/>Responsabilidade por links<br\/>Nossa oferta cont\u00e9m links para sites externos de terceiros, sobre cujo conte\u00fado n\u00e3o temos influ\u00eancia. Portanto, n\u00e3o podemos assumir qualquer responsabilidade por este conte\u00fado. O respectivo fornecedor ou operador das p\u00e1ginas \u00e9 sempre respons\u00e1vel pelo conte\u00fado das p\u00e1ginas vinculadas. As p\u00e1ginas vinculadas foram verificadas quanto a poss\u00edveis viola\u00e7\u00f5es legais no momento da vincula\u00e7\u00e3o. O conte\u00fado ilegal n\u00e3o era aparente no momento da vincula\u00e7\u00e3o. No entanto, o controlo permanente do conte\u00fado das p\u00e1ginas ligadas n\u00e3o \u00e9 razo\u00e1vel sem provas concretas de uma viola\u00e7\u00e3o legal. Se tomarmos conhecimento de qualquer viola\u00e7\u00e3o legal, removeremos imediatamente tais links.           <\/p>\n<p><br\/><strong>Copyright<\/strong><br\/>O conte\u00fado e os trabalhos destas p\u00e1ginas criados pelos operadores do site est\u00e3o sujeitos \u00e0 lei alem\u00e3 de direitos autorais. A reprodu\u00e7\u00e3o, processamento, distribui\u00e7\u00e3o e qualquer tipo de explora\u00e7\u00e3o fora dos limites dos direitos de autor requerem o consentimento escrito do respetivo autor ou criador. Downloads e c\u00f3pias desta p\u00e1gina s\u00e3o permitidos apenas para uso privado e n\u00e3o comercial.<br\/>Na medida em que o conte\u00fado desta p\u00e1gina n\u00e3o foi criado pelo operador, os direitos autorais de terceiros s\u00e3o respeitados. Em particular, o conte\u00fado de terceiros \u00e9 marcado como tal. No entanto, se voc\u00ea notar qualquer viola\u00e7\u00e3o de direitos autorais, informe-nos. Se tomarmos conhecimento de qualquer viola\u00e7\u00e3o legal, removeremos imediatamente tal conte\u00fado.     <\/p>\n<p>\u00a0<\/p>\n<p><strong>Declara\u00e7\u00e3o de prote\u00e7\u00e3o de dados<\/strong><br\/>Prote\u00e7\u00e3o de dados<br\/>Os operadores deste site levam muito a s\u00e9rio a prote\u00e7\u00e3o dos seus dados pessoais. Tratamos os seus dados pessoais de forma confidencial e de acordo com os regulamentos legais de prote\u00e7\u00e3o de dados e esta declara\u00e7\u00e3o de prote\u00e7\u00e3o de dados.<br\/>UA utiliza\u00e7\u00e3o do nosso website \u00e9 geralmente poss\u00edvel sem fornecer dados pessoais. No que diz respeito \u00e0 recolha de dados pessoais (por exemplo, nome, morada ou endere\u00e7os de e-mail) nas nossas p\u00e1ginas, isso \u00e9 sempre feito de forma volunt\u00e1ria, na medida do poss\u00edvel. Esses dados n\u00e3o ser\u00e3o repassados \u200b\u200ba terceiros sem o seu consentimento expresso.<br\/>Gostar\u00edamos de salientar que a transmiss\u00e3o de dados pela Internet (por exemplo, quando se comunica por e-mail) pode apresentar falhas de seguran\u00e7a. A prote\u00e7\u00e3o completa dos dados contra o acesso de terceiros n\u00e3o \u00e9 poss\u00edvel.    <\/p>\n<p>\u00a0<\/p>\n<p><strong>Declara\u00e7\u00e3o de prote\u00e7\u00e3o de dados ao usar etracker<\/strong><br\/>Nosso site usa o servi\u00e7o de an\u00e1lise etracker. O fornecedor \u00e9 etracker GmbH, Erste Brunnstra\u00dfe 1, 20459 Hamburgo, Alemanha. Com base nos dados, perfis de utiliza\u00e7\u00e3o podem ser criados sob pseud\u00f4nimo. Para este efeito podem ser utilizados cookies (pequenos ficheiros de texto), que s\u00e3o armazenados localmente na cache do seu navegador de internet. Os cookies permitem reconhecer o seu navegador. Os dados recolhidos atrav\u00e9s da tecnologia etracker n\u00e3o ser\u00e3o utilizados para identificar pessoalmente os visitantes do nosso website sem consentimento separado e n\u00e3o ser\u00e3o associados a dados pessoais que revelem a identidade do titular do pseud\u00f3nimo.<br\/>Pode opor-se \u00e0 recolha e armazenamento dos seus dados a qualquer momento com efeitos futuros. Para se opor \u00e0 coleta e armazenamento dos dados do seu navegador, voc\u00ea pode obter um cookie de exclus\u00e3o do etracker no link a seguir, que impede a coleta e o armazenamento dos dados do seu navegador: http:\/\/www.etracker.de\/privacy?et=V23Jbb<br\/>Um cookie de exclus\u00e3o chamado \u201ccntcookie\u201d \u00e9 definido pelo etracker. Por favor, n\u00e3o exclua este cookie enquanto desejar manter sua obje\u00e7\u00e3o. Mais informa\u00e7\u00f5es podem ser encontradas na declara\u00e7\u00e3o de prote\u00e7\u00e3o de dados do etracker: http:\/\/www.etracker.com\/de\/datenschutz.html        <\/p>\n<p>\u00a0<\/p>\n<p><strong>Declara\u00e7\u00e3o de prote\u00e7\u00e3o de dados para o uso de plug-ins do Facebook (bot\u00e3o \u201cCurtir\u201d)<\/strong><br\/>Os plug-ins da rede social Facebook, fornecidos pela Facebook Inc., 1 Hacker Way, Menlo Park, Calif\u00f3rnia 94025, EUA, est\u00e3o integrados em nossas p\u00e1ginas. Voc\u00ea pode reconhecer os plug-ins do Facebook pelo logotipo do Facebook ou pelo bot\u00e3o \u201cCurtir\u201d em nosso site. Voc\u00ea pode encontrar uma vis\u00e3o geral dos plug-ins do Facebook aqui: http:\/\/developers.facebook.com\/docs\/plugins\/.<br\/>Quando voc\u00ea visita nossas p\u00e1ginas, o plug-in estabelece uma conex\u00e3o direta entre seu navegador e o servidor do Facebook. O Facebook recebe assim a informa\u00e7\u00e3o de que visitou o nosso site com o seu endere\u00e7o IP. Se voc\u00ea clicar no bot\u00e3o \u201cCurtir\u201d com sua conta do Facebook, poder\u00e1 vincular o conte\u00fado do nosso site ao seu perfil do Facebook. Isto permite que o Facebook atribua a sua visita \u00e0s nossas p\u00e1ginas \u00e0 sua conta. Gostar\u00edamos de salientar que, como fornecedores das p\u00e1ginas, n\u00e3o temos conhecimento do conte\u00fado dos dados transmitidos ou da sua utiliza\u00e7\u00e3o pelo Facebook. Mais informa\u00e7\u00f5es podem ser encontradas na declara\u00e7\u00e3o de prote\u00e7\u00e3o de dados do Facebook em http:\/\/de-de.facebook.com\/policy.php.<br\/>Se voc\u00ea n\u00e3o deseja que o Facebook atribua sua visita \u00e0s nossas p\u00e1ginas \u00e0 sua conta do Facebook, saia da sua conta do Facebook.     <\/p>\n<p>\u00a0<\/p>\n<p><strong>Declara\u00e7\u00e3o de prote\u00e7\u00e3o de dados para uso do Google Analytics<\/strong><br\/>Este site utiliza fun\u00e7\u00f5es do servi\u00e7o de an\u00e1lise web Google Analytics. O fornecedor \u00e9 Google Inc., 1600 Amphitheatre Parkway Mountain View, CA 94043, EUA.<br\/>O Google Analytics utiliza os chamados \u201ccookies\u201d, arquivos de texto que s\u00e3o armazenados no seu computador e que permitem a an\u00e1lise do seu uso do site. As informa\u00e7\u00f5es obtidas com a ajuda de cookies s\u00e3o geralmente transferidas para um servidor do Google nos EUA e l\u00e1 armazenadas <\/p>\n<p><br\/><strong>Plug-in do navegador<\/strong><br\/><strong>Voc\u00ea pode desabilitar o armazenamento de cookies nas configura\u00e7\u00f5es do seu navegador<\/strong>, mas neste caso voc\u00ea pode n\u00e3o conseguir usar plenamente todas as fun\u00e7\u00f5es do site. Voc\u00ea tamb\u00e9m pode impedir que o Google colete e processe dados sobre seu uso do site (incluindo seu endere\u00e7o IP) instalando o plugin do navegador dispon\u00edvel no seguinte link: https:\/\/tools.google.com\/dlpage\/gaoptout?hl=de<br\/>Obje\u00e7\u00e3o \u00e0 coleta de dados<br\/>Voc\u00ea pode impedir a coleta de dados pelo Google Analytics clicando no seguinte link. \u00c9 definido um cookie de exclus\u00e3o que evita que seus dados sejam coletados em futuras visitas a este site: Desative o Google Analytics<br\/>Processamento de dados contratuais<br\/>Conclu\u00edmos um contrato de processamento de dados com o Google e cumprimos integralmente os requisitos estritos das autoridades alem\u00e3s de prote\u00e7\u00e3o de dados ao usar o Google Analytics.  <\/p>\n<p><br\/><strong>Anonimato de IP<\/strong><br\/>A fun\u00e7\u00e3o \u201cAtivar anonimato de IP\u201d est\u00e1 ativada neste site. Isto significa que o seu endere\u00e7o IP ser\u00e1 encurtado pelo Google nos pa\u00edses da Uni\u00e3o Europeia ou em outros estados contratantes do Acordo sobre o Espa\u00e7o Econ\u00f3mico Europeu. Somente em casos excepcionais o endere\u00e7o IP completo ser\u00e1 transmitido para um servidor do Google nos EUA e a\u00ed encurtado. Em nome do operador deste site, o Google usar\u00e1 essas informa\u00e7\u00f5es para avaliar o uso do site, para compilar relat\u00f3rios sobre a atividade do site e para fornecer outros servi\u00e7os relacionados \u00e0 atividade do site e ao uso da Internet ao operador do site. O endere\u00e7o IP transmitido pelo navegador como parte do Google Analytics n\u00e3o \u00e9 mesclado com outros dados do Google.    <\/p>\n<p>\u00a0<\/p>\n<p><strong>Declara\u00e7\u00e3o de prote\u00e7\u00e3o de dados para uso do Google+<\/strong><br\/>Nossas p\u00e1ginas usam fun\u00e7\u00f5es do Google+. O fornecedor \u00e9 Google Inc., 1600 Amphitheatre Parkway Mountain View, CA 94043, EUA.<br\/>Coleta e distribui\u00e7\u00e3o de informa\u00e7\u00f5es: voc\u00ea pode usar o bot\u00e3o Google+ para publicar informa\u00e7\u00f5es em todo o mundo. Usando o bot\u00e3o Google+, voc\u00ea e outros usu\u00e1rios recebem conte\u00fado personalizado do Google e de nossos parceiros. O Google armazena que voc\u00ea deu +1 e a p\u00e1gina em que o fez. Seu +1 pode ser exibido junto com seu nome de perfil e foto nos servi\u00e7os do Google, por exemplo. B. nos resultados de pesquisa ou no seu perfil do Google, bem como em outros sites e em an\u00fancios na Internet.<br\/>O Google armazena dados sobre suas atividades +1 para melhorar seus servi\u00e7os. Para usar o bot\u00e3o Google+, voc\u00ea deve ter um perfil p\u00fablico do Google com um nome vis\u00edvel que seja usado em todos os servi\u00e7os do Google e possa substituir outros nomes que voc\u00ea usou ao publicar conte\u00fado por meio de sua conta do Google. Sua identidade poder\u00e1 ficar vis\u00edvel para outros usu\u00e1rios se eles souberem seu endere\u00e7o de e-mail ou tiverem outras informa\u00e7\u00f5es de identifica\u00e7\u00e3o.<br\/>Uuso das informa\u00e7\u00f5es coletadas: Al\u00e9m dos prop\u00f3sitos descritos acima, as informa\u00e7\u00f5es que voc\u00ea fornecer ser\u00e3o usadas de acordo com a pol\u00edtica de privacidade aplic\u00e1vel do Google. O Google pode publicar estat\u00edsticas agregadas sobre a atividade do +1 e compartilh\u00e1-las com usu\u00e1rios e parceiros, como editores, anunciantes e sites afiliados.      <\/p>\n<p>\u00a0<\/p>\n<p><strong>Pol\u00edtica de prote\u00e7\u00e3o de dados ao usar o YouTube<\/strong><br\/>Nosso site usa plug-ins do portal de v\u00eddeos YouTube, que \u00e9 operado pelo Google. O operador do site \u00e9 YouTube, LLC, 901 Cherry Ave., San Bruno, CA 94066, EUA. Quando voc\u00ea visita p\u00e1ginas com um plug-in do YouTube, \u00e9 estabelecida uma conex\u00e3o com os servidores do YouTube. Isso informa ao servidor quais de nossas p\u00e1ginas voc\u00ea visitou.<br\/>Se voc\u00ea estiver conectado \u00e0 sua conta do YouTube, o YouTube poder\u00e1 vincular seu comportamento no site diretamente ao seu perfil. Para evitar isso, saia da sua conta do YouTube.<br\/>Mais informa\u00e7\u00f5es sobre como o YouTube lida com os dados do usu\u00e1rio podem ser encontradas na pol\u00edtica de privacidade do YouTube: https:\/\/www.google.de\/intl\/de\/policies\/privacy <\/p>\n<p>\u00a0<\/p>\n<p><strong>Informa\u00e7\u00e3o, exclus\u00e3o, bloqueio<\/strong><br\/>Voc\u00ea tem o direito, a qualquer momento, de receber gratuitamente informa\u00e7\u00f5es sobre seus dados pessoais armazenados, sua origem e destinat\u00e1rio, bem como a finalidade do processamento de dados e de solicitar a corre\u00e7\u00e3o, bloqueio ou exclus\u00e3o desses dados. Se tiver estas e outras quest\u00f5es sobre o tema dos dados pessoais, pode contactar-nos atrav\u00e9s do endere\u00e7o indicado no aviso legal. <\/p>\n<p>\u00a0<\/p>\n<p><strong>Formul\u00e1rio de contato<\/strong><br\/>Se voc\u00ea nos enviar uma consulta usando o formul\u00e1rio de contato, seus dados do formul\u00e1rio, incluindo seus dados de contato, ser\u00e3o salvos para processar sua consulta e em caso de perguntas de acompanhamento. N\u00e3o transmitiremos esses dados sem o seu consentimento. <\/p>\n<p>\u00a0<\/p>\n<p><strong>Rejei\u00e7\u00e3o de publicidade<\/strong><br\/>\u00c9 rejeitada a utiliza\u00e7\u00e3o dos dados de contacto publicados como parte da obriga\u00e7\u00e3o de impress\u00e3o para enviar publicidade e materiais informativos n\u00e3o solicitados. Os operadores das p\u00e1ginas reservam-se expressamente o direito de tomar medidas legais em caso de envio de informa\u00e7\u00f5es publicit\u00e1rias n\u00e3o solicitadas, como e-mails de spam. <\/p>\n<p>\u00a0<\/p>\n<p><strong>Todas as informa\u00e7\u00f5es fornecidas sem garantia, erros de impress\u00e3o, tradu\u00e7\u00e3o e altera\u00e7\u00e3o reservados.<\/strong><\/p>","protected":false},"excerpt":{"rendered":"<p>{post_title} Informa\u00e7\u00f5es de acordo com \u00a7 5 TMG: \u00a0 Dipl.-Ing. German GazeevHelgol\u00e4nder Str. 2A30163 Han\u00f4ver \u00a0 Contato:Pessoa de contato: Dipl.-Ing. Alem\u00e3o GazeevE-Mail: admin@deutsche-sprach.com \u00a0 Isen\u00e7\u00e3o de responsabilidadeResponsabilidade pelo conte\u00fadoComo provedor de servi\u00e7os, somos respons\u00e1veis \u200b\u200bpor nosso pr\u00f3prio conte\u00fado nestas p\u00e1ginas de acordo com as leis gerais, de acordo com a Se\u00e7\u00e3o 7, Par\u00e1grafo 1 TMG. [&hellip;]<\/p>\n","protected":false},"author":1,"featured_media":0,"parent":0,"menu_order":0,"comment_status":"closed","ping_status":"closed","template":"","meta":{"_acf_changed":false,"_seopress_robots_primary_cat":"","_seopress_titles_title":"","_seopress_titles_desc":"","_seopress_robots_index":"","footnotes":""},"class_list":["post-16006","page","type-page","status-publish"],"acf":{"\u0442\u0435\u043b\u0435\u0444\u043e\u043d":""},"_links":{"self":[{"href":"https:\/\/deutsche-sprache.com\/pt-pt\/wp-json\/wp\/v2\/pages\/16006","targetHints":{"allow":["GET"]}}],"collection":[{"href":"https:\/\/deutsche-sprache.com\/pt-pt\/wp-json\/wp\/v2\/pages"}],"about":[{"href":"https:\/\/deutsche-sprache.com\/pt-pt\/wp-json\/wp\/v2\/types\/page"}],"author":[{"embeddable":true,"href":"https:\/\/deutsche-sprache.com\/pt-pt\/wp-json\/wp\/v2\/users\/1"}],"replies":[{"embeddable":true,"href":"https:\/\/deutsche-sprache.com\/pt-pt\/wp-json\/wp\/v2\/comments?post=16006"}],"version-history":[{"count":1,"href":"https:\/\/deutsche-sprache.com\/pt-pt\/wp-json\/wp\/v2\/pages\/16006\/revisions"}],"predecessor-version":[{"id":16007,"href":"https:\/\/deutsche-sprache.com\/pt-pt\/wp-json\/wp\/v2\/pages\/16006\/revisions\/16007"}],"wp:attachment":[{"href":"https:\/\/deutsche-sprache.com\/pt-pt\/wp-json\/wp\/v2\/media?parent=16006"}],"curies":[{"name":"wp","href":"https:\/\/api.w.org\/{rel}","templated":true}]}}