{"id":16013,"date":"2025-09-03T07:52:35","date_gmt":"2025-09-03T04:52:35","guid":{"rendered":"https:\/\/deutsche-sprache.com\/politica-de-privacidade\/"},"modified":"2026-05-09T04:09:28","modified_gmt":"2026-05-09T01:09:28","slug":"politica-de-privacidade","status":"publish","type":"page","link":"https:\/\/deutsche-sprache.com\/pt-pt\/politica-de-privacidade\/","title":{"rendered":"Pol\u00edtica de privacidade"},"content":{"rendered":"<h3 class=\"wp-block-heading\">{post_title}<\/h3><h5><strong>\n<p>Respons\u00e1vel de acordo com o Artigo 7, par\u00e1grafo 4, do Regulamento Geral de Prote\u00e7\u00e3o de Dados da UE (GDPR):<\/p>\n<p>\u00a0<\/p>\n<p>Dipl.-Ing. German Gazeev<br\/>Helgol\u00e4nder Str. 2A<br\/>30163 Hannover<br\/><br\/>Contato:<br\/>Pessoa de contato: Dipl.-Ing. Gazeev Alem\u00e3o<\/p>\n<p>admin@deutsche-sprache.com<\/p>\n<p>\u00a0<\/p>\n<p>A utiliza\u00e7\u00e3o deste website \u00e9 geralmente poss\u00edvel sem fornecer dados pessoais. Se forem recolhidos dados pessoais (por exemplo, nome, morada ou endere\u00e7os de e-mail) nas nossas p\u00e1ginas, isso \u00e9 sempre feito de forma volunt\u00e1ria, na medida do poss\u00edvel. Estes dados n\u00e3o ser\u00e3o cedidos a terceiros sem o seu consentimento expresso.  <\/p>\n<p>Gostar\u00edamos de salientar que a transmiss\u00e3o de dados pela Internet (por exemplo, durante a comunica\u00e7\u00e3o por e-mail) pode apresentar falhas de seguran\u00e7a. A prote\u00e7\u00e3o completa dos dados contra o acesso de terceiros n\u00e3o \u00e9 poss\u00edvel. <\/p>\n<p>A utiliza\u00e7\u00e3o dos dados de contacto publicados como parte da obriga\u00e7\u00e3o de impress\u00e3o por terceiros para o envio de publicidade e materiais informativos n\u00e3o solicitados \u00e9 expressamente proibida. Os operadores do site reservam-se o direito de tomar medidas legais no caso de envio de informa\u00e7\u00f5es publicit\u00e1rias n\u00e3o solicitadas, como e-mails de spam. <\/p>\n<p>\u00a0<\/p>\n<p><strong>Coleta de dados de acesso<\/strong><\/p>\n<p>O fornecedor recolhe temporariamente dados sobre cada acesso ao recurso online (os chamados registos do servidor). Os dados de acesso incluem o nome da p\u00e1gina solicitada, o arquivo, a data e hora do acesso, a quantidade de dados transferidos, a notifica\u00e7\u00e3o de acesso bem-sucedido, o tipo e vers\u00e3o do navegador, o sistema operacional do usu\u00e1rio, o URL referenciador (a \u00faltima p\u00e1gina visitada), o endere\u00e7o IP e o provedor solicitante. <\/p>\n<p>O fornecedor utiliza os dados registados sem liga\u00e7\u00e3o a uma pessoa espec\u00edfica ou para criar perfis apenas no \u00e2mbito das normas legais para avalia\u00e7\u00f5es estat\u00edsticas relativas ao funcionamento, seguran\u00e7a e otimiza\u00e7\u00e3o da oferta online. Esses dados s\u00e3o exclu\u00eddos automaticamente. No entanto, o fornecedor reserva-se o direito de verificar posteriormente os dados registados se existirem ind\u00edcios concretos de suspeita razo\u00e1vel de utiliza\u00e7\u00e3o il\u00edcita.  <\/p>\n<p>\u00a0<\/p>\n<p><strong>Recolha e utiliza\u00e7\u00e3o de dados pessoais<\/strong><\/p>\n<p>O tratamento destes dados pessoais \u00e9 justificado de acordo com o artigo 6.\u00ba, n.\u00ba 1, frase 1, letra f, do RGPD. O prestador tem um interesse leg\u00edtimo no tratamento dos dados para:   <\/p>\n<ul class=\"wp-block-list\">\n<li>eine schnelle Verbindung zur Website des Unternehmens herzustellen,<\/li>\n<li>eine benutzerfreundliche Nutzung der Website zu gew\u00e4hrleisten,<\/li>\n<li>die Sicherheit und Stabilit\u00e4t der Systeme zu gew\u00e4hrleisten,<\/li>\n<li>die Verwaltung der Website zu erleichtern und zu verbessern.<\/li>\n<\/ul>\n<p>O tratamento de dados n\u00e3o visa expressamente a obten\u00e7\u00e3o de informa\u00e7\u00f5es sobre a identidade do visitante do site.<\/p>\n<p><strong>Transfer\u00eancia de dados para terceiros<\/strong><\/p>\n<p>Os dados pessoais ser\u00e3o transmitidos a terceiros se<\/p>\n<ul class=\"wp-block-list\">\n<li>gem\u00e4\u00df Artikel 6 Absatz 1 Satz 1 Buchstabe a DSGVO die betroffene Person ihre ausdr\u00fcckliche Einwilligung gegeben hat,<\/li>\n<li>die Weitergabe gesetzlich gem\u00e4\u00df Artikel 6 Absatz 1 Satz 1 Buchstabe c DSGVO vorgesehen ist und\/oder<\/li>\n<li>die Weitergabe zur Erf\u00fcllung eines Vertrags mit der betroffenen Person gem\u00e4\u00df Artikel 6 Absatz 1 Satz 1 Buchstabe b DSGVO erforderlich ist.<\/li>\n<\/ul>\n<p>Em todos os outros casos, os dados pessoais n\u00e3o ser\u00e3o transmitidos a terceiros.<\/p>\n<p>\u00a0<\/p>\n<p><strong>Biscoitos<\/strong><\/p>\n<p>O fornecedor utiliza \u201ccookies\u201d como parte da sua oferta online. Cookies s\u00e3o pequenos arquivos que ficam armazenados no computador do usu\u00e1rio e podem armazenar informa\u00e7\u00f5es para o provedor. Os cookies tempor\u00e1rios s\u00e3o exclu\u00eddos ap\u00f3s o navegador ser fechado, os cookies permanentes permanecem armazenados por um determinado per\u00edodo de tempo e podem fornecer informa\u00e7\u00f5es salvas quando voc\u00ea visita o site novamente.  <\/p>\n<p>Os cookies s\u00e3o utilizados, por um lado, para simplificar a utiliza\u00e7\u00e3o do servi\u00e7o. Por exemplo, um cookie armazena o status do carrinho de compras do usu\u00e1rio. <\/p>\n<p>O utilizador pode influenciar a utiliza\u00e7\u00e3o de cookies. A maioria dos navegadores oferece a op\u00e7\u00e3o de restringir ou impedir completamente o armazenamento de cookies. O fornecedor esfor\u00e7a-se por conceber a oferta online de tal forma que a utiliza\u00e7\u00e3o de cookies n\u00e3o seja absolutamente necess\u00e1ria. No entanto, importa referir que a utiliza\u00e7\u00e3o e, em particular, o conforto do site podem ser limitados sem cookies.   <\/p>\n<p>O tratamento de dados atrav\u00e9s de cookies justifica-se para os fins mencionados para proteger os interesses leg\u00edtimos da empresa, de acordo com o artigo 6.\u00ba, n.\u00ba 1, frase 1, al\u00ednea f) do RGPD.<\/p>\n<p>\u00a0<\/p>\n<p><strong>Fontes do Google<\/strong><\/p>\n<p>Este site usa Google Fonts para exibir fontes. Este \u00e9 um servi\u00e7o fornecido pela Google LLC, 1600 Amphitheatre Parkway, Mountain View, CA 94043 EUA, doravante denominada Google. <\/p>\n<p>O Google \u00e9 certificado de acordo com o Privacy Shield (\u201cEscudo de Privacidade UE-EUA\u201d), o que significa que o Google garante o processamento de dados nos EUA de acordo com os requisitos de prote\u00e7\u00e3o de dados da UE. Mais informa\u00e7\u00f5es sobre o Privacy Shield podem ser encontradas aqui:<a href=\"https:\/\/www.privacyshield.gov\/participant?id=a2zt000000001L5AAI&amp;status=Active\">https:\/\/www.privacyshield.gov\/participant?id=a2zt000000001L5AAI&amp;status=Active<\/a> <\/p>\n<p>Ao acessar esta p\u00e1gina, \u00e9 estabelecida uma conex\u00e3o com um servidor do Google nos EUA para carregar as fontes utilizadas pelo Google. O objetivo de estabelecer a conex\u00e3o ap\u00f3s acessar a p\u00e1gina \u00e9 informar ao Google de qual site vem a solicita\u00e7\u00e3o e para qual endere\u00e7o IP a exibi\u00e7\u00e3o da fonte deve ser transferida. <\/p>\n<p>A utiliza\u00e7\u00e3o das fontes baseia-se no nosso interesse no funcionamento econ\u00f3mico do nosso site, de acordo com o Artigo 6, Par\u00e1grafo 1, al\u00ednea f) do RGPD.<\/p>\n<p>Para obter mais informa\u00e7\u00f5es, consulte:<a href=\"https:\/\/adssettings.google.com\/authenticated\">https:\/\/adssettings.google.com\/authenticated<\/a><a href=\"https:\/\/policies.google.com\/privacy\">https:\/\/policies.google.com\/privacy<\/a><\/p>\n<p>\u00a0<\/p>\n<p><strong>Informa\u00e7\u00f5es sobre prote\u00e7\u00e3o de dados ao usar o Google Analytics<\/strong><\/p>\n<p>Este site utiliza o Google Analytics, um servi\u00e7o de an\u00e1lise web fornecido pela Google Inc. (1600 Amphitheatre Parkway Mountain View, CA 94043, EUA; \u201cGoogle\u201d). \u00c9 utilizado o modo \u201cUniversal Analytics\u201d, que permite vincular os dados, sess\u00f5es e intera\u00e7\u00f5es do usu\u00e1rio em diferentes dispositivos a um ID de usu\u00e1rio pseud\u00f4nimo, permitindo que as atividades do usu\u00e1rio sejam analisadas em diferentes dispositivos. Esta pol\u00edtica de privacidade foi fornecida por<a href=\"http:\/\/www.intersoft-consulting.de\/\">www.intersoft-consulting.de<\/a>.   <\/p>\n<p>O Google Analytics utiliza os chamados \u201ccookies\u201d, arquivos de texto que s\u00e3o armazenados no seu computador e permitem analisar a sua utiliza\u00e7\u00e3o do site. As informa\u00e7\u00f5es obtidas atrav\u00e9s dos cookies s\u00e3o geralmente transferidas para um servidor do Google nos EUA e a\u00ed armazenadas. Se a anonimiza\u00e7\u00e3o do IP estiver ativada neste site, o seu endere\u00e7o IP ser\u00e1 previamente encurtado pelo Google nos pa\u00edses da Uni\u00e3o Europeia ou em outros estados contratantes do Acordo sobre o Espa\u00e7o Econ\u00f3mico Europeu. Somente em casos excepcionais o endere\u00e7o IP completo ser\u00e1 transmitido para um servidor do Google nos EUA e a\u00ed encurtado. O endere\u00e7o IP transmitido pelo seu navegador como parte do Google Analytics n\u00e3o \u00e9 combinado com outros dados do Google. Em nome do operador do website, a Google utilizar\u00e1 estas informa\u00e7\u00f5es para avaliar a utiliza\u00e7\u00e3o do website, para compilar relat\u00f3rios sobre a atividade do website e para fornecer outros servi\u00e7os relacionados com a atividade do website e utiliza\u00e7\u00e3o da Internet ao operador do website. Isto se baseia no nosso interesse leg\u00edtimo no processamento de dados. A base legal para o uso do Google Analytics \u00e9 a Se\u00e7\u00e3o 15, Par\u00e1grafo 3 TMG ou Art. 6 Par\u00e1grafo 1, letra f) do RGPD. Os dados vinculados a cookies, identificadores de usu\u00e1rio (por exemplo, ID de usu\u00e1rio) ou IDs de publicidade s\u00e3o exclu\u00eddos automaticamente ap\u00f3s 14 meses. A elimina\u00e7\u00e3o dos dados cujo per\u00edodo de reten\u00e7\u00e3o expirou ocorre automaticamente uma vez por m\u00eas. Mais informa\u00e7\u00f5es sobre os termos de uso e prote\u00e7\u00e3o de dados podem ser encontradas em<a href=\"https:\/\/www.google.com\/analytics\/terms\/de.html\">https:\/\/www.google.com\/analytics\/terms\/de.html<\/a>e<a href=\"https:\/\/policies.google.com\/?hl=de.\">https:\/\/policies.google.com\/?hl=de.<\/a>             <\/p>\n<p>Voc\u00ea pode impedir o armazenamento de cookies nas configura\u00e7\u00f5es do seu navegador, mas se fizer isso poder\u00e1 n\u00e3o conseguir utilizar plenamente todas as fun\u00e7\u00f5es do site. Voc\u00ea pode impedir a coleta de dados gerados por cookies e relacionados ao uso do site (incluindo seu endere\u00e7o IP) e o processamento desses dados pelo Google instalando um complemento especial do navegador. Os cookies de exclus\u00e3o evitam que os seus dados sejam recolhidos no futuro quando visitar o site. Para evitar que os dados do Universal Analytics sejam coletados em dispositivos diferentes, voc\u00ea deve desativar todos os sistemas usados. Ao clicar aqui voc\u00ea ativa o cookie de opt-out: Desativar Google Analytics    <\/p>\n<p>\u00a0<\/p>\n<p><strong>Informa\u00e7\u00f5es sobre prote\u00e7\u00e3o de dados ao utilizar o formul\u00e1rio de contato<\/strong><\/p>\n<p>O formul\u00e1rio de contato deste site \u00e9 utilizado exclusivamente para processar suas d\u00favidas e a administra\u00e7\u00e3o t\u00e9cnica necess\u00e1ria. Os dados coletados n\u00e3o ser\u00e3o repassados \u200b\u200ba terceiros. Voc\u00ea pode se opor ao uso de seus dados a qualquer momento ou revogar seu consentimento no futuro. Neste caso, os dados ser\u00e3o eliminados imediatamente.   <\/p>\n<p>Poder\u00e1 solicitar informa\u00e7\u00f5es sobre os dados recolhidos a qualquer momento por telefone ou email. Os seus dados tamb\u00e9m ser\u00e3o eliminados quando o processamento do seu pedido for conclu\u00eddo ou se a recolha de dados se tornar inadmiss\u00edvel por outros motivos. <\/p>\n<p>Mais informa\u00e7\u00f5es sobre dados pessoais e prote\u00e7\u00e3o de dados podem ser encontradas nas outras se\u00e7\u00f5es desta pol\u00edtica de privacidade.<\/p>\n<p>\u00a0<\/p>\n<p><strong>Os seus direitos como titular dos dados<\/strong><\/p>\n<p>Se os seus dados pessoais forem processados \u200b\u200bem conex\u00e3o com a sua visita ao nosso site, voc\u00ea, como \u201ctitular dos dados\u201d, na acep\u00e7\u00e3o do GDPR, ter\u00e1 os seguintes direitos:<\/p>\n<p>\u00a0<\/p>\n<p><strong>Direito \u00e0 informa\u00e7\u00e3o<\/strong><\/p>\n<p>Voc\u00ea pode nos solicitar informa\u00e7\u00f5es sobre se seus dados pessoais est\u00e3o sendo processados. O direito \u00e0 informa\u00e7\u00e3o n\u00e3o existe se isso violar as obriga\u00e7\u00f5es de confidencialidade ou se a informa\u00e7\u00e3o tiver de permanecer confidencial por outros motivos, por exemplo, no interesse de terceiros. Existe uma exce\u00e7\u00e3o se os seus interesses superarem o interesse na prote\u00e7\u00e3o. O direito \u00e0 informa\u00e7\u00e3o tamb\u00e9m est\u00e1 exclu\u00eddo se os dados forem armazenados apenas durante os prazos de conserva\u00e7\u00e3o legais ou forem utilizados exclusivamente para fins de seguran\u00e7a ou controlo de prote\u00e7\u00e3o de dados e o fornecimento da informa\u00e7\u00e3o exigir um esfor\u00e7o desproporcionado e o processamento para outros fins for tecnicamente imposs\u00edvel. Se for concedido o direito \u00e0 informa\u00e7\u00e3o, pode solicitar-nos as seguintes informa\u00e7\u00f5es: finalidade do tratamento, categorias de dados tratados, destinat\u00e1rios ou categorias de destinat\u00e1rios dos dados (nomeadamente em pa\u00edses terceiros), se poss\u00edvel &#8211; dura\u00e7\u00e3o prevista de armazenamento ou crit\u00e9rios para determin\u00e1-lo, exist\u00eancia de direito de retifica\u00e7\u00e3o, apagamento, restri\u00e7\u00e3o de tratamento ou oposi\u00e7\u00e3o ao tratamento, exist\u00eancia de direito de apresentar uma reclama\u00e7\u00e3o junto de uma autoridade de controlo de prote\u00e7\u00e3o de dados se os dados n\u00e3o tiverem sido recolhidos diretamente de si &#8211; informa\u00e7\u00f5es dispon\u00edveis sobre a origem dos dados, a exist\u00eancia de processos automatizados tomada de decis\u00f5es, incluindo perfis e informa\u00e7\u00f5es relevantes sobre a l\u00f3gica, os efeitos e os resultados prov\u00e1veis da transfer\u00eancia de dados para pa\u00edses terceiros &#8211; informa\u00e7\u00f5es sobre as salvaguardas relevantes nos termos do artigo 46.\u00ba do RGPD, na aus\u00eancia de uma decis\u00e3o da Comiss\u00e3o Europeia sobre a adequa\u00e7\u00e3o da prote\u00e7\u00e3o.    <\/p>\n<p>\u00a0<\/p>\n<p><strong>Direito \u00e0 corre\u00e7\u00e3o e acr\u00e9scimo<\/strong><\/p>\n<p>Se descobrir que armazenamos dados pessoais imprecisos, voc\u00ea pode solicitar que eles sejam corrigidos imediatamente. Caso os dados estejam incompletos, voc\u00ea pode solicitar que sejam complementados. <\/p>\n<p>\u00a0<\/p>\n<p><strong>Direito \u00e0 exclus\u00e3o<\/strong><\/p>\n<p>Tem o direito ao apagamento (\u201cdireito a ser esquecido\u201d) se o tratamento n\u00e3o for necess\u00e1rio para exercer o direito \u00e0 liberdade de express\u00e3o, o direito \u00e0 informa\u00e7\u00e3o, para cumprir uma obriga\u00e7\u00e3o legal ou para realizar uma tarefa de interesse p\u00fablico e se uma das seguintes condi\u00e7\u00f5es for cumprida: Os dados j\u00e1 n\u00e3o s\u00e3o necess\u00e1rios para os fins do tratamento. a base legal para o processamento \u00e9 o seu consentimento, que voc\u00ea retirou; Voc\u00ea se op\u00f4s ao processamento de dados publicados; voc\u00ea se op\u00f4s ao processamento de dados n\u00e3o p\u00fablicos e n\u00e3o h\u00e1 motivos legais imperativos para o processamento; os dados foram processados \u200b\u200bilegalmente; a exclus\u00e3o \u00e9 necess\u00e1ria para cumprir uma obriga\u00e7\u00e3o legal; A elimina\u00e7\u00e3o n\u00e3o \u00e9 necess\u00e1ria se for imposs\u00edvel ou exigir um esfor\u00e7o desproporcional e os seus interesses na elimina\u00e7\u00e3o forem irrelevantes &#8211; neste caso, o processamento \u00e9 restrito. <\/p>\n<p>\u00a0<\/p>\n<p><strong>Direito \u00e0 restri\u00e7\u00e3o do processamento<\/strong><\/p>\n<p>Voc\u00ea pode solicitar a restri\u00e7\u00e3o do processamento se: contestar a exatid\u00e3o dos dados e a restri\u00e7\u00e3o for necess\u00e1ria para verifica\u00e7\u00e3o; o processamento \u00e9 ilegal e voc\u00ea prefere a restri\u00e7\u00e3o em vez da exclus\u00e3o; n\u00e3o precisamos mais dos dados para processamento; Voc\u00ea apresentou uma obje\u00e7\u00e3o de acordo com o Artigo 21 do RGPD e n\u00e3o est\u00e1 claro se nossos interesses leg\u00edtimos os superam. A restri\u00e7\u00e3o significa que os dados s\u00f3 poder\u00e3o ser tratados com o seu consentimento, para prote\u00e7\u00e3o de direitos de terceiros ou por motivos importantes de interesse p\u00fablico. Antes de suspendermos a restri\u00e7\u00e3o, somos obrigados a notific\u00e1-lo.  <\/p>\n<p>\u00a0<\/p>\n<p><strong>Direito \u00e0 portabilidade dos dados<\/strong><\/p>\n<p>Se o tratamento se basear no seu consentimento ou num contrato e for realizado de forma autom\u00e1tica, tem o direito de receber os seus dados pessoais num formato estruturado, de uso corrente e leg\u00edvel por m\u00e1quina e de os transmitir a outro respons\u00e1vel pelo tratamento. Na medida em que tal seja tecnicamente poss\u00edvel, podemos transmitir os dados diretamente a outro respons\u00e1vel. <\/p>\n<p>\u00a0<\/p>\n<p><strong>Direito de oposi\u00e7\u00e3o<\/strong><\/p>\n<p>Se o tratamento se basear no artigo 6.\u00ba, n.\u00ba 1, al\u00ednea e) ou f) do RGPD, pode opor-se ao tratamento por motivos relacionados com a sua situa\u00e7\u00e3o espec\u00edfica. Isto tamb\u00e9m se aplica ao perfil. Ap\u00f3s a obje\u00e7\u00e3o, o processamento ser\u00e1 interrompido, a menos que possamos demonstrar raz\u00f5es leg\u00edtimas e imperiosas que superem os seus interesses, ou o processamento sirva para fazer valer, exercer ou defender reivindica\u00e7\u00f5es legais. Voc\u00ea tamb\u00e9m pode se opor, a qualquer momento, ao processamento para fins de marketing direto, incluindo a cria\u00e7\u00e3o de perfis relacionados ao marketing. Os dados n\u00e3o ser\u00e3o mais utilizados para esses fins. A oposi\u00e7\u00e3o pode ser enviada por telefone, email, fax ou correio para o endere\u00e7o indicado no in\u00edcio da declara\u00e7\u00e3o de prote\u00e7\u00e3o de dados.       <\/p>\n<p>\u00a0<\/p>\n<p><strong>Retirada do consentimento<\/strong><\/p>\n<p>Voc\u00ea tem o direito de revogar seu consentimento a qualquer momento, com efeitos futuros. A revoga\u00e7\u00e3o pode ser feita por telefone, e-mail, fax ou correio. A licitude do tratamento baseado no consentimento at\u00e9 \u00e0 sua revoga\u00e7\u00e3o permanece inalterada. Ap\u00f3s a revoga\u00e7\u00e3o, termina o tratamento baseado exclusivamente no consentimento.   <\/p>\n<p>\u00a0<\/p>\n<p><strong>Reclama\u00e7\u00e3o<\/strong><\/p>\n<p>Se considerar que o tratamento dos seus dados \u00e9 il\u00edcito, poder\u00e1 apresentar uma reclama\u00e7\u00e3o junto da autoridade de controlo da prote\u00e7\u00e3o de dados respons\u00e1vel pelo seu local de resid\u00eancia, local de trabalho ou pela alegada infra\u00e7\u00e3o.<\/p>\n<p><strong>Presen\u00e7a nas redes sociais<\/strong><\/p>\n<p>Mantemos perfis e fan pages nas redes sociais. Ao utilizar e visitar os nossos perfis, aplicam-se os regulamentos de prote\u00e7\u00e3o de dados e os termos de utiliza\u00e7\u00e3o da respetiva rede. <\/p>\n<p>Categorias de dados e descri\u00e7\u00e3o do tratamento: dados de utiliza\u00e7\u00e3o, dados de contacto, dados de conte\u00fado, dados de disponibilidade. Al\u00e9m disso, os dados dos utilizadores nas redes sociais s\u00e3o normalmente utilizados para fins de marketing e publicidade. Por exemplo, s\u00e3o criados perfis de utiliza\u00e7\u00e3o com base no comportamento e nos interesses dos utilizadores, que s\u00e3o utilizados para exibir publicidade dentro e fora da rede. Para estes fins s\u00e3o normalmente utilizados cookies, que armazenam dados sobre o comportamento e interesses dos utilizadores. Os perfis podem conter dados independentes do dispositivo (especialmente se o usu\u00e1rio estiver registrado e conectado). Informa\u00e7\u00f5es detalhadas sobre os tipos de tratamento e as op\u00e7\u00f5es de oposi\u00e7\u00e3o podem ser encontradas nas orienta\u00e7\u00f5es das respetivas redes. Caso tenha alguma d\u00favida sobre informa\u00e7\u00f5es ou queira exercer os direitos dos afetados, recomendamos que entre em contato diretamente com as operadoras, pois somente elas t\u00eam acesso aos dados e podem tomar provid\u00eancias. Se necess\u00e1rio, voc\u00ea tamb\u00e9m pode entrar em contato conosco.       <\/p>\n<p>Finalidade do tratamento: comunica\u00e7\u00e3o com utilizadores de redes sociais, informa\u00e7\u00e3o e publicidade dos nossos produtos, ofertas e servi\u00e7os; Apresenta\u00e7\u00e3o e imagem externa; An\u00e1lise de usu\u00e1rios e conte\u00fado de nossas p\u00e1ginas nas redes sociais.<\/p>\n<p>Base jur\u00eddica: O interesse leg\u00edtimo descrito acima, de acordo com o Artigo 6, Par\u00e1grafo 1, Frase 1, Letra f) do RGPD. Se voc\u00ea deu o seu consentimento, Art. 6 Par\u00e1. 1 aceso. a) em conjunto com o art. 7 GDPR \u00e9 a base jur\u00eddica.     <\/p>\n<p>\u00a0<\/p>\n<p><strong>Transmiss\u00e3o de dados: Redes sociais.<\/strong><\/p>\n<p>Declara\u00e7\u00f5es de prote\u00e7\u00e3o de dados, informa\u00e7\u00f5es e op\u00e7\u00f5es de oposi\u00e7\u00e3o dos operadores de redes sociais: Facebook \u2013 Operador: Facebook Ireland Ltd., 4 Grand Canal Square, Grand Canal Harbour, Dublin 2, Irlanda; Site: www.facebook.com; Declara\u00e7\u00e3o de prote\u00e7\u00e3o de dados:<a href=\"https:\/\/www.facebook.com\/about\/privacy\/\">https:\/\/www.facebook.com\/about\/privacy\/<\/a>; Desativa\u00e7\u00e3o:<a href=\"https:\/\/www.facebook.com\/settings?tab=ads\">https:\/\/www.facebook.com\/settings?tab=ads<\/a>e<a href=\"http:\/\/www.youronlinechoices.com\/\">http:\/\/www.youronlinechoices.com<\/a>; Obje\u00e7\u00e3o:<a href=\"https:\/\/www.facebook.com\/help\/contact\/2061665240770586\">https:\/\/www.facebook.com\/help\/contact\/2061665240770586<\/a>; Acordo sobre processamento conjunto de dados nas p\u00e1ginas do Facebook (Art. 26 GDPR):<a href=\"https:\/\/www.facebook.com\/legal\/terms\/page_controller_addendum\">https:\/\/www.facebook.com\/legal\/terms\/page_controller_addendum<\/a>; Declara\u00e7\u00e3o de prote\u00e7\u00e3o de dados para as p\u00e1ginas do Facebook:<a href=\"https:\/\/www.facebook.com\/legal\/terms\/information_about_page_insights_data.\">https:\/\/www.facebook.com\/legal\/terms\/information_about_page_insights_data.<\/a><\/p>\n<p>\u00a0<\/p>\n<p><strong>Situa\u00e7\u00e3o e atualiza\u00e7\u00e3o desta declara\u00e7\u00e3o de prote\u00e7\u00e3o de dados<\/strong><\/p>\n<p>Esta declara\u00e7\u00e3o de prote\u00e7\u00e3o de dados \u00e9 v\u00e1lida a partir de 9 de dezembro de 2024. Reservamo-nos o direito de adapt\u00e1-la, se necess\u00e1rio, para melhorar a prote\u00e7\u00e3o de dados e\/ou a altera\u00e7\u00f5es nas autoridades ou na jurisprud\u00eancia. <\/p>\n<h5><strong><\/strong><\/h5><\/strong><\/h5>","protected":false},"excerpt":{"rendered":"<p>{post_title} Respons\u00e1vel de acordo com o Artigo 7, par\u00e1grafo 4, do Regulamento Geral de Prote\u00e7\u00e3o de Dados da UE (GDPR): \u00a0 Dipl.-Ing. German GazeevHelgol\u00e4nder Str. 2A30163 Hannover Contato:Pessoa de contato: Dipl.-Ing. Gazeev Alem\u00e3o admin@deutsche-sprache.com \u00a0 A utiliza\u00e7\u00e3o deste website \u00e9 geralmente poss\u00edvel sem fornecer dados pessoais. Se forem recolhidos dados pessoais (por exemplo, nome, morada [&hellip;]<\/p>\n","protected":false},"author":1,"featured_media":0,"parent":0,"menu_order":0,"comment_status":"closed","ping_status":"closed","template":"","meta":{"_acf_changed":false,"_seopress_robots_primary_cat":"","_seopress_titles_title":"Pol\u00edtica de privacidade","_seopress_titles_desc":"","_seopress_robots_index":"","footnotes":""},"class_list":["post-16013","page","type-page","status-publish"],"acf":{"\u0442\u0435\u043b\u0435\u0444\u043e\u043d":""},"_links":{"self":[{"href":"https:\/\/deutsche-sprache.com\/pt-pt\/wp-json\/wp\/v2\/pages\/16013","targetHints":{"allow":["GET"]}}],"collection":[{"href":"https:\/\/deutsche-sprache.com\/pt-pt\/wp-json\/wp\/v2\/pages"}],"about":[{"href":"https:\/\/deutsche-sprache.com\/pt-pt\/wp-json\/wp\/v2\/types\/page"}],"author":[{"embeddable":true,"href":"https:\/\/deutsche-sprache.com\/pt-pt\/wp-json\/wp\/v2\/users\/1"}],"replies":[{"embeddable":true,"href":"https:\/\/deutsche-sprache.com\/pt-pt\/wp-json\/wp\/v2\/comments?post=16013"}],"version-history":[{"count":1,"href":"https:\/\/deutsche-sprache.com\/pt-pt\/wp-json\/wp\/v2\/pages\/16013\/revisions"}],"predecessor-version":[{"id":16014,"href":"https:\/\/deutsche-sprache.com\/pt-pt\/wp-json\/wp\/v2\/pages\/16013\/revisions\/16014"}],"wp:attachment":[{"href":"https:\/\/deutsche-sprache.com\/pt-pt\/wp-json\/wp\/v2\/media?parent=16013"}],"curies":[{"name":"wp","href":"https:\/\/api.w.org\/{rel}","templated":true}]}}