{"id":16024,"date":"2025-09-26T06:58:25","date_gmt":"2025-09-26T03:58:25","guid":{"rendered":"https:\/\/deutsche-sprache.com\/product\/deutsche-sprache-b1-printed-pt\/"},"modified":"2026-05-09T04:10:40","modified_gmt":"2026-05-09T01:10:40","slug":"deutsche-sprache-b1-printed-pt","status":"publish","type":"product","link":"https:\/\/deutsche-sprache.com\/pt-pt\/produto\/deutsche-sprache-b1-printed-pt\/","title":{"rendered":"Deutsche Sprache B1"},"content":{"rendered":"<p><strong>Deutsche Sprache B1<\/strong> &#8211; manual impresso.<\/p>\n<p>Esta \u00e9 a vers\u00e3o impressa do manual \u00abDeutsche Sprache\u00bb, indicada para aprender gram\u00e1tica, vocabul\u00e1rio, leitura, compreens\u00e3o oral e escrita em alem\u00e3o de forma estruturada.<\/p>\n<p>O manual inclui explica\u00e7\u00f5es claras, exerc\u00edcios, materiais \u00e1udio e v\u00eddeo, bem como respostas e materiais adicionais acess\u00edveis atrav\u00e9s de c\u00f3digos QR.<\/p>\n","protected":false},"excerpt":{"rendered":"<p>Deutsche Sprache B1 &#8211; manual impresso. Esta \u00e9 a vers\u00e3o impressa do manual \u00abDeutsche Sprache\u00bb, indicada para aprender gram\u00e1tica, vocabul\u00e1rio, leitura, compreens\u00e3o oral e escrita em alem\u00e3o de forma estruturada. O manual inclui explica\u00e7\u00f5es claras, exerc\u00edcios, materiais \u00e1udio e v\u00eddeo, bem como respostas e materiais adicionais acess\u00edveis atrav\u00e9s de c\u00f3digos QR.<\/p>\n","protected":false},"featured_media":16025,"comment_status":"open","ping_status":"closed","template":"","meta":{"_acf_changed":false,"_seopress_robots_primary_cat":"","_seopress_titles_title":"","_seopress_titles_desc":"","_seopress_robots_index":""},"product_brand":[],"product_cat":[378],"product_tag":[],"class_list":{"0":"post-16024","1":"product","2":"type-product","3":"status-publish","4":"has-post-thumbnail","6":"product_cat-printed-textbook-pt","8":"first","9":"instock","10":"featured","11":"taxable","12":"shipping-taxable","13":"purchasable","14":"product-type-simple"},"acf":{"\u0442\u0435\u043b\u0435\u0444\u043e\u043d":"","\u0433\u043e\u0434_\u0432\u044b\u043f\u0443\u0441\u043a\u0430":"2019","\u0434\u0430\u0442\u0430_\u0432\u044b\u043f\u0443\u0441\u043a\u0430":"14 de outubro","\u043e\u0431\u044a\u0435\u043c":"280","\u044f\u0437\u044b\u043a":"DE","\u044f\u0437\u044b\u043a_\u043f\u043e\u043b\u043d\u043e\u0441\u0442\u044c\u044e":"Alem\u00e3o"},"_links":{"self":[{"href":"https:\/\/deutsche-sprache.com\/pt-pt\/wp-json\/wp\/v2\/product\/16024","targetHints":{"allow":["GET"]}}],"collection":[{"href":"https:\/\/deutsche-sprache.com\/pt-pt\/wp-json\/wp\/v2\/product"}],"about":[{"href":"https:\/\/deutsche-sprache.com\/pt-pt\/wp-json\/wp\/v2\/types\/product"}],"replies":[{"embeddable":true,"href":"https:\/\/deutsche-sprache.com\/pt-pt\/wp-json\/wp\/v2\/comments?post=16024"}],"wp:featuredmedia":[{"embeddable":true,"href":"https:\/\/deutsche-sprache.com\/pt-pt\/wp-json\/wp\/v2\/media\/16025"}],"wp:attachment":[{"href":"https:\/\/deutsche-sprache.com\/pt-pt\/wp-json\/wp\/v2\/media?parent=16024"}],"wp:term":[{"taxonomy":"product_brand","embeddable":true,"href":"https:\/\/deutsche-sprache.com\/pt-pt\/wp-json\/wp\/v2\/product_brand?post=16024"},{"taxonomy":"product_cat","embeddable":true,"href":"https:\/\/deutsche-sprache.com\/pt-pt\/wp-json\/wp\/v2\/product_cat?post=16024"},{"taxonomy":"product_tag","embeddable":true,"href":"https:\/\/deutsche-sprache.com\/pt-pt\/wp-json\/wp\/v2\/product_tag?post=16024"}],"curies":[{"name":"wp","href":"https:\/\/api.w.org\/{rel}","templated":true}]}}