{"id":16055,"date":"2026-03-25T17:31:47","date_gmt":"2026-03-25T14:31:47","guid":{"rendered":"https:\/\/deutsche-sprache.com\/profesor-ai-pentru-scriere-in-limba-germana\/"},"modified":"2026-05-09T20:45:20","modified_gmt":"2026-05-09T17:45:20","slug":"profesor-ai-pentru-scriere-in-limba-germana","status":"publish","type":"page","link":"https:\/\/deutsche-sprache.com\/ro\/profesor-ai-pentru-scriere-in-limba-germana\/","title":{"rendered":"Profesor AI pentru scriere \u00een limba german\u0103"},"content":{"rendered":"<p>Corecteaz\u0103 gre\u0219elile \u0219i te ajut\u0103 s\u0103 formulezi textele mai bine.<\/p><h1 class=\"has-text-align-center wp-block-heading\">Profesor AI pentru scriere \u00een limba german\u0103<\/h1><language-widget api-url=\"https:\/\/widget.dkh-institut.de\/api\/v1\" mode=\"klassik\" lang=\"de\" hide-footer><\/language-widget>\n","protected":false},"excerpt":{"rendered":"<p>Corecteaz\u0103 gre\u0219elile \u0219i te ajut\u0103 s\u0103 formulezi textele mai bine. Profesor AI pentru scriere \u00een limba german\u0103<\/p>\n","protected":false},"author":1,"featured_media":0,"parent":0,"menu_order":0,"comment_status":"closed","ping_status":"closed","template":"","meta":{"_acf_changed":false,"_seopress_robots_primary_cat":"","_seopress_titles_title":"","_seopress_titles_desc":"","_seopress_robots_index":"","_seopress_analysis_target_kw":"","footnotes":""},"class_list":["post-16055","page","type-page","status-publish"],"acf":{"\u0442\u0435\u043b\u0435\u0444\u043e\u043d":""},"_links":{"self":[{"href":"https:\/\/deutsche-sprache.com\/ro\/wp-json\/wp\/v2\/pages\/16055","targetHints":{"allow":["GET"]}}],"collection":[{"href":"https:\/\/deutsche-sprache.com\/ro\/wp-json\/wp\/v2\/pages"}],"about":[{"href":"https:\/\/deutsche-sprache.com\/ro\/wp-json\/wp\/v2\/types\/page"}],"author":[{"embeddable":true,"href":"https:\/\/deutsche-sprache.com\/ro\/wp-json\/wp\/v2\/users\/1"}],"replies":[{"embeddable":true,"href":"https:\/\/deutsche-sprache.com\/ro\/wp-json\/wp\/v2\/comments?post=16055"}],"version-history":[{"count":1,"href":"https:\/\/deutsche-sprache.com\/ro\/wp-json\/wp\/v2\/pages\/16055\/revisions"}],"predecessor-version":[{"id":16056,"href":"https:\/\/deutsche-sprache.com\/ro\/wp-json\/wp\/v2\/pages\/16055\/revisions\/16056"}],"wp:attachment":[{"href":"https:\/\/deutsche-sprache.com\/ro\/wp-json\/wp\/v2\/media?parent=16055"}],"curies":[{"name":"wp","href":"https:\/\/api.w.org\/{rel}","templated":true}]}}