{"id":16059,"date":"2025-10-26T23:01:35","date_gmt":"2025-10-26T20:01:35","guid":{"rendered":"https:\/\/deutsche-sprache.com\/germana-in-viata-de-zi-cu-zi\/"},"modified":"2026-05-09T20:46:50","modified_gmt":"2026-05-09T17:46:50","slug":"germana-in-viata-de-zi-cu-zi","status":"publish","type":"page","link":"https:\/\/deutsche-sprache.com\/ro\/germana-in-viata-de-zi-cu-zi\/","title":{"rendered":"Germana \u00een via\u021ba de zi cu zi"},"content":{"rendered":"<h4 class=\"wp-block-heading\">Manuale pentru \u00eenv\u0103\u021barea gramaticii<\/h4><div class=\"real3dflipbook\" id=\"19_6a00815068b74\" style=\"position:absolute;\"><\/div>\n<figure class=\"wp-block-image size-full\"><img alt=\"deutsch im alltag\" loading=\"lazy\" decoding=\"async\" width=\"1295\" height=\"1841\" src=\"https:\/\/deutsche-sprache.com\/wp-content\/uploads\/2025\/11\/deutsch_im_alltag-1.webp\" class=\"wp-image-8992\" srcset=\"https:\/\/deutsche-sprache.com\/wp-content\/uploads\/2025\/11\/deutsch_im_alltag-1.webp 1295w, https:\/\/deutsche-sprache.com\/wp-content\/uploads\/2025\/11\/deutsch_im_alltag-1-211x300.webp 211w, https:\/\/deutsche-sprache.com\/wp-content\/uploads\/2025\/11\/deutsch_im_alltag-1-720x1024.webp 720w, https:\/\/deutsche-sprache.com\/wp-content\/uploads\/2025\/11\/deutsch_im_alltag-1-106x150.webp 106w, https:\/\/deutsche-sprache.com\/wp-content\/uploads\/2025\/11\/deutsch_im_alltag-1-768x1092.webp 768w, https:\/\/deutsche-sprache.com\/wp-content\/uploads\/2025\/11\/deutsch_im_alltag-1-1080x1536.webp 1080w, https:\/\/deutsche-sprache.com\/wp-content\/uploads\/2025\/11\/deutsch_im_alltag-1-1200x1706.webp 1200w, https:\/\/deutsche-sprache.com\/wp-content\/uploads\/2025\/11\/deutsch_im_alltag-1-600x853.webp 600w\" sizes=\"auto, (max-width: 1295px) 100vw, 1295px\" \/><\/figure><div class=\"wp-block-buttons is-layout-flex wp-block-buttons-is-layout-flex\"><\/div><div class=\"wp-block-buttons is-layout-flex wp-block-buttons-is-layout-flex\"><div class=\"wp-block-button\"><a class=\"wp-block-button__link\">Cite\u0219te manualul<\/a><\/div><\/div><div class=\"wp-block-buttons is-layout-flex wp-block-buttons-is-layout-flex\"><div class=\"wp-block-button\"><a class=\"wp-block-button__link\">Cite\u0219te manualul<\/a><\/div><\/div><p>Manual online gratuit pentru limba german\u0103 &#8211; pentru toate nivelurile de la A1 la C1.<br\/>Manualul v\u0103 ajut\u0103 s\u0103 v\u0103 sistematiza\u021bi cuno\u0219tin\u021bele, s\u0103 \u00eenv\u0103\u021ba\u021bi vocabularul pe subiecte importante \u0219i s\u0103 vorbi\u021bi cu \u00eencredere german\u0103.<br\/>\u00cen manual ve\u021bi g\u0103si fi\u0219e cu expresii \u0219i sfaturi care fac \u00eenv\u0103\u021barea u\u0219oar\u0103 \u0219i u\u0219or de \u00een\u021beles. desigur.<\/p><div class=\"wp-block-buttons is-layout-flex wp-block-buttons-is-layout-flex\"><div class=\"wp-block-button\"><a class=\"wp-block-button__link\">Cite\u0219te manualul<\/a><\/div><\/div><div class=\"wp-block-buttons is-layout-flex wp-block-buttons-is-layout-flex\"><\/div><p><span style=\"culoare: #00b000;\">\u2714\ufe0e<\/span>Accesul este gratuit.<\/p>\n<p>\u00a0<\/p><div class=\"wp-block-buttons is-layout-flex wp-block-buttons-is-layout-flex\"><div class=\"wp-block-button\"><a class=\"wp-block-button__link\">Cite\u0219te manualul<\/a><\/div><\/div><figure class=\"wp-block-image size-full\"><img alt=\"deutsch im alltag\" loading=\"lazy\" decoding=\"async\" width=\"1295\" height=\"1841\" src=\"https:\/\/deutsche-sprache.com\/wp-content\/uploads\/2025\/11\/deutsch_im_alltag-1.webp\" class=\"wp-image-8992\" srcset=\"https:\/\/deutsche-sprache.com\/wp-content\/uploads\/2025\/11\/deutsch_im_alltag-1.webp 1295w, https:\/\/deutsche-sprache.com\/wp-content\/uploads\/2025\/11\/deutsch_im_alltag-1-211x300.webp 211w, https:\/\/deutsche-sprache.com\/wp-content\/uploads\/2025\/11\/deutsch_im_alltag-1-720x1024.webp 720w, https:\/\/deutsche-sprache.com\/wp-content\/uploads\/2025\/11\/deutsch_im_alltag-1-106x150.webp 106w, https:\/\/deutsche-sprache.com\/wp-content\/uploads\/2025\/11\/deutsch_im_alltag-1-768x1092.webp 768w, https:\/\/deutsche-sprache.com\/wp-content\/uploads\/2025\/11\/deutsch_im_alltag-1-1080x1536.webp 1080w, https:\/\/deutsche-sprache.com\/wp-content\/uploads\/2025\/11\/deutsch_im_alltag-1-1200x1706.webp 1200w, https:\/\/deutsche-sprache.com\/wp-content\/uploads\/2025\/11\/deutsch_im_alltag-1-600x853.webp 600w\" sizes=\"auto, (max-width: 1295px) 100vw, 1295px\" \/><\/figure><div class=\"real3dflipbook\" id=\"7_6a00815068e08\" style=\"position:absolute;\"><\/div>\n<p><span style=\"culoare: #00b000;\">\u2714\ufe0e<\/span>Accesul este gratuit.<\/p>\n<p>\u00a0<\/p>\n<p>Manual online gratuit pentru limba german\u0103 &#8211; pentru toate nivelurile de la A1 la C1.<br\/>Manualul v\u0103 ajut\u0103 s\u0103 v\u0103 sistematiza\u021bi cuno\u0219tin\u021bele, s\u0103 \u00eenv\u0103\u021ba\u021bi vocabularul pe subiecte importante \u0219i s\u0103 vorbi\u021bi cu \u00eencredere german\u0103.<br\/>\u00cen manual ve\u021bi g\u0103si fi\u0219e cu expresii \u0219i sfaturi care fac \u00eenv\u0103\u021barea u\u0219oar\u0103 \u0219i u\u0219or de \u00een\u021beles. desigur.<br\/><br\/><\/p><h2 class=\"wp-block-heading\">Profesor AI<\/h2>Korrigiert Fehler und hilft, Texte besser zu formulieren.<div class=\"wp-block-buttons is-layout-flex wp-block-buttons-is-layout-flex\"><div class=\"wp-block-button\"><a class=\"wp-block-button__link\">Afl\u0103 mai multe<\/a><\/div><\/div><figure class=\"wp-block-image size-full\"><a><img alt=\"\u0421\u043d\u0438\u043c\u043e\u043a \u044d\u043a\u0440\u0430\u043d\u0430 2026 03 24 \u0432 23.38.21 1\" decoding=\"async\" src=\"https:\/\/deutsche-sprache.com\/wp-content\/uploads\/2026\/03\/&#x421;&#x43D;&#x438;&#x43C;&#x43E;&#x43A;-&#x44D;&#x43A;&#x440;&#x430;&#x43D;&#x430;-2026-03-24-&#x432;-23.38.21-1.webp\" class=\"wp-image-14462\"\/><\/a><\/figure>","protected":false},"excerpt":{"rendered":"<p>Manuale pentru \u00eenv\u0103\u021barea gramaticii Manual online gratuit pentru limba german\u0103 &#8211; pentru toate nivelurile de la A1 la C1.Manualul v\u0103 ajut\u0103 s\u0103 v\u0103 sistematiza\u021bi cuno\u0219tin\u021bele, s\u0103 \u00eenv\u0103\u021ba\u021bi vocabularul pe subiecte importante \u0219i s\u0103 vorbi\u021bi cu \u00eencredere german\u0103.\u00cen manual ve\u021bi g\u0103si fi\u0219e cu expresii \u0219i sfaturi care fac \u00eenv\u0103\u021barea u\u0219oar\u0103 \u0219i u\u0219or de \u00een\u021beles. desigur. \u2714\ufe0eAccesul [&hellip;]<\/p>\n","protected":false},"author":1,"featured_media":0,"parent":0,"menu_order":0,"comment_status":"closed","ping_status":"closed","template":"","meta":{"_acf_changed":false,"_seopress_robots_primary_cat":"","_seopress_titles_title":"","_seopress_titles_desc":"Manual online gratuit pentru limba german\u0103 (A1\u2013C1). Manual cu h\u0103r\u021bi, idiomuri \u0219i vocabular tematic. Potrivit pentru toate nivelurile de limb\u0103.  ","_seopress_robots_index":"","_seopress_analysis_target_kw":"","footnotes":""},"class_list":["post-16059","page","type-page","status-publish"],"acf":{"\u0442\u0435\u043b\u0435\u0444\u043e\u043d":""},"_links":{"self":[{"href":"https:\/\/deutsche-sprache.com\/ro\/wp-json\/wp\/v2\/pages\/16059","targetHints":{"allow":["GET"]}}],"collection":[{"href":"https:\/\/deutsche-sprache.com\/ro\/wp-json\/wp\/v2\/pages"}],"about":[{"href":"https:\/\/deutsche-sprache.com\/ro\/wp-json\/wp\/v2\/types\/page"}],"author":[{"embeddable":true,"href":"https:\/\/deutsche-sprache.com\/ro\/wp-json\/wp\/v2\/users\/1"}],"replies":[{"embeddable":true,"href":"https:\/\/deutsche-sprache.com\/ro\/wp-json\/wp\/v2\/comments?post=16059"}],"version-history":[{"count":1,"href":"https:\/\/deutsche-sprache.com\/ro\/wp-json\/wp\/v2\/pages\/16059\/revisions"}],"predecessor-version":[{"id":16060,"href":"https:\/\/deutsche-sprache.com\/ro\/wp-json\/wp\/v2\/pages\/16059\/revisions\/16060"}],"wp:attachment":[{"href":"https:\/\/deutsche-sprache.com\/ro\/wp-json\/wp\/v2\/media?parent=16059"}],"curies":[{"name":"wp","href":"https:\/\/api.w.org\/{rel}","templated":true}]}}