{"id":16118,"date":"2025-09-26T04:56:05","date_gmt":"2025-09-26T01:56:05","guid":{"rendered":"https:\/\/deutsche-sprache.com\/product\/deutsche-sprache-a1-printed-ro\/"},"modified":"2026-05-09T21:25:18","modified_gmt":"2026-05-09T18:25:18","slug":"deutsche-sprache-a1-printed-ro","status":"publish","type":"product","link":"https:\/\/deutsche-sprache.com\/ro\/produs\/deutsche-sprache-a1-printed-ro\/","title":{"rendered":"Deutsche Sprache A1"},"content":{"rendered":"<p><strong>Deutsche Sprache A1<\/strong> &#8211; manual tip\u0103rit.<\/p>\n<p>Aceasta este versiunea tip\u0103rit\u0103 a manualului \u201eDeutsche Sprache\u201d, potrivit\u0103 pentru \u00eenv\u0103\u021barea structurat\u0103 a gramaticii, vocabularului, citirii, ascult\u0103rii \u0219i scrierii \u00een limba german\u0103.<\/p>\n<p>Manualul include explica\u021bii clare, exerci\u021bii, materiale audio \u0219i video, precum \u0219i r\u0103spunsuri \u0219i materiale suplimentare accesibile prin coduri QR.<\/p>\n","protected":false},"excerpt":{"rendered":"<p>Deutsche Sprache A1 &#8211; manual tip\u0103rit. Aceasta este versiunea tip\u0103rit\u0103 a manualului \u201eDeutsche Sprache\u201d, potrivit\u0103 pentru \u00eenv\u0103\u021barea structurat\u0103 a gramaticii, vocabularului, citirii, ascult\u0103rii \u0219i scrierii \u00een limba german\u0103. Manualul include explica\u021bii clare, exerci\u021bii, materiale audio \u0219i video, precum \u0219i r\u0103spunsuri \u0219i materiale suplimentare accesibile prin coduri QR.<\/p>\n","protected":false},"featured_media":16043,"comment_status":"open","ping_status":"closed","template":"","meta":{"_acf_changed":false,"_seopress_robots_primary_cat":"","_seopress_titles_title":"","_seopress_titles_desc":"","_seopress_robots_index":"","_seopress_analysis_target_kw":""},"product_brand":[],"product_cat":[380],"product_tag":[],"class_list":{"0":"post-16118","1":"product","2":"type-product","3":"status-publish","4":"has-post-thumbnail","6":"product_cat-printed-textbook-ro","8":"first","9":"instock","10":"featured","11":"taxable","12":"shipping-taxable","13":"purchasable","14":"product-type-simple"},"acf":{"\u0442\u0435\u043b\u0435\u0444\u043e\u043d":"","\u0433\u043e\u0434_\u0432\u044b\u043f\u0443\u0441\u043a\u0430":"2019","\u0434\u0430\u0442\u0430_\u0432\u044b\u043f\u0443\u0441\u043a\u0430":"14 octombrie","\u043e\u0431\u044a\u0435\u043c":"280","\u044f\u0437\u044b\u043a":"DE","\u044f\u0437\u044b\u043a_\u043f\u043e\u043b\u043d\u043e\u0441\u0442\u044c\u044e":"German\u0103"},"_links":{"self":[{"href":"https:\/\/deutsche-sprache.com\/ro\/wp-json\/wp\/v2\/product\/16118","targetHints":{"allow":["GET"]}}],"collection":[{"href":"https:\/\/deutsche-sprache.com\/ro\/wp-json\/wp\/v2\/product"}],"about":[{"href":"https:\/\/deutsche-sprache.com\/ro\/wp-json\/wp\/v2\/types\/product"}],"replies":[{"embeddable":true,"href":"https:\/\/deutsche-sprache.com\/ro\/wp-json\/wp\/v2\/comments?post=16118"}],"wp:featuredmedia":[{"embeddable":true,"href":"https:\/\/deutsche-sprache.com\/ro\/wp-json\/wp\/v2\/media\/16043"}],"wp:attachment":[{"href":"https:\/\/deutsche-sprache.com\/ro\/wp-json\/wp\/v2\/media?parent=16118"}],"wp:term":[{"taxonomy":"product_brand","embeddable":true,"href":"https:\/\/deutsche-sprache.com\/ro\/wp-json\/wp\/v2\/product_brand?post=16118"},{"taxonomy":"product_cat","embeddable":true,"href":"https:\/\/deutsche-sprache.com\/ro\/wp-json\/wp\/v2\/product_cat?post=16118"},{"taxonomy":"product_tag","embeddable":true,"href":"https:\/\/deutsche-sprache.com\/ro\/wp-json\/wp\/v2\/product_tag?post=16118"}],"curies":[{"name":"wp","href":"https:\/\/api.w.org\/{rel}","templated":true}]}}