{"id":13848,"date":"2025-10-26T23:01:35","date_gmt":"2025-10-26T20:01:35","guid":{"rendered":"https:\/\/deutsche-sprache.com\/guenluek-hayatta-almanca\/"},"modified":"2026-04-23T21:49:57","modified_gmt":"2026-04-23T18:49:57","slug":"guenluek-hayatta-almanca","status":"publish","type":"page","link":"https:\/\/deutsche-sprache.com\/tr\/guenluek-hayatta-almanca\/","title":{"rendered":"G\u00fcnl\u00fck Hayatta Almanca"},"content":{"rendered":"<h4 class=\"wp-block-heading\">Dilbilgisi ogrenmek icin ders kitaplari<\/h4>\n\n\n\n<div class=\"real3dflipbook\" id=\"19_69eb894be282b\" style=\"position:absolute;\"><\/div>\n\n\n<figure class=\"wp-block-image size-full\"><img alt=\"deutsch im alltag\" loading=\"lazy\" decoding=\"async\" width=\"1295\" height=\"1841\" src=\"https:\/\/deutsche-sprache.com\/wp-content\/uploads\/2025\/11\/deutsch_im_alltag-1.webp\" class=\"wp-image-8992\" srcset=\"https:\/\/deutsche-sprache.com\/wp-content\/uploads\/2025\/11\/deutsch_im_alltag-1.webp 1295w, https:\/\/deutsche-sprache.com\/wp-content\/uploads\/2025\/11\/deutsch_im_alltag-1-211x300.webp 211w, https:\/\/deutsche-sprache.com\/wp-content\/uploads\/2025\/11\/deutsch_im_alltag-1-720x1024.webp 720w, https:\/\/deutsche-sprache.com\/wp-content\/uploads\/2025\/11\/deutsch_im_alltag-1-106x150.webp 106w, https:\/\/deutsche-sprache.com\/wp-content\/uploads\/2025\/11\/deutsch_im_alltag-1-768x1092.webp 768w, https:\/\/deutsche-sprache.com\/wp-content\/uploads\/2025\/11\/deutsch_im_alltag-1-1080x1536.webp 1080w, https:\/\/deutsche-sprache.com\/wp-content\/uploads\/2025\/11\/deutsch_im_alltag-1-1200x1706.webp 1200w, https:\/\/deutsche-sprache.com\/wp-content\/uploads\/2025\/11\/deutsch_im_alltag-1-600x853.webp 600w\" sizes=\"auto, (max-width: 1295px) 100vw, 1295px\" \/><\/figure>\n\n<div class=\"wp-block-buttons is-layout-flex wp-block-buttons-is-layout-flex\"><\/div>\n\n<div class=\"wp-block-buttons is-layout-flex wp-block-buttons-is-layout-flex\"><div class=\"wp-block-button\"><a class=\"wp-block-button__link\">Ders kitabini oku<\/a><\/div><\/div>\n\n<div class=\"wp-block-buttons is-layout-flex wp-block-buttons-is-layout-flex\"><div class=\"wp-block-button\"><a class=\"wp-block-button__link\">Ders kitabini oku<\/a><\/div><\/div>\n\n<p>Almanca icin ucretsiz cevrim ici ders kitabi &#8211; A1&#8217;den C1&#8217;e kadar tum seviyeler icin.<br \/>Bu ders kitabi, bilgini sistemli hale getirmene, onemli konulardaki kelime dagarcigini ogrenmene ve Almancayi guvenle konusmana yardimci olur.<br \/>Ders kitabinda, ogrenmeyi kolay ve anlasilir kilan kalip ifadeler ve ipuclari iceren kartlar bulursun.<br \/>Bu ders kitabi hem bireysel calisma hem de her kurs icin tamamlayici kaynak olarak uygundur.<\/p>\n\n<div class=\"wp-block-buttons is-layout-flex wp-block-buttons-is-layout-flex\"><div class=\"wp-block-button\"><a class=\"wp-block-button__link\">Ders kitabini oku<\/a><\/div><\/div>\n\n<div class=\"wp-block-buttons is-layout-flex wp-block-buttons-is-layout-flex\"><\/div>\n\n<p><span style=\"color: #00b000\">\u2714\ufe0e<\/span> Erisim ucretsizdir.<\/p>\n<p>&nbsp;<\/p>\n\n<div class=\"wp-block-buttons is-layout-flex wp-block-buttons-is-layout-flex\"><div class=\"wp-block-button\"><a class=\"wp-block-button__link\">Ders kitabini oku<\/a><\/div><\/div>\n\n<figure class=\"wp-block-image size-full\"><img alt=\"deutsch im alltag\" loading=\"lazy\" decoding=\"async\" width=\"1295\" height=\"1841\" src=\"https:\/\/deutsche-sprache.com\/wp-content\/uploads\/2025\/11\/deutsch_im_alltag-1.webp\" class=\"wp-image-8992\" srcset=\"https:\/\/deutsche-sprache.com\/wp-content\/uploads\/2025\/11\/deutsch_im_alltag-1.webp 1295w, https:\/\/deutsche-sprache.com\/wp-content\/uploads\/2025\/11\/deutsch_im_alltag-1-211x300.webp 211w, https:\/\/deutsche-sprache.com\/wp-content\/uploads\/2025\/11\/deutsch_im_alltag-1-720x1024.webp 720w, https:\/\/deutsche-sprache.com\/wp-content\/uploads\/2025\/11\/deutsch_im_alltag-1-106x150.webp 106w, https:\/\/deutsche-sprache.com\/wp-content\/uploads\/2025\/11\/deutsch_im_alltag-1-768x1092.webp 768w, https:\/\/deutsche-sprache.com\/wp-content\/uploads\/2025\/11\/deutsch_im_alltag-1-1080x1536.webp 1080w, https:\/\/deutsche-sprache.com\/wp-content\/uploads\/2025\/11\/deutsch_im_alltag-1-1200x1706.webp 1200w, https:\/\/deutsche-sprache.com\/wp-content\/uploads\/2025\/11\/deutsch_im_alltag-1-600x853.webp 600w\" sizes=\"auto, (max-width: 1295px) 100vw, 1295px\" \/><\/figure>\n\n<div class=\"real3dflipbook\" id=\"7_69eb894be2af0\" style=\"position:absolute;\"><\/div>\n\n\n<p><span style=\"color: #00b000\">\u2714\ufe0e<\/span> Erisim ucretsizdir.<\/p>\n<p>&nbsp;<\/p>\n<p>Almanca icin ucretsiz cevrim ici ders kitabi &#8211; A1&#8217;den C1&#8217;e kadar tum seviyeler icin.<br \/>Bu ders kitabi, bilgini sistemli hale getirmene, onemli konulardaki kelime dagarcigini ogrenmene ve Almancayi guvenle konusmana yardimci olur.<br \/>Ders kitabinda, ogrenmeyi kolay ve anlasilir kilan kalip ifadeler ve ipuclari iceren kartlar bulursun.<br \/>Bu ders kitabi hem bireysel calisma hem de her kurs icin tamamlayici kaynak olarak uygundur.<br \/><br \/><\/p>\n\n<h2 class=\"wp-block-heading\">Yapay zeka ogretmeni<\/h2>\n\nHatalari duzeltir ve metinleri daha iyi ifade etmene yardimci olur.\n\n<div class=\"wp-block-buttons is-layout-flex wp-block-buttons-is-layout-flex\"><div class=\"wp-block-button\"><a class=\"wp-block-button__link\">Daha fazla bilgi<\/a><\/div><\/div>\n\n<figure class=\"wp-block-image size-full\"><a><img alt=\"\u0421\u043d\u0438\u043c\u043e\u043a \u044d\u043a\u0440\u0430\u043d\u0430 2026 03 24 \u0432 23.38.21 1\" loading=\"lazy\" decoding=\"async\" width=\"1020\" height=\"415\" src=\"https:\/\/deutsche-sprache.com\/wp-content\/uploads\/2026\/03\/\u0421\u043d\u0438\u043c\u043e\u043a-\u044d\u043a\u0440\u0430\u043d\u0430-2026-03-24-\u0432-23.38.21-1.webp\" class=\"wp-image-14462\" srcset=\"https:\/\/deutsche-sprache.com\/wp-content\/uploads\/2026\/03\/\u0421\u043d\u0438\u043c\u043e\u043a-\u044d\u043a\u0440\u0430\u043d\u0430-2026-03-24-\u0432-23.38.21-1.webp 1020w, https:\/\/deutsche-sprache.com\/wp-content\/uploads\/2026\/03\/\u0421\u043d\u0438\u043c\u043e\u043a-\u044d\u043a\u0440\u0430\u043d\u0430-2026-03-24-\u0432-23.38.21-1-300x122.webp 300w, https:\/\/deutsche-sprache.com\/wp-content\/uploads\/2026\/03\/\u0421\u043d\u0438\u043c\u043e\u043a-\u044d\u043a\u0440\u0430\u043d\u0430-2026-03-24-\u0432-23.38.21-1-150x61.webp 150w, https:\/\/deutsche-sprache.com\/wp-content\/uploads\/2026\/03\/\u0421\u043d\u0438\u043c\u043e\u043a-\u044d\u043a\u0440\u0430\u043d\u0430-2026-03-24-\u0432-23.38.21-1-768x312.webp 768w, https:\/\/deutsche-sprache.com\/wp-content\/uploads\/2026\/03\/\u0421\u043d\u0438\u043c\u043e\u043a-\u044d\u043a\u0440\u0430\u043d\u0430-2026-03-24-\u0432-23.38.21-1-600x244.webp 600w\" sizes=\"auto, (max-width: 1020px) 100vw, 1020px\" \/><\/a><\/figure>\n","protected":false},"excerpt":{"rendered":"<p>Dilbilgisi ogrenmek icin ders kitaplari Almanca icin ucretsiz cevrim ici ders kitabi &#8211; A1&#8217;den C1&#8217;e kadar tum seviyeler icin.Bu ders kitabi, bilgini sistemli hale getirmene, onemli konulardaki kelime dagarcigini ogrenmene ve Almancayi guvenle konusmana yardimci olur.Ders kitabinda, ogrenmeyi kolay ve anlasilir kilan kalip ifadeler ve ipuclari iceren kartlar bulursun.Bu ders kitabi hem bireysel calisma hem [&hellip;]<\/p>\n","protected":false},"author":1,"featured_media":0,"parent":0,"menu_order":0,"comment_status":"closed","ping_status":"closed","template":"","meta":{"_acf_changed":false,"_seopress_robots_primary_cat":"","_seopress_titles_title":"","_seopress_titles_desc":"Almanca i\u00e7in \u00fccretsiz \u00e7evrimi\u00e7i ders kitab\u0131 (A1\u2013C1). Kartlar, deyimler ve tematik kelime hazinesi i\u00e7eren ders kitab\u0131. T\u00fcm dil seviyeleri i\u00e7in uygundur.  ","_seopress_robots_index":"","footnotes":""},"class_list":["post-13848","page","type-page","status-publish"],"acf":{"\u0442\u0435\u043b\u0435\u0444\u043e\u043d":""},"_links":{"self":[{"href":"https:\/\/deutsche-sprache.com\/tr\/wp-json\/wp\/v2\/pages\/13848","targetHints":{"allow":["GET"]}}],"collection":[{"href":"https:\/\/deutsche-sprache.com\/tr\/wp-json\/wp\/v2\/pages"}],"about":[{"href":"https:\/\/deutsche-sprache.com\/tr\/wp-json\/wp\/v2\/types\/page"}],"author":[{"embeddable":true,"href":"https:\/\/deutsche-sprache.com\/tr\/wp-json\/wp\/v2\/users\/1"}],"replies":[{"embeddable":true,"href":"https:\/\/deutsche-sprache.com\/tr\/wp-json\/wp\/v2\/comments?post=13848"}],"version-history":[{"count":4,"href":"https:\/\/deutsche-sprache.com\/tr\/wp-json\/wp\/v2\/pages\/13848\/revisions"}],"predecessor-version":[{"id":15207,"href":"https:\/\/deutsche-sprache.com\/tr\/wp-json\/wp\/v2\/pages\/13848\/revisions\/15207"}],"wp:attachment":[{"href":"https:\/\/deutsche-sprache.com\/tr\/wp-json\/wp\/v2\/media?parent=13848"}],"curies":[{"name":"wp","href":"https:\/\/api.w.org\/{rel}","templated":true}]}}