{"id":13851,"date":"2025-09-04T11:25:43","date_gmt":"2025-09-04T08:25:43","guid":{"rendered":"https:\/\/deutsche-sprache.com\/ders-kitaplarim\/"},"modified":"2026-04-23T20:01:22","modified_gmt":"2026-04-23T17:01:22","slug":"ders-kitaplarim","status":"publish","type":"page","link":"https:\/\/deutsche-sprache.com\/tr\/ders-kitaplarim\/","title":{"rendered":"Ders Kitaplar\u0131m"},"content":{"rendered":"<div class=\"real3dflipbook\" id=\"6_69eb8c12abba4\" style=\"position:absolute;\"><\/div>\n<div class=\"real3dflipbook\" id=\"1_69eb8c12abf09\" style=\"position:absolute;\"><\/div>\n<div class=\"real3dflipbook\" id=\"3_69eb8c12ac1a1\" style=\"position:absolute;\"><\/div>\n<div class=\"real3dflipbook\" id=\"2_69eb8c12ac409\" style=\"position:absolute;\"><\/div>\n<h3 class=\"wp-block-heading\">Ders Kitaplar\u0131 Koleksiyonum<\/h3><figure class=\"wp-block-image size-full\"><a target=\"_blank\"><img alt=\"\" loading=\"lazy\" decoding=\"async\" width=\"1295\" height=\"1841\" src=\"https:\/\/deutsche-sprache.com\/wp-content\/uploads\/2025\/09\/A1.webp\" class=\"wp-image-546\" srcset=\"https:\/\/deutsche-sprache.com\/wp-content\/uploads\/2025\/09\/A1.webp 1295w, https:\/\/deutsche-sprache.com\/wp-content\/uploads\/2025\/09\/A1-600x853.webp 600w, https:\/\/deutsche-sprache.com\/wp-content\/uploads\/2025\/09\/A1-211x300.webp 211w, https:\/\/deutsche-sprache.com\/wp-content\/uploads\/2025\/09\/A1-720x1024.webp 720w, https:\/\/deutsche-sprache.com\/wp-content\/uploads\/2025\/09\/A1-106x150.webp 106w, https:\/\/deutsche-sprache.com\/wp-content\/uploads\/2025\/09\/A1-768x1092.webp 768w, https:\/\/deutsche-sprache.com\/wp-content\/uploads\/2025\/09\/A1-1080x1536.webp 1080w, https:\/\/deutsche-sprache.com\/wp-content\/uploads\/2025\/09\/A1-1200x1706.webp 1200w\" sizes=\"auto, (max-width: 1295px) 100vw, 1295px\" \/><\/a><\/figure><h5 class=\"wp-block-heading\">Deutsche Sprache A1<\/h5><figure class=\"wp-block-image size-large\"><img alt=\"\" loading=\"lazy\" decoding=\"async\" width=\"720\" height=\"1024\" src=\"https:\/\/deutsche-sprache.com\/wp-content\/uploads\/2025\/09\/A1-720x1024.webp\" class=\"wp-image-224\" srcset=\"https:\/\/deutsche-sprache.com\/wp-content\/uploads\/2025\/09\/A1-720x1024.webp 720w, https:\/\/deutsche-sprache.com\/wp-content\/uploads\/2025\/09\/A1-600x853.webp 600w, https:\/\/deutsche-sprache.com\/wp-content\/uploads\/2025\/09\/A1-211x300.webp 211w, https:\/\/deutsche-sprache.com\/wp-content\/uploads\/2025\/09\/A1-106x150.webp 106w, https:\/\/deutsche-sprache.com\/wp-content\/uploads\/2025\/09\/A1-768x1092.webp 768w, https:\/\/deutsche-sprache.com\/wp-content\/uploads\/2025\/09\/A1-1080x1536.webp 1080w, https:\/\/deutsche-sprache.com\/wp-content\/uploads\/2025\/09\/A1-1200x1706.webp 1200w, https:\/\/deutsche-sprache.com\/wp-content\/uploads\/2025\/09\/A1.webp 1295w\" sizes=\"auto, (max-width: 720px) 100vw, 720px\" \/><\/figure><h5 class=\"wp-block-heading\">Deutsche Sprache A1<\/h5><figure class=\"wp-block-image size-large\"><a target=\"_blank\"><img alt=\"\" loading=\"lazy\" decoding=\"async\" width=\"720\" height=\"1024\" src=\"https:\/\/deutsche-sprache.com\/wp-content\/uploads\/2025\/09\/V2-720x1024.webp\" class=\"wp-image-227\" srcset=\"https:\/\/deutsche-sprache.com\/wp-content\/uploads\/2025\/09\/V2-720x1024.webp 720w, https:\/\/deutsche-sprache.com\/wp-content\/uploads\/2025\/09\/V2-600x853.webp 600w, https:\/\/deutsche-sprache.com\/wp-content\/uploads\/2025\/09\/V2-211x300.webp 211w, https:\/\/deutsche-sprache.com\/wp-content\/uploads\/2025\/09\/V2-106x150.webp 106w, https:\/\/deutsche-sprache.com\/wp-content\/uploads\/2025\/09\/V2-768x1092.webp 768w, https:\/\/deutsche-sprache.com\/wp-content\/uploads\/2025\/09\/V2-1080x1536.webp 1080w, https:\/\/deutsche-sprache.com\/wp-content\/uploads\/2025\/09\/V2-1200x1706.webp 1200w, https:\/\/deutsche-sprache.com\/wp-content\/uploads\/2025\/09\/V2.webp 1295w\" sizes=\"auto, (max-width: 720px) 100vw, 720px\" \/><\/a><\/figure><h5 class=\"wp-block-heading\">Deutsche Sprache B2<\/h5><figure class=\"wp-block-image size-large\"><img alt=\"\" loading=\"lazy\" decoding=\"async\" width=\"720\" height=\"1024\" src=\"https:\/\/deutsche-sprache.com\/wp-content\/uploads\/2025\/09\/V2-720x1024.webp\" class=\"wp-image-227\" srcset=\"https:\/\/deutsche-sprache.com\/wp-content\/uploads\/2025\/09\/V2-720x1024.webp 720w, https:\/\/deutsche-sprache.com\/wp-content\/uploads\/2025\/09\/V2-600x853.webp 600w, https:\/\/deutsche-sprache.com\/wp-content\/uploads\/2025\/09\/V2-211x300.webp 211w, https:\/\/deutsche-sprache.com\/wp-content\/uploads\/2025\/09\/V2-106x150.webp 106w, https:\/\/deutsche-sprache.com\/wp-content\/uploads\/2025\/09\/V2-768x1092.webp 768w, https:\/\/deutsche-sprache.com\/wp-content\/uploads\/2025\/09\/V2-1080x1536.webp 1080w, https:\/\/deutsche-sprache.com\/wp-content\/uploads\/2025\/09\/V2-1200x1706.webp 1200w, https:\/\/deutsche-sprache.com\/wp-content\/uploads\/2025\/09\/V2.webp 1295w\" sizes=\"auto, (max-width: 720px) 100vw, 720px\" \/><\/figure><h5 class=\"wp-block-heading\">Deutsche Sprache B2<\/h5><figure class=\"wp-block-image size-full\"><a target=\"_blank\"><img alt=\"\" loading=\"lazy\" decoding=\"async\" width=\"1295\" height=\"1841\" src=\"https:\/\/deutsche-sprache.com\/wp-content\/uploads\/2025\/09\/V1.webp\" class=\"wp-image-226\" srcset=\"https:\/\/deutsche-sprache.com\/wp-content\/uploads\/2025\/09\/V1.webp 1295w, https:\/\/deutsche-sprache.com\/wp-content\/uploads\/2025\/09\/V1-600x853.webp 600w, https:\/\/deutsche-sprache.com\/wp-content\/uploads\/2025\/09\/V1-211x300.webp 211w, https:\/\/deutsche-sprache.com\/wp-content\/uploads\/2025\/09\/V1-720x1024.webp 720w, https:\/\/deutsche-sprache.com\/wp-content\/uploads\/2025\/09\/V1-106x150.webp 106w, https:\/\/deutsche-sprache.com\/wp-content\/uploads\/2025\/09\/V1-768x1092.webp 768w, https:\/\/deutsche-sprache.com\/wp-content\/uploads\/2025\/09\/V1-1080x1536.webp 1080w, https:\/\/deutsche-sprache.com\/wp-content\/uploads\/2025\/09\/V1-1200x1706.webp 1200w\" sizes=\"auto, (max-width: 1295px) 100vw, 1295px\" \/><\/a><\/figure><h5 class=\"wp-block-heading\">Deutsche Sprache B1<\/h5><figure class=\"wp-block-image size-full\"><img alt=\"\" loading=\"lazy\" decoding=\"async\" width=\"1295\" height=\"1841\" src=\"https:\/\/deutsche-sprache.com\/wp-content\/uploads\/2025\/09\/V1.webp\" class=\"wp-image-226\" srcset=\"https:\/\/deutsche-sprache.com\/wp-content\/uploads\/2025\/09\/V1.webp 1295w, https:\/\/deutsche-sprache.com\/wp-content\/uploads\/2025\/09\/V1-600x853.webp 600w, https:\/\/deutsche-sprache.com\/wp-content\/uploads\/2025\/09\/V1-211x300.webp 211w, https:\/\/deutsche-sprache.com\/wp-content\/uploads\/2025\/09\/V1-720x1024.webp 720w, https:\/\/deutsche-sprache.com\/wp-content\/uploads\/2025\/09\/V1-106x150.webp 106w, https:\/\/deutsche-sprache.com\/wp-content\/uploads\/2025\/09\/V1-768x1092.webp 768w, https:\/\/deutsche-sprache.com\/wp-content\/uploads\/2025\/09\/V1-1080x1536.webp 1080w, https:\/\/deutsche-sprache.com\/wp-content\/uploads\/2025\/09\/V1-1200x1706.webp 1200w\" sizes=\"auto, (max-width: 1295px) 100vw, 1295px\" \/><\/figure><h5 class=\"wp-block-heading\">Deutsche Sprache B1<\/h5><figure class=\"wp-block-image size-large\"><a target=\"_blank\"><img alt=\"\" decoding=\"async\" src=\"https:\/\/deutsche-sprache.com\/wp-content\/uploads\/2025\/09\/&#x410;2-1-720x1024.webp\" class=\"wp-image-225\"\/><\/a><\/figure><h5 class=\"wp-block-heading\">Deutsche Sprache A2<\/h5><figure class=\"wp-block-image size-large\"><img alt=\"\" decoding=\"async\" src=\"https:\/\/deutsche-sprache.com\/wp-content\/uploads\/2025\/09\/&#x410;2-1-720x1024.webp\" class=\"wp-image-225\"\/><\/figure><h5 class=\"wp-block-heading\">Deutsche Sprache A2<\/h5><h4 class=\"wp-block-heading\">Ders kitaplar\u0131m\u0131za g\u00f6z at\u0131n<\/h4><p>Bu alan yaln\u0131zca kay\u0131tl\u0131 kullan\u0131c\u0131lar taraf\u0131ndan g\u00f6r\u00fclebilir.<\/p>\n<p>G\u00f6r\u00fcnt\u00fclemek i\u00e7in l\u00fctfen kullan\u0131c\u0131 ad\u0131n\u0131z ve parolan\u0131zla giri\u015f yap\u0131n\u0131z.<\/p><figure class=\"wp-block-image size-full\"><a target=\"_blank\"><img alt=\"deutsch im alltag\" loading=\"lazy\" decoding=\"async\" width=\"1295\" height=\"1841\" src=\"https:\/\/deutsche-sprache.com\/wp-content\/uploads\/2025\/11\/deutsch_im_alltag.webp\" class=\"wp-image-8989\" srcset=\"https:\/\/deutsche-sprache.com\/wp-content\/uploads\/2025\/11\/deutsch_im_alltag.webp 1295w, https:\/\/deutsche-sprache.com\/wp-content\/uploads\/2025\/11\/deutsch_im_alltag-211x300.webp 211w, https:\/\/deutsche-sprache.com\/wp-content\/uploads\/2025\/11\/deutsch_im_alltag-720x1024.webp 720w, https:\/\/deutsche-sprache.com\/wp-content\/uploads\/2025\/11\/deutsch_im_alltag-106x150.webp 106w, https:\/\/deutsche-sprache.com\/wp-content\/uploads\/2025\/11\/deutsch_im_alltag-768x1092.webp 768w, https:\/\/deutsche-sprache.com\/wp-content\/uploads\/2025\/11\/deutsch_im_alltag-1080x1536.webp 1080w, https:\/\/deutsche-sprache.com\/wp-content\/uploads\/2025\/11\/deutsch_im_alltag-1200x1706.webp 1200w, https:\/\/deutsche-sprache.com\/wp-content\/uploads\/2025\/11\/deutsch_im_alltag-600x853.webp 600w\" sizes=\"auto, (max-width: 1295px) 100vw, 1295px\" \/><\/a><\/figure><h5 class=\"wp-block-heading\">G\u00fcnl\u00fck Hayatta Almanca<\/h5><div class=\"wp-block-buttons is-layout-flex wp-block-buttons-is-layout-flex\"><div class=\"wp-block-button\"><a class=\"wp-block-button__link\">Giri\u015f yap\u0131n veya kay\u0131t olun<\/a><\/div><\/div>","protected":false},"excerpt":{"rendered":"<p>Ders Kitaplar\u0131 Koleksiyonum Deutsche Sprache A1 Deutsche Sprache A1 Deutsche Sprache B2 Deutsche Sprache B2 Deutsche Sprache B1 Deutsche Sprache B1 Deutsche Sprache A2 Deutsche Sprache A2 Ders kitaplar\u0131m\u0131za g\u00f6z at\u0131n Bu alan yaln\u0131zca kay\u0131tl\u0131 kullan\u0131c\u0131lar taraf\u0131ndan g\u00f6r\u00fclebilir. G\u00f6r\u00fcnt\u00fclemek i\u00e7in l\u00fctfen kullan\u0131c\u0131 ad\u0131n\u0131z ve parolan\u0131zla giri\u015f yap\u0131n\u0131z. G\u00fcnl\u00fck Hayatta Almanca<\/p>\n","protected":false},"author":1,"featured_media":0,"parent":0,"menu_order":0,"comment_status":"closed","ping_status":"closed","template":"","meta":{"_acf_changed":false,"_seopress_robots_primary_cat":"","_seopress_titles_title":"","_seopress_titles_desc":"","_seopress_robots_index":"","footnotes":""},"class_list":["post-13851","page","type-page","status-publish"],"acf":{"\u0442\u0435\u043b\u0435\u0444\u043e\u043d":""},"_links":{"self":[{"href":"https:\/\/deutsche-sprache.com\/tr\/wp-json\/wp\/v2\/pages\/13851","targetHints":{"allow":["GET"]}}],"collection":[{"href":"https:\/\/deutsche-sprache.com\/tr\/wp-json\/wp\/v2\/pages"}],"about":[{"href":"https:\/\/deutsche-sprache.com\/tr\/wp-json\/wp\/v2\/types\/page"}],"author":[{"embeddable":true,"href":"https:\/\/deutsche-sprache.com\/tr\/wp-json\/wp\/v2\/users\/1"}],"replies":[{"embeddable":true,"href":"https:\/\/deutsche-sprache.com\/tr\/wp-json\/wp\/v2\/comments?post=13851"}],"version-history":[{"count":2,"href":"https:\/\/deutsche-sprache.com\/tr\/wp-json\/wp\/v2\/pages\/13851\/revisions"}],"predecessor-version":[{"id":14571,"href":"https:\/\/deutsche-sprache.com\/tr\/wp-json\/wp\/v2\/pages\/13851\/revisions\/14571"}],"wp:attachment":[{"href":"https:\/\/deutsche-sprache.com\/tr\/wp-json\/wp\/v2\/media?parent=13851"}],"curies":[{"name":"wp","href":"https:\/\/api.w.org\/{rel}","templated":true}]}}