{"id":15062,"date":"2025-09-04T06:24:17","date_gmt":"2025-09-04T03:24:17","guid":{"rendered":"https:\/\/deutsche-sprache.com\/kunye\/"},"modified":"2026-04-23T01:32:44","modified_gmt":"2026-04-22T22:32:44","slug":"kunye","status":"publish","type":"page","link":"https:\/\/deutsche-sprache.com\/tr\/kunye\/","title":{"rendered":"K\u00fcnye"},"content":{"rendered":"<p><strong>TMG \u00a7 5 uyar\u0131nca bilgiler:<\/strong><\/p>\n<p>Dipl.-Ing. German Gazeev<br \/>Helgol\u00e4nder Str. 2A<br \/>30163 Hannover<br \/>Almanya<\/p>\n<p><strong>\u0130leti\u015fim:<\/strong><br \/>Yetkili ki\u015fi: Dipl.-Ing. German Gazeev<br \/>E-posta: admin@deutsche-sprache.com<\/p>\n<p><strong>Sorumluluk reddi<\/strong><\/p>\n<p><strong>\u0130\u00e7erik sorumlulu\u011fu<\/strong><br \/>Hizmet sa\u011flay\u0131c\u0131 olarak bu sayfalardaki kendi i\u00e7eriklerimizden genel yasalar uyar\u0131nca sorumluyuz. Ancak iletilen veya saklanan \u00fc\u00e7\u00fcnc\u00fc taraf bilgilerini izlemek ya da hukuka ayk\u0131r\u0131 faaliyete i\u015faret eden durumlar\u0131 ara\u015ft\u0131rmakla y\u00fck\u00fcml\u00fc de\u011filiz. Genel yasalar uyar\u0131nca bilgilerin kald\u0131r\u0131lmas\u0131 veya eri\u015fimin engellenmesi y\u00fck\u00fcml\u00fcl\u00fckleri sakl\u0131d\u0131r.<\/p>\n<p><strong>Ba\u011flant\u0131lar i\u00e7in sorumluluk<\/strong><br \/>Teklifimiz, i\u00e7erikleri \u00fczerinde etkimizin bulunmad\u0131\u011f\u0131 \u00fc\u00e7\u00fcnc\u00fc taraf harici web sitelerine ba\u011flant\u0131lar i\u00e7erebilir. Bu nedenle bu i\u00e7erikler i\u00e7in garanti veremeyiz. Ba\u011flant\u0131 verilen sayfalar\u0131n i\u00e7eri\u011finden her zaman ilgili sa\u011flay\u0131c\u0131 veya i\u015fletmeci sorumludur.<\/p>\n<p><strong>Telif hakk\u0131<\/strong><br \/>Bu web sitesinde taraf\u0131m\u0131zca olu\u015fturulan i\u00e7erikler ve eserler Alman telif hakk\u0131 hukukuna tabidir. \u00c7o\u011faltma, d\u00fczenleme, da\u011f\u0131tma veya telif hakk\u0131 s\u0131n\u0131rlar\u0131 d\u0131\u015f\u0131nda herhangi bir kullan\u0131m i\u00e7in ilgili hak sahibinin yaz\u0131l\u0131 izni gerekir.<\/p>\n<p><strong>Veri koruma<\/strong><br \/>Web sitesinin kullan\u0131m\u0131 genel olarak ki\u015fisel veri vermeden m\u00fcmk\u00fcnd\u00fcr. Ki\u015fisel veriler toplan\u0131rsa, bu veriler y\u00fcr\u00fcrl\u00fckteki veri koruma mevzuat\u0131na uygun olarak i\u015flenir. Ayr\u0131nt\u0131lar i\u00e7in gizlilik politikam\u0131za bak\u0131n\u0131z.<\/p>\n","protected":false},"excerpt":{"rendered":"<p>TMG \u00a7 5 uyar\u0131nca bilgiler: Dipl.-Ing. German GazeevHelgol\u00e4nder Str. 2A30163 HannoverAlmanya \u0130leti\u015fim:Yetkili ki\u015fi: Dipl.-Ing. German GazeevE-posta: admin@deutsche-sprache.com Sorumluluk reddi \u0130\u00e7erik sorumlulu\u011fuHizmet sa\u011flay\u0131c\u0131 olarak bu sayfalardaki kendi i\u00e7eriklerimizden genel yasalar uyar\u0131nca sorumluyuz. Ancak iletilen veya saklanan \u00fc\u00e7\u00fcnc\u00fc taraf bilgilerini izlemek ya da hukuka ayk\u0131r\u0131 faaliyete i\u015faret eden durumlar\u0131 ara\u015ft\u0131rmakla y\u00fck\u00fcml\u00fc de\u011filiz. Genel yasalar uyar\u0131nca bilgilerin kald\u0131r\u0131lmas\u0131 [&hellip;]<\/p>\n","protected":false},"author":0,"featured_media":0,"parent":0,"menu_order":0,"comment_status":"closed","ping_status":"closed","template":"","meta":{"_acf_changed":false,"_seopress_robots_primary_cat":"","_seopress_titles_title":"","_seopress_titles_desc":"","_seopress_robots_index":"","footnotes":""},"class_list":["post-15062","page","type-page","status-publish"],"acf":{"\u0442\u0435\u043b\u0435\u0444\u043e\u043d":""},"_links":{"self":[{"href":"https:\/\/deutsche-sprache.com\/tr\/wp-json\/wp\/v2\/pages\/15062","targetHints":{"allow":["GET"]}}],"collection":[{"href":"https:\/\/deutsche-sprache.com\/tr\/wp-json\/wp\/v2\/pages"}],"about":[{"href":"https:\/\/deutsche-sprache.com\/tr\/wp-json\/wp\/v2\/types\/page"}],"replies":[{"embeddable":true,"href":"https:\/\/deutsche-sprache.com\/tr\/wp-json\/wp\/v2\/comments?post=15062"}],"version-history":[{"count":0,"href":"https:\/\/deutsche-sprache.com\/tr\/wp-json\/wp\/v2\/pages\/15062\/revisions"}],"wp:attachment":[{"href":"https:\/\/deutsche-sprache.com\/tr\/wp-json\/wp\/v2\/media?parent=15062"}],"curies":[{"name":"wp","href":"https:\/\/api.w.org\/{rel}","templated":true}]}}