{"id":15063,"date":"2025-09-09T12:50:12","date_gmt":"2025-09-09T09:50:12","guid":{"rendered":"https:\/\/deutsche-sprache.com\/cayma-ve-sikayet-politikasi\/"},"modified":"2026-04-23T01:32:44","modified_gmt":"2026-04-22T22:32:44","slug":"cayma-ve-sikayet-politikasi","status":"publish","type":"page","link":"https:\/\/deutsche-sprache.com\/tr\/cayma-ve-sikayet-politikasi\/","title":{"rendered":"Cayma ve \u015eikayet Politikas\u0131"},"content":{"rendered":"<p><b>Cayma hakk\u0131<\/b><\/p>\n<p>Sebep g\u00f6stermeksizin on d\u00f6rt g\u00fcn i\u00e7inde bu s\u00f6zle\u015fmeden cayma hakk\u0131na sahipsiniz. Cayma s\u00fcresi, sizin veya ta\u015f\u0131y\u0131c\u0131 olmayan \u00fc\u00e7\u00fcnc\u00fc bir ki\u015finin mallar\u0131 teslim ald\u0131\u011f\u0131 g\u00fcnden itibaren on d\u00f6rt g\u00fcnd\u00fcr. Fiziksel veri ta\u015f\u0131y\u0131c\u0131s\u0131nda teslim edilmeyen dijital i\u00e7eriklerde s\u00fcre s\u00f6zle\u015fmenin kurulmas\u0131yla ba\u015flar.<\/p>\n<p>Cayma hakk\u0131n\u0131z\u0131 kullanmak i\u00e7in bize a\u00e7\u0131k bir beyanla bilgi vermelisiniz:<\/p>\n<p>Dipl.-Ing. German Gazeev<br \/>Helgol\u00e4nder Str. 2A<br \/>30163 Hannover<br \/>Almanya<br \/>E-posta: admin@deutsche-sprache.com<\/p>\n<p>Cayma s\u00fcresine uymak i\u00e7in, cayma hakk\u0131n\u0131z\u0131 kulland\u0131\u011f\u0131n\u0131za dair bildirimi s\u00fcre dolmadan g\u00f6ndermeniz yeterlidir.<\/p>\n<p><b>Cayman\u0131n sonu\u00e7lar\u0131<\/b><\/p>\n<p>Bu s\u00f6zle\u015fmeden cayarsan\u0131z, teslimat masraflar\u0131 dahil olmak \u00fczere sizden ald\u0131\u011f\u0131m\u0131z t\u00fcm \u00f6demeleri, yasal istisnalar sakl\u0131 kalmak \u00fczere, gecikmeksizin ve en ge\u00e7 cayma bildiriminizin bize ula\u015ft\u0131\u011f\u0131 tarihten itibaren on d\u00f6rt g\u00fcn i\u00e7inde iade ederiz.<\/p>\n<p>Bas\u0131l\u0131 \u00fcr\u00fcnler m\u00fcmk\u00fcn olan en k\u0131sa s\u00fcrede, en ge\u00e7 cayma bildiriminden itibaren on d\u00f6rt g\u00fcn i\u00e7inde geri g\u00f6nderilmelidir. \u00dcr\u00fcnlerin geri g\u00f6nderim masraflar\u0131 m\u00fc\u015fteriye ait olabilir.<\/p>\n<p><b>Dijital i\u00e7erikler i\u00e7in \u00f6zel not<\/b><\/p>\n<p>Dijital i\u00e7eriklerin sa\u011flanmas\u0131na a\u00e7\u0131k onay\u0131n\u0131zla ve cayma hakk\u0131n\u0131z\u0131 kaybedece\u011finizi kabul ederek ba\u015flanm\u0131\u015fsa, cayma hakk\u0131 sona erebilir.<\/p>\n<p><b>\u015eikayet ve reklamasyonlar<\/b><\/p>\n<p>Hasarl\u0131, eksik veya hatal\u0131 teslimatlar i\u00e7in l\u00fctfen sipari\u015f numaran\u0131z ve k\u0131sa a\u00e7\u0131klama ile admin@deutsche-sprache.com adresinden bizimle ileti\u015fime ge\u00e7in.<\/p>\n","protected":false},"excerpt":{"rendered":"<p>Cayma hakk\u0131 Sebep g\u00f6stermeksizin on d\u00f6rt g\u00fcn i\u00e7inde bu s\u00f6zle\u015fmeden cayma hakk\u0131na sahipsiniz. Cayma s\u00fcresi, sizin veya ta\u015f\u0131y\u0131c\u0131 olmayan \u00fc\u00e7\u00fcnc\u00fc bir ki\u015finin mallar\u0131 teslim ald\u0131\u011f\u0131 g\u00fcnden itibaren on d\u00f6rt g\u00fcnd\u00fcr. Fiziksel veri ta\u015f\u0131y\u0131c\u0131s\u0131nda teslim edilmeyen dijital i\u00e7eriklerde s\u00fcre s\u00f6zle\u015fmenin kurulmas\u0131yla ba\u015flar. Cayma hakk\u0131n\u0131z\u0131 kullanmak i\u00e7in bize a\u00e7\u0131k bir beyanla bilgi vermelisiniz: Dipl.-Ing. German GazeevHelgol\u00e4nder Str. [&hellip;]<\/p>\n","protected":false},"author":0,"featured_media":0,"parent":0,"menu_order":0,"comment_status":"closed","ping_status":"closed","template":"","meta":{"_acf_changed":false,"_seopress_robots_primary_cat":"","_seopress_titles_title":"","_seopress_titles_desc":"","_seopress_robots_index":"","footnotes":""},"class_list":["post-15063","page","type-page","status-publish"],"acf":{"\u0442\u0435\u043b\u0435\u0444\u043e\u043d":""},"_links":{"self":[{"href":"https:\/\/deutsche-sprache.com\/tr\/wp-json\/wp\/v2\/pages\/15063","targetHints":{"allow":["GET"]}}],"collection":[{"href":"https:\/\/deutsche-sprache.com\/tr\/wp-json\/wp\/v2\/pages"}],"about":[{"href":"https:\/\/deutsche-sprache.com\/tr\/wp-json\/wp\/v2\/types\/page"}],"replies":[{"embeddable":true,"href":"https:\/\/deutsche-sprache.com\/tr\/wp-json\/wp\/v2\/comments?post=15063"}],"version-history":[{"count":0,"href":"https:\/\/deutsche-sprache.com\/tr\/wp-json\/wp\/v2\/pages\/15063\/revisions"}],"wp:attachment":[{"href":"https:\/\/deutsche-sprache.com\/tr\/wp-json\/wp\/v2\/media?parent=15063"}],"curies":[{"name":"wp","href":"https:\/\/api.w.org\/{rel}","templated":true}]}}