{"id":15066,"date":"2026-03-25T17:31:47","date_gmt":"2026-03-25T14:31:47","guid":{"rendered":"https:\/\/deutsche-sprache.com\/almanca-yazma-yapay-zeka-ogretmeni\/"},"modified":"2026-04-23T01:32:45","modified_gmt":"2026-04-22T22:32:45","slug":"almanca-yazma-yapay-zeka-ogretmeni","status":"publish","type":"page","link":"https:\/\/deutsche-sprache.com\/tr\/almanca-yazma-yapay-zeka-ogretmeni\/","title":{"rendered":"Almanca yazma i\u00e7in yapay zeka \u00f6\u011fretmeni"},"content":{"rendered":"<p>Hatalar\u0131 d\u00fczeltir ve metinleri daha iyi ifade etmenize yard\u0131mc\u0131 olur.<\/p>\n\n<h1 class=\"has-text-align-center wp-block-heading\">Almanca yazma i\u00e7in yapay zeka \u00f6\u011fretmeni<\/h1>\n\n<language-widget api-url=\"https:\/\/widget.dkh-institut.de\/api\/v1\" mode=\"klassik\" lang=\"de\" hide-footer><\/language-widget>\n","protected":false},"excerpt":{"rendered":"<p>Hatalar\u0131 d\u00fczeltir ve metinleri daha iyi ifade etmenize yard\u0131mc\u0131 olur. Almanca yazma i\u00e7in yapay zeka \u00f6\u011fretmeni<\/p>\n","protected":false},"author":0,"featured_media":0,"parent":0,"menu_order":0,"comment_status":"closed","ping_status":"closed","template":"","meta":{"_acf_changed":false,"_seopress_robots_primary_cat":"","_seopress_titles_title":"","_seopress_titles_desc":"","_seopress_robots_index":"","footnotes":""},"class_list":["post-15066","page","type-page","status-publish"],"acf":{"\u0442\u0435\u043b\u0435\u0444\u043e\u043d":""},"_links":{"self":[{"href":"https:\/\/deutsche-sprache.com\/tr\/wp-json\/wp\/v2\/pages\/15066","targetHints":{"allow":["GET"]}}],"collection":[{"href":"https:\/\/deutsche-sprache.com\/tr\/wp-json\/wp\/v2\/pages"}],"about":[{"href":"https:\/\/deutsche-sprache.com\/tr\/wp-json\/wp\/v2\/types\/page"}],"replies":[{"embeddable":true,"href":"https:\/\/deutsche-sprache.com\/tr\/wp-json\/wp\/v2\/comments?post=15066"}],"version-history":[{"count":0,"href":"https:\/\/deutsche-sprache.com\/tr\/wp-json\/wp\/v2\/pages\/15066\/revisions"}],"wp:attachment":[{"href":"https:\/\/deutsche-sprache.com\/tr\/wp-json\/wp\/v2\/media?parent=15066"}],"curies":[{"name":"wp","href":"https:\/\/api.w.org\/{rel}","templated":true}]}}