{"id":8385,"date":"2025-09-05T00:25:44","date_gmt":"2025-09-04T21:25:44","guid":{"rendered":"https:\/\/deutsche-sprache.com\/sayfa-gelistirme-asamasinda\/"},"modified":"2026-04-23T20:01:21","modified_gmt":"2026-04-23T17:01:21","slug":"sayfa-gelistirme-asamasinda","status":"publish","type":"page","link":"https:\/\/deutsche-sprache.com\/tr\/sayfa-gelistirme-asamasinda\/","title":{"rendered":"Sayfa geli\u015ftirme a\u015famas\u0131nda"},"content":{"rendered":"<h3 class=\"wp-block-heading\">Sayfa geli\u015ftirme a\u015famas\u0131nda<\/h3>","protected":false},"excerpt":{"rendered":"<p>Sayfa geli\u015ftirme a\u015famas\u0131nda<\/p>\n","protected":false},"author":1,"featured_media":0,"parent":0,"menu_order":0,"comment_status":"closed","ping_status":"closed","template":"","meta":{"_acf_changed":false,"_seopress_robots_primary_cat":"","_seopress_titles_title":"","_seopress_titles_desc":"","_seopress_robots_index":"","footnotes":""},"class_list":["post-8385","page","type-page","status-publish"],"acf":{"\u0442\u0435\u043b\u0435\u0444\u043e\u043d":""},"_links":{"self":[{"href":"https:\/\/deutsche-sprache.com\/tr\/wp-json\/wp\/v2\/pages\/8385","targetHints":{"allow":["GET"]}}],"collection":[{"href":"https:\/\/deutsche-sprache.com\/tr\/wp-json\/wp\/v2\/pages"}],"about":[{"href":"https:\/\/deutsche-sprache.com\/tr\/wp-json\/wp\/v2\/types\/page"}],"author":[{"embeddable":true,"href":"https:\/\/deutsche-sprache.com\/tr\/wp-json\/wp\/v2\/users\/1"}],"replies":[{"embeddable":true,"href":"https:\/\/deutsche-sprache.com\/tr\/wp-json\/wp\/v2\/comments?post=8385"}],"version-history":[{"count":3,"href":"https:\/\/deutsche-sprache.com\/tr\/wp-json\/wp\/v2\/pages\/8385\/revisions"}],"predecessor-version":[{"id":8389,"href":"https:\/\/deutsche-sprache.com\/tr\/wp-json\/wp\/v2\/pages\/8385\/revisions\/8389"}],"wp:attachment":[{"href":"https:\/\/deutsche-sprache.com\/tr\/wp-json\/wp\/v2\/media?parent=8385"}],"curies":[{"name":"wp","href":"https:\/\/api.w.org\/{rel}","templated":true}]}}