{"id":8395,"date":"2025-09-05T00:50:21","date_gmt":"2025-09-04T21:50:21","guid":{"rendered":"https:\/\/deutsche-sprache.com\/geri-bildirim\/"},"modified":"2026-04-23T20:01:22","modified_gmt":"2026-04-23T17:01:22","slug":"geri-bildirim","status":"publish","type":"page","link":"https:\/\/deutsche-sprache.com\/tr\/geri-bildirim\/","title":{"rendered":"Geri Bildirim"},"content":{"rendered":"<h3 class=\"wp-block-heading\">\u0130leti\u015fim<\/h3><h4 class=\"wp-block-heading\">Yasal Adres<\/h4><h4 class=\"wp-block-heading\">Geri Bildirim Formu<\/h4>Helgol\u00e4nder Str. 2A\n30163 Hannover, Deutschland<h4 class=\"wp-block-heading\">Teslim Alma Noktas\u0131:<\/h4><strong>DKH Institut,<\/strong> Hamburger Allee 42, 30161 Hannover, Deutschland<figure class=\"wp-block-image size-large\"><img alt=\"\" loading=\"lazy\" decoding=\"async\" width=\"1024\" height=\"237\" src=\"https:\/\/deutsche-sprache.com\/wp-content\/uploads\/2025\/09\/snimok-ekrana-2025-02-22-v-16.15.32-1-1024x237.webp\" alt=\"\" class=\"wp-image-395\" srcset=\"https:\/\/deutsche-sprache.com\/wp-content\/uploads\/2025\/09\/snimok-ekrana-2025-02-22-v-16.15.32-1-1024x237.webp 1024w, https:\/\/deutsche-sprache.com\/wp-content\/uploads\/2025\/09\/snimok-ekrana-2025-02-22-v-16.15.32-1-600x139.webp 600w, https:\/\/deutsche-sprache.com\/wp-content\/uploads\/2025\/09\/snimok-ekrana-2025-02-22-v-16.15.32-1-300x69.webp 300w, https:\/\/deutsche-sprache.com\/wp-content\/uploads\/2025\/09\/snimok-ekrana-2025-02-22-v-16.15.32-1-150x35.webp 150w, https:\/\/deutsche-sprache.com\/wp-content\/uploads\/2025\/09\/snimok-ekrana-2025-02-22-v-16.15.32-1-768x177.webp 768w, https:\/\/deutsche-sprache.com\/wp-content\/uploads\/2025\/09\/snimok-ekrana-2025-02-22-v-16.15.32-1-1536x355.webp 1536w, https:\/\/deutsche-sprache.com\/wp-content\/uploads\/2025\/09\/snimok-ekrana-2025-02-22-v-16.15.32-1-2048x473.webp 2048w, https:\/\/deutsche-sprache.com\/wp-content\/uploads\/2025\/09\/snimok-ekrana-2025-02-22-v-16.15.32-1-1200x277.webp 1200w\" sizes=\"auto, (max-width: 1024px) 100vw, 1024px\" \/><\/figure>","protected":false},"excerpt":{"rendered":"<p>\u0130leti\u015fim Yasal Adres Geri Bildirim Formu Helgol\u00e4nder Str. 2A 30163 Hannover, Deutschland Teslim Alma Noktas\u0131: DKH Institut, Hamburger Allee 42, 30161 Hannover, Deutschland<\/p>\n","protected":false},"author":1,"featured_media":0,"parent":0,"menu_order":0,"comment_status":"closed","ping_status":"closed","template":"","meta":{"_acf_changed":false,"_seopress_robots_primary_cat":"","_seopress_titles_title":"","_seopress_titles_desc":"","_seopress_robots_index":"","footnotes":""},"class_list":["post-8395","page","type-page","status-publish"],"acf":{"\u0442\u0435\u043b\u0435\u0444\u043e\u043d":""},"_links":{"self":[{"href":"https:\/\/deutsche-sprache.com\/tr\/wp-json\/wp\/v2\/pages\/8395","targetHints":{"allow":["GET"]}}],"collection":[{"href":"https:\/\/deutsche-sprache.com\/tr\/wp-json\/wp\/v2\/pages"}],"about":[{"href":"https:\/\/deutsche-sprache.com\/tr\/wp-json\/wp\/v2\/types\/page"}],"author":[{"embeddable":true,"href":"https:\/\/deutsche-sprache.com\/tr\/wp-json\/wp\/v2\/users\/1"}],"replies":[{"embeddable":true,"href":"https:\/\/deutsche-sprache.com\/tr\/wp-json\/wp\/v2\/comments?post=8395"}],"version-history":[{"count":3,"href":"https:\/\/deutsche-sprache.com\/tr\/wp-json\/wp\/v2\/pages\/8395\/revisions"}],"predecessor-version":[{"id":15150,"href":"https:\/\/deutsche-sprache.com\/tr\/wp-json\/wp\/v2\/pages\/8395\/revisions\/15150"}],"wp:attachment":[{"href":"https:\/\/deutsche-sprache.com\/tr\/wp-json\/wp\/v2\/media?parent=8395"}],"curies":[{"name":"wp","href":"https:\/\/api.w.org\/{rel}","templated":true}]}}