{"id":15034,"date":"2025-09-26T06:51:23","date_gmt":"2025-09-26T03:51:23","guid":{"rendered":"https:\/\/deutsche-sprache.com\/product\/deutsche-sprache-a2-p-tr\/"},"modified":"2026-04-23T00:50:59","modified_gmt":"2026-04-22T21:50:59","slug":"deutsche-sprache-a2-p-tr","status":"publish","type":"product","link":"https:\/\/deutsche-sprache.com\/tr\/urun\/deutsche-sprache-a2-p-tr\/","title":{"rendered":"Deutsche Sprache A2"},"content":{"rendered":"<p><span style=\"font-weight: 400;\">Almancay\u0131 kolay, etkili ve ek materyallere ihtiya\u00e7 duymadan \u00f6\u011frenin &#8211; her \u015fey tek bir kitapta.<\/span><\/p>\n<p>&nbsp;<\/p>\n<p><span style=\"font-weight: 400;\">\u201cDeutsche Sprache A2\u201d ders kitab\u0131, Almanca \u00f6\u011freniminde ba\u015far\u0131l\u0131 bir ba\u015flang\u0131\u00e7 ve d\u00fczenli ilerleme i\u00e7in \u00f6zel olarak haz\u0131rlanm\u0131\u015ft\u0131r. A\u00e7\u0131k a\u00e7\u0131klamalar, g\u00f6rsel \u00f6rnekler ve yap\u0131land\u0131r\u0131lm\u0131\u015f \u015femalar sayesinde dil bilgisi ve kelime bilgisini kolayca, anla\u015f\u0131l\u0131r bi\u00e7imde \u00f6\u011frenirsiniz.<\/span><\/p>\n<p>&nbsp;<\/p>\n<p><span style=\"font-weight: 400;\">Bu kitap Almanca \u00f6\u011freniminin temel alanlar\u0131n\u0131 bir araya getirir:<\/span><\/p>\n<ol>\n<li><span style=\"font-weight: 400;\">Dil bilgisi &#8211; \u00e7ok say\u0131da \u00f6rnek ve g\u00f6rselle a\u00e7\u0131k \u015fekilde a\u00e7\u0131klan\u0131r.<\/span><\/li>\n<li><span style=\"font-weight: 400;\">Yeni kelime bilgisi &#8211; a\u00e7\u0131klamalar ve g\u00f6rsellerle desteklenir.<\/span><\/li>\n<li><span style=\"font-weight: 400;\">Kelime, dil bilgisi, okuma, dinleme ve yazma al\u0131\u015ft\u0131rmalar\u0131.<\/span><\/li>\n<li><span style=\"font-weight: 400;\">T\u00fcm al\u0131\u015ft\u0131rmalar i\u00e7in \u00e7\u00f6z\u00fcmler &#8211; QR kod ile eri\u015filebilir.<\/span><\/li>\n<\/ol>\n<p>&nbsp;<\/p>\n<p><span style=\"font-weight: 400;\">Entegre QR kodlar\u0131 ile istedi\u011finiz zaman \u015funlara eri\u015febilirsiniz:<\/span><\/p>\n<ol>\n<li><span style=\"font-weight: 400;\">Zor dil bilgisi konular\u0131 i\u00e7in ana dili Almanca olan e\u011fitmenlerden a\u00e7\u0131klay\u0131c\u0131 videolar.<\/span><\/li>\n<li><span style=\"font-weight: 400;\">Do\u011fru telaffuz ve tonlama i\u00e7in ses kay\u0131tlar\u0131.<\/span><\/li>\n<li><span style=\"font-weight: 400;\">T\u00fcm g\u00f6revler i\u00e7in dijital \u00e7\u00f6z\u00fcmler &#8211; taray\u0131n ve kontrol edin.<\/span><\/li>\n<\/ol>\n<p>&nbsp;<\/p>\n<p><span style=\"font-weight: 400;\">B\u00f6ylece yaln\u0131zca kitaptan de\u011fil, profesyonel haz\u0131rlanm\u0131\u015f video ve seslerle de \u00f6\u011frenirsiniz &#8211; g\u00fcnl\u00fck kullan\u0131m ve daha iyi dil anlay\u0131\u015f\u0131 i\u00e7in idealdir.<\/span><\/p>\n<p>&nbsp;<\/p>\n<p><span style=\"font-weight: 400;\">Kitap GER U-305-28 sertifikas\u0131na sahiptir:<\/span><\/p>\n<p><span style=\"font-weight: 400;\">Bu sertifika, ders kitab\u0131n\u0131n Avrupa Ortak Dil Referans \u00c7er\u00e7evesi&#8217;nin (GER) modern gereksinimlerine uygun oldu\u011funu ve etkili, yap\u0131land\u0131r\u0131lm\u0131\u015f bir \u00f6\u011frenme sa\u011flad\u0131\u011f\u0131n\u0131 do\u011frular.<\/span><\/p>\n<p><span style=\"font-weight: 400;\">Daha fazla bilgi:<\/span> <a href=\"http:\/\/ger-zertifizierung.de\/\"><span style=\"font-weight: 400;\">ger-zertifizierung.de\/ <\/span><\/a><\/p>\n","protected":false},"excerpt":{"rendered":"<p>Almancay\u0131 kolay, etkili ve ek materyallere ihtiya\u00e7 duymadan \u00f6\u011frenin &#8211; her \u015fey tek bir kitapta. &nbsp; \u201cDeutsche Sprache A2\u201d ders kitab\u0131, Almanca \u00f6\u011freniminde ba\u015far\u0131l\u0131 bir ba\u015flang\u0131\u00e7 ve d\u00fczenli ilerleme i\u00e7in \u00f6zel olarak haz\u0131rlanm\u0131\u015ft\u0131r. A\u00e7\u0131k a\u00e7\u0131klamalar, g\u00f6rsel \u00f6rnekler ve yap\u0131land\u0131r\u0131lm\u0131\u015f \u015femalar sayesinde dil bilgisi ve kelime bilgisini kolayca, anla\u015f\u0131l\u0131r bi\u00e7imde \u00f6\u011frenirsiniz. &nbsp; Bu kitap Almanca \u00f6\u011freniminin [&hellip;]<\/p>\n","protected":false},"featured_media":15191,"comment_status":"open","ping_status":"closed","template":"","meta":{"_acf_changed":false,"_seopress_robots_primary_cat":"none","_seopress_titles_title":"","_seopress_titles_desc":"","_seopress_robots_index":""},"product_brand":[],"product_cat":[332],"product_tag":[],"class_list":{"0":"post-15034","1":"product","2":"type-product","3":"status-publish","4":"has-post-thumbnail","6":"product_cat-basili-ders-kitabi","8":"first","9":"instock","10":"featured","11":"taxable","12":"shipping-taxable","13":"purchasable","14":"product-type-simple"},"acf":{"\u0442\u0435\u043b\u0435\u0444\u043e\u043d":"","\u0433\u043e\u0434_\u0432\u044b\u043f\u0443\u0441\u043a\u0430":"2019","\u0434\u0430\u0442\u0430_\u0432\u044b\u043f\u0443\u0441\u043a\u0430":"14 Ekim","\u043e\u0431\u044a\u0435\u043c":"280","\u044f\u0437\u044b\u043a":"DE","\u044f\u0437\u044b\u043a_\u043f\u043e\u043b\u043d\u043e\u0441\u0442\u044c\u044e":"Almanca"},"_links":{"self":[{"href":"https:\/\/deutsche-sprache.com\/tr\/wp-json\/wp\/v2\/product\/15034","targetHints":{"allow":["GET"]}}],"collection":[{"href":"https:\/\/deutsche-sprache.com\/tr\/wp-json\/wp\/v2\/product"}],"about":[{"href":"https:\/\/deutsche-sprache.com\/tr\/wp-json\/wp\/v2\/types\/product"}],"replies":[{"embeddable":true,"href":"https:\/\/deutsche-sprache.com\/tr\/wp-json\/wp\/v2\/comments?post=15034"}],"wp:featuredmedia":[{"embeddable":true,"href":"https:\/\/deutsche-sprache.com\/tr\/wp-json\/wp\/v2\/media\/15191"}],"wp:attachment":[{"href":"https:\/\/deutsche-sprache.com\/tr\/wp-json\/wp\/v2\/media?parent=15034"}],"wp:term":[{"taxonomy":"product_brand","embeddable":true,"href":"https:\/\/deutsche-sprache.com\/tr\/wp-json\/wp\/v2\/product_brand?post=15034"},{"taxonomy":"product_cat","embeddable":true,"href":"https:\/\/deutsche-sprache.com\/tr\/wp-json\/wp\/v2\/product_cat?post=15034"},{"taxonomy":"product_tag","embeddable":true,"href":"https:\/\/deutsche-sprache.com\/tr\/wp-json\/wp\/v2\/product_tag?post=15034"}],"curies":[{"name":"wp","href":"https:\/\/api.w.org\/{rel}","templated":true}]}}