{"id":15687,"date":"2026-05-07T14:56:52","date_gmt":"2026-05-07T11:56:52","guid":{"rendered":"https:\/\/deutsche-sprache.com\/%e6%92%a4%e9%94%80%e4%b8%8e%e6%8a%95%e8%af%89%e6%94%bf%e7%ad%96\/"},"modified":"2026-05-07T14:58:31","modified_gmt":"2026-05-07T11:58:31","slug":"%e6%92%a4%e9%94%80%e4%b8%8e%e6%8a%95%e8%af%89%e6%94%bf%e7%ad%96","status":"publish","type":"page","link":"https:\/\/deutsche-sprache.com\/zh-hans\/%e6%92%a4%e9%94%80%e4%b8%8e%e6%8a%95%e8%af%89%e6%94%bf%e7%ad%96\/","title":{"rendered":"\u64a4\u9500\u4e0e\u6295\u8bc9\u653f\u7b56"},"content":{"rendered":"<h3 class=\"wp-block-heading\">{post_title}<\/h3>\n<p><b>\u64a4\u9500\u6743<\/b><\/p>\n<p><span style=\"font-weight: 400;\">\u60a8\u6709\u6743\u5728\u5341\u56db\u5929\u5185\u53d6\u6d88\u672c\u5408\u540c\uff0c\u65e0\u9700\u7ed9\u51fa\u4efb\u4f55\u7406\u7531\u3002\u53d6\u6d88\u671f\u9650\u4e3a\u81ea\u60a8\u6216\u60a8\u6307\u5b9a\u7684\u7b2c\u4e09\u65b9\uff08\u975e\u627f\u8fd0\u4eba\uff09\u5360\u6709\u8d27\u7269\u4e4b\u65e5\u8d77\u5341\u56db\u5929\u3002<\/span><span style=\"font-weight: 400;\"><br\/><\/span><span style=\"font-weight: 400;\">\u5982\u679c\u6570\u5b57\u5185\u5bb9\u4e0d\u662f\u901a\u8fc7\u7269\u7406\u4ecb\u8d28\u4f20\u9012\u7684\uff08\u4f8b\u5982\uff0c<\/span><span style=\"font-weight: 400;\">\u202f<\/span><span style=\"font-weight: 400;\">B.\u5728\u7ebf\u7ec3\u4e60\u3001\u7535\u5b50\u4e66\u3001\u89c6\u9891\uff09\uff0c\u53d6\u6d88\u671f\u4ece\u5408\u540c\u7b7e\u8ba2\u65f6\u5f00\u59cb\u3002<\/span><\/p>\n<p><span style=\"font-weight: 400;\"><br\/><\/span><span style=\"font-weight: 400;\">\u4e3a\u4e86\u884c\u4f7f\u60a8\u7684\u64a4\u9500\u6743\uff0c\u60a8\u5fc5\u987b\u8054\u7cfb\u6211\u4eec<\/span><span style=\"font-weight: 400;\"><br\/><\/span><span style=\"font-weight: 400;\">Dipl.-Ing. German Gazeev<br\/>Helgol\u00e4nder Str. 2A<br\/>30163 Hannover<br\/>\u00a0<br\/>\u63a5\u89e6\uff1a<br\/>\u8054\u7cfb\u4eba\uff1aDipl.-Ing.\u5fb7\u56fd\u52a0\u6cfd\u8036\u592b<\/span><span style=\"font-weight: 400;\">E-Mail: admin@deutsche-sprache.com<\/span><span style=\"font-weight: 400;\"><br\/><\/span><span style=\"font-weight: 400;\"><br\/><\/span><span style=\"font-weight: 400;\">\u901a\u8fc7\u660e\u786e\u7684\u89e3\u91ca\uff08\u4f8b\u5982<\/span><span style=\"font-weight: 400;\">\u202f<\/span><span style=\"font-weight: 400;\">\uff08\u4f8b\u5982\u901a\u8fc7\u90ae\u5bc4\u6216\u7535\u5b50\u90ae\u4ef6\u53d1\u9001\u7684\u4fe1\u4ef6\uff09\u901a\u77e5\u60a8\u9000\u51fa\u672c\u5408\u540c\u7684\u51b3\u5b9a\u3002\u60a8\u53ef\u4ee5\u4f7f\u7528\u968f\u9644\u7684\u53d6\u6d88\u8868\u683c\u6837\u672c\uff0c\u4f46\u8fd9\u4e0d\u662f\u5f3a\u5236\u6027\u7684\u3002<\/span><span style=\"font-weight: 400;\"><br\/><\/span><span style=\"font-weight: 400;\"><br\/><\/span><span style=\"font-weight: 400;\">\u4e3a\u4e86\u6ee1\u8db3\u53d6\u6d88\u671f\u9650\uff0c\u60a8\u53ea\u9700\u5728\u671f\u9650\u5c4a\u6ee1\u4e4b\u524d\u53d1\u9001\u884c\u4f7f\u53d6\u6d88\u6743\u7684\u901a\u77e5\u5373\u53ef\u3002<\/span><\/p>\n<p><b>\u64a4\u9500\u7684\u540e\u679c<\/b><\/p>\n<p><span style=\"font-weight: 400;\">\u5982\u679c\u60a8\u64a4\u9500\u672c\u5408\u540c\uff0c\u6211\u4eec\u5fc5\u987b\u7acb\u5373\uff08\u6700\u8fdf\u5728\u6211\u4eec\u6536\u5230\u60a8\u64a4\u9500\u901a\u77e5\u4e4b\u65e5\u8d77\u5341\u56db\u5929\u5185\uff09\u5411\u60a8\u507f\u8fd8\u6211\u4eec\u4ece\u60a8\u90a3\u91cc\u6536\u5230\u7684\u6240\u6709\u4ed8\u6b3e\uff0c\u5305\u62ec\u8fd0\u8d39\uff08\u7531\u4e8e\u60a8\u9009\u62e9\u6211\u4eec\u63d0\u4f9b\u7684\u6700\u4fbf\u5b9c\u7684\u6807\u51c6\u9001\u8d27\u4e4b\u5916\u7684\u9001\u8d27\u7c7b\u578b\u800c\u4ea7\u751f\u7684\u989d\u5916\u8d39\u7528\u9664\u5916\uff09\u3002<\/span><span style=\"font-weight: 400;\"><br\/><\/span><span style=\"font-weight: 400;\">\u5bf9\u4e8e\u6b64\u6b21\u8fd8\u6b3e\uff0c\u6211\u4eec\u4f7f\u7528\u60a8\u5728\u539f\u59cb\u4ea4\u6613\u4e2d\u4f7f\u7528\u7684\u76f8\u540c\u4ed8\u6b3e\u65b9\u5f0f\uff0c\u9664\u975e\u4e0e\u60a8\u660e\u786e\u540c\u610f\u4e0d\u540c\u7684\u4ed8\u6b3e\u65b9\u5f0f\uff1b\u5728\u4efb\u4f55\u60c5\u51b5\u4e0b\uff0c\u60a8\u90fd\u4e0d\u4f1a\u56e0\u6b64\u6b21\u8fd8\u6b3e\u800c\u88ab\u6536\u53d6\u4efb\u4f55\u8d39\u7528\u3002<\/span><span style=\"font-weight: 400;\"><br\/><\/span><span style=\"font-weight: 400;\">\u5728\u6536\u5230\u9000\u56de\u7684\u8d27\u7269\u4e4b\u524d\uff0c\u6211\u4eec\u53ef\u4ee5\u62d2\u7edd\u9000\u6b3e\u3002<\/span><span style=\"font-weight: 400;\"><br\/><\/span><span style=\"font-weight: 400;\">\u60a8\u5fc5\u987b\u7acb\u5373\u5c06\u8d27\u7269\u9000\u56de\u6216\u79fb\u4ea4\u7ed9\u6211\u4eec\uff0c\u5e76\u4e14\u5728\u4efb\u4f55\u60c5\u51b5\u4e0b\u4e0d\u5f97\u665a\u4e8e\u60a8\u901a\u77e5\u6211\u4eec\u53d6\u6d88\u672c\u5408\u540c\u4e4b\u65e5\u8d77\u7684\u5341\u56db\u5929\u5185\u3002\u5982\u679c\u60a8\u5728\u5341\u56db\u5929\u671f\u9650\u5c4a\u6ee1\u4e4b\u524d\u53d1\u9001\u8d27\u7269\uff0c\u5219\u7b26\u5408\u622a\u6b62\u65e5\u671f\u3002<\/span><span style=\"font-weight: 400;\"><br\/><\/span><span style=\"font-weight: 400;\">\u60a8\u627f\u62c5\u9000\u8d27\u7684\u76f4\u63a5\u8d39\u7528\u3002<\/span><\/p>\n<p><b>\u64a4\u9500\u6743\u7684\u6392\u9664\u6216\u63d0\u524d\u7ec8\u6b62<\/b><\/p>\n<p><span style=\"font-weight: 400;\">\u5982\u679c\u4f01\u4e1a\u5bb6\u5728\u6d88\u8d39\u8005\u660e\u786e\u540c\u610f\u4f01\u4e1a\u5bb6\u5c06\u5728\u64a4\u56de\u671f\u7ed3\u675f\u4e4b\u524d\u5f00\u59cb\u6267\u884c\u5408\u540c\u5e76\u786e\u8ba4\u4ed6\u77e5\u9053\uff0c\u901a\u8fc7\u7ed9\u4e88\u540c\u610f\uff0c\u4ed6\u5c06\u5931\u53bb\u4ece\u6267\u884c\u5f00\u59cb\u8d77\u7684\u64a4\u56de\u6743\u540e\uff0c\u4f01\u4e1a\u5bb6\u5c31\u5f00\u59cb\u6267\u884c\u5408\u540c\uff0c\u5219\u64a4\u56de\u6743\u4e0d\u9002\u7528\u4e8e\u975e\u7269\u7406\u4ecb\u8d28\u4ea4\u4ed8\u7684\u6570\u5b57\u5185\u5bb9\u4ea4\u4ed8\u5408\u540c\u3002<\/span><\/p>\n<p><b>\u9000\u8d27\u8fd0\u8d39\u548c\u8d27\u7269\u72b6\u51b5<\/b><\/p>\n<p><span style=\"font-weight: 400;\">\u8bf7\u4ec5\u5bc4\u56de\u5b8c\u597d\u65e0\u635f\u7684\u4e66\u7c4d\u3002\u4ec5\u5f53\u4e66\u7c4d\u672a\u635f\u574f\u3001\u672a\u5728\u5176\u4e0a\u4e66\u5199\u4e14\u672a\u8d85\u51fa\u901a\u5e38\u9650\u5236\u7684\u60c5\u51b5\u4e0b\u624d\u53ef\u4ee5\u9000\u8d27\u3002<\/span><span style=\"font-weight: 400;\"><br\/><\/span><span style=\"font-weight: 400;\">\u5bf9\u4e8e\u5e26\u6709\u660e\u663e\u4f7f\u7528\u8ff9\u8c61\u7684\u9000\u8d27\uff08\u4f8b\u5982<\/span><span style=\"font-weight: 400;\">\u202f<\/span><span style=\"font-weight: 400;\">B.\u624b\u5199\u5b57\u6761\u3001\u6298\u89d2\u3001\u6c61\u6e0d\u6216\u6495\u88c2\uff09\u5982\u8d85\u51fa\u6b63\u5e38\u68c0\u67e5\u8303\u56f4\uff0c\u6211\u4eec\u4fdd\u7559\u6263\u9664\u8d54\u507f\u6216\u62d2\u7edd\u9000\u8d27\u7684\u6743\u5229\u3002<\/span><span style=\"font-weight: 400;\"><br\/><\/span><span style=\"font-weight: 400;\">\u5982\u679c\u7531\u4e8e\u672a\u68c0\u67e5\u72b6\u51b5\u3001\u5c5e\u6027\u548c\u529f\u80fd\u800c\u8fdb\u884c\u5904\u7406\u800c\u5bfc\u81f4\u8d27\u7269\u4ef7\u503c\u635f\u5931\uff0c\u5219\u4e70\u65b9\u5e94\u5bf9\u8d27\u7269\u4ef7\u503c\u635f\u5931\u627f\u62c5\u8d23\u4efb\u3002<\/span><\/p>\n<p><b>\u5feb\u9012\u635f\u574f\u6295\u8bc9<\/b><\/p>\n<p><span style=\"font-weight: 400;\">Sollte das Produkt bei Lieferung besch\u00e4digt oder fehlerhaft sein, kontaktieren Sie uns bitte umgehend per E-Mail an admin@deutsche-sprache.com. Wir k\u00fcmmern uns schnellstm\u00f6glich um Ersatz oder R\u00fcckerstattung.<\/span><\/p>\n<p><b>\u53d6\u6d88\u8868\u683c\u6837\u672c<\/b><\/p>\n<p><span style=\"font-weight: 400;\">\u5982\u679c\u60a8\u60f3\u53d6\u6d88\u5408\u540c\uff0c\u8bf7\u586b\u5199\u6b64\u8868\u683c\u5e76\u53d1\u56de\uff1a<\/span><span style=\"font-weight: 400;\"><br\/><\/span><span style=\"font-weight: 400;\"><br\/><\/span><span style=\"font-weight: 400;\">Dipl.-Ing. German Gazeev<br\/>Helgol\u00e4nder Str. 2A<br\/>30163 Hannover<br\/>\u00a0<br\/>\u63a5\u89e6\uff1a<br\/>\u8054\u7cfb\u4eba\uff1aDipl.-Ing.\u5fb7\u56fd\u52a0\u6cfd\u8036\u592b<\/span><span style=\"font-weight: 400;\">E-Mail: admin@deutsche-sprache.com<\/span><span style=\"font-weight: 400;\"><br\/><\/span><span style=\"font-weight: 400;\"><br\/><\/span><span style=\"font-weight: 400;\">\u6211\u7279\u6b64\u64a4\u9500\u6211\u6240\u7b7e\u8ba2\u7684\u8d2d\u4e70\u4ee5\u4e0b\u5546\u54c1\/\u63d0\u4f9b\u4ee5\u4e0b\u670d\u52a1\u7684\u5408\u540c\uff1a<\/span><span style=\"font-weight: 400;\"><br\/><\/span><span style=\"font-weight: 400;\">________________________________________________________<\/span><span style=\"font-weight: 400;\"><br\/><\/span><span style=\"font-weight: 400;\">\u8ba2\u8d2d\u65e5\u671f\uff1a___________________<\/span><span style=\"font-weight: 400;\"><br\/><\/span><span style=\"font-weight: 400;\">\u6536\u5230\u65e5\u671f\uff1a___________________<\/span><span style=\"font-weight: 400;\"><br\/><\/span><span style=\"font-weight: 400;\">\u6d88\u8d39\u8005\u59d3\u540d\uff1a_________________________________<\/span><span style=\"font-weight: 400;\"><br\/><\/span><span style=\"font-weight: 400;\">\u6d88\u8d39\u8005\u5730\u5740\uff1a_____________________________<\/span><span style=\"font-weight: 400;\"><br\/><\/span><span style=\"font-weight: 400;\">________________________________________________________<\/span><span style=\"font-weight: 400;\"><br\/><\/span><span style=\"font-weight: 400;\">\u6d88\u8d39\u8005\u7b7e\u540d\uff08\u4ec5\u9002\u7528\u4e8e\u7eb8\u8d28\u901a\u77e5\uff09\uff1a<\/span><span style=\"font-weight: 400;\"><br\/><\/span><span style=\"font-weight: 400;\">________________________________________________________<\/span><span style=\"font-weight: 400;\"><br\/><\/span><span style=\"font-weight: 400;\">\u65e5\u671f\uff1a ___________________<\/span><\/p>","protected":false},"excerpt":{"rendered":"<p>{post_title} \u64a4\u9500\u6743 \u60a8\u6709\u6743\u5728\u5341\u56db\u5929\u5185\u53d6\u6d88\u672c\u5408\u540c\uff0c\u65e0\u9700\u7ed9\u51fa\u4efb\u4f55\u7406\u7531\u3002\u53d6\u6d88\u671f\u9650\u4e3a\u81ea\u60a8\u6216\u60a8\u6307\u5b9a\u7684\u7b2c\u4e09\u65b9 [&hellip;]<\/p>\n","protected":false},"author":1,"featured_media":0,"parent":0,"menu_order":0,"comment_status":"closed","ping_status":"closed","template":"","meta":{"_acf_changed":false,"_seopress_robots_primary_cat":"","_seopress_titles_title":"","_seopress_titles_desc":"","_seopress_robots_index":"","footnotes":""},"class_list":["post-15687","page","type-page","status-publish"],"acf":{"\u0442\u0435\u043b\u0435\u0444\u043e\u043d":""},"_links":{"self":[{"href":"https:\/\/deutsche-sprache.com\/zh-hans\/wp-json\/wp\/v2\/pages\/15687","targetHints":{"allow":["GET"]}}],"collection":[{"href":"https:\/\/deutsche-sprache.com\/zh-hans\/wp-json\/wp\/v2\/pages"}],"about":[{"href":"https:\/\/deutsche-sprache.com\/zh-hans\/wp-json\/wp\/v2\/types\/page"}],"author":[{"embeddable":true,"href":"https:\/\/deutsche-sprache.com\/zh-hans\/wp-json\/wp\/v2\/users\/1"}],"replies":[{"embeddable":true,"href":"https:\/\/deutsche-sprache.com\/zh-hans\/wp-json\/wp\/v2\/comments?post=15687"}],"version-history":[{"count":1,"href":"https:\/\/deutsche-sprache.com\/zh-hans\/wp-json\/wp\/v2\/pages\/15687\/revisions"}],"predecessor-version":[{"id":15689,"href":"https:\/\/deutsche-sprache.com\/zh-hans\/wp-json\/wp\/v2\/pages\/15687\/revisions\/15689"}],"wp:attachment":[{"href":"https:\/\/deutsche-sprache.com\/zh-hans\/wp-json\/wp\/v2\/media?parent=15687"}],"curies":[{"name":"wp","href":"https:\/\/api.w.org\/{rel}","templated":true}]}}